{"id":956,"date":"2021-01-29T13:25:26","date_gmt":"2021-01-29T13:25:26","guid":{"rendered":"https:\/\/satamuna-fi.hel6.wp-cloud.dev\/?page_id=956"},"modified":"2023-03-04T09:54:43","modified_gmt":"2023-03-04T07:54:43","slug":"arjen-tekoja","status":"publish","type":"page","link":"https:\/\/satamuna.fi\/sv\/arjen-tekoja\/","title":{"rendered":"Arjen tekoja"},"content":{"rendered":"\t\t<div data-elementor-type=\"wp-page\" data-elementor-id=\"956\" class=\"elementor elementor-956\" data-elementor-post-type=\"page\">\n\t\t\t\t\t\t<section class=\"elementor-section elementor-top-section elementor-element elementor-element-ea140ef animated-slow elementor-section-boxed elementor-section-height-default elementor-section-height-default elementor-invisible\" data-id=\"ea140ef\" data-element_type=\"section\" data-e-type=\"section\" data-settings=\"{&quot;motion_fx_motion_fx_scrolling&quot;:&quot;yes&quot;,&quot;animation&quot;:&quot;fadeIn&quot;,&quot;motion_fx_devices&quot;:[&quot;desktop&quot;,&quot;tablet&quot;,&quot;mobile&quot;]}\">\n\t\t\t\t\t\t<div class=\"elementor-container elementor-column-gap-default\">\n\t\t\t\t\t<div class=\"elementor-column elementor-col-100 elementor-top-column elementor-element elementor-element-962be02\" data-id=\"962be02\" data-element_type=\"column\" data-e-type=\"column\">\n\t\t\t<div class=\"elementor-widget-wrap elementor-element-populated\">\n\t\t\t\t\t\t<div class=\"elementor-element elementor-element-2ef10e3 elementor-widget elementor-widget-image\" data-id=\"2ef10e3\" data-element_type=\"widget\" data-e-type=\"widget\" data-widget_type=\"image.default\">\n\t\t\t\t<div class=\"elementor-widget-container\">\n\t\t\t\t\t\t\t\t\t\t\t\t\t\t\t<img fetchpriority=\"high\" decoding=\"async\" width=\"1536\" height=\"864\" src=\"https:\/\/satamuna.fi\/wp-content\/uploads\/2021\/01\/little-girl-with-her-little-red-hen--e1612111874127-1536x864.jpg\" class=\"attachment-1536x1536 size-1536x1536 wp-image-958\" alt=\"Little girl with her little red hen.\" srcset=\"https:\/\/satamuna.fi\/wp-content\/uploads\/2021\/01\/little-girl-with-her-little-red-hen--e1612111874127-1536x864.jpg 1536w, https:\/\/satamuna.fi\/wp-content\/uploads\/2021\/01\/little-girl-with-her-little-red-hen--e1612111874127-300x169.jpg 300w, https:\/\/satamuna.fi\/wp-content\/uploads\/2021\/01\/little-girl-with-her-little-red-hen--e1612111874127-1024x576.jpg 1024w, https:\/\/satamuna.fi\/wp-content\/uploads\/2021\/01\/little-girl-with-her-little-red-hen--e1612111874127-768x432.jpg 768w\" sizes=\"(max-width: 1536px) 100vw, 1536px\" \/>\t\t\t\t\t\t\t\t\t\t\t\t\t\t\t<\/div>\n\t\t\t\t<\/div>\n\t\t\t\t\t<\/div>\n\t\t<\/div>\n\t\t\t\t\t<\/div>\n\t\t<\/section>\n\t\t\t\t<section class=\"elementor-section elementor-top-section elementor-element elementor-element-ccb64f1 animated-slow elementor-section-boxed elementor-section-height-default elementor-section-height-default elementor-invisible\" data-id=\"ccb64f1\" data-element_type=\"section\" data-e-type=\"section\" data-settings=\"{&quot;motion_fx_motion_fx_scrolling&quot;:&quot;yes&quot;,&quot;animation&quot;:&quot;fadeIn&quot;,&quot;motion_fx_devices&quot;:[&quot;desktop&quot;,&quot;tablet&quot;,&quot;mobile&quot;]}\">\n\t\t\t\t\t\t<div class=\"elementor-container elementor-column-gap-default\">\n\t\t\t\t\t<div class=\"elementor-column elementor-col-100 elementor-top-column elementor-element elementor-element-147b692\" data-id=\"147b692\" data-element_type=\"column\" data-e-type=\"column\">\n\t\t\t<div class=\"elementor-widget-wrap elementor-element-populated\">\n\t\t\t\t\t\t<div class=\"elementor-element elementor-element-ec16f44 elementor-widget elementor-widget-spacer\" data-id=\"ec16f44\" data-element_type=\"widget\" data-e-type=\"widget\" data-widget_type=\"spacer.default\">\n\t\t\t\t<div class=\"elementor-widget-container\">\n\t\t\t\t\t\t\t<div class=\"elementor-spacer\">\n\t\t\t<div class=\"elementor-spacer-inner\"><\/div>\n\t\t<\/div>\n\t\t\t\t\t\t<\/div>\n\t\t\t\t<\/div>\n\t\t\t\t<div class=\"elementor-element elementor-element-d9216f5 elementor-widget elementor-widget-heading\" data-id=\"d9216f5\" data-element_type=\"widget\" data-e-type=\"widget\" data-widget_type=\"heading.default\">\n\t\t\t\t<div class=\"elementor-widget-container\">\n\t\t\t\t\t<h2 class=\"elementor-heading-title elementor-size-default\">Luontoa s\u00e4\u00e4st\u00e4vi\u00e4 arjen ratkaisuja<\/h2>\t\t\t\t<\/div>\n\t\t\t\t<\/div>\n\t\t\t\t\t<\/div>\n\t\t<\/div>\n\t\t\t\t\t<\/div>\n\t\t<\/section>\n\t\t\t\t<section class=\"elementor-section elementor-top-section elementor-element elementor-element-8953c96 animated-slow elementor-section-boxed elementor-section-height-default elementor-section-height-default elementor-invisible\" data-id=\"8953c96\" data-element_type=\"section\" data-e-type=\"section\" data-settings=\"{&quot;motion_fx_motion_fx_scrolling&quot;:&quot;yes&quot;,&quot;animation&quot;:&quot;fadeIn&quot;,&quot;motion_fx_devices&quot;:[&quot;desktop&quot;,&quot;tablet&quot;,&quot;mobile&quot;]}\">\n\t\t\t\t\t\t<div class=\"elementor-container elementor-column-gap-default\">\n\t\t\t\t\t<div class=\"elementor-column elementor-col-100 elementor-top-column elementor-element elementor-element-c749e66\" data-id=\"c749e66\" data-element_type=\"column\" data-e-type=\"column\">\n\t\t\t<div class=\"elementor-widget-wrap elementor-element-populated\">\n\t\t\t\t\t\t<div class=\"elementor-element elementor-element-0aa63a6 elementor-widget elementor-widget-text-editor\" data-id=\"0aa63a6\" data-element_type=\"widget\" data-e-type=\"widget\" data-widget_type=\"text-editor.default\">\n\t\t\t\t<div class=\"elementor-widget-container\">\n\t\t\t\t\t\t\t\t\t<p>Kananmuna itsess\u00e4\u00e4nkin on yksi parhaista el\u00e4inper\u00e4isist\u00e4 proteiininl\u00e4hteist\u00e4 ymp\u00e4rist\u00f6n n\u00e4k\u00f6kulmasta. Kananmunan hiilijalanj\u00e4lki on pieni verrattuna lihaan ja juustoon, mutta se on my\u00f6s pienempi kuin vaikkapa riisin, kasvi\u00f6ljyn tai kasvihuonekurkun ja -tomaatin.&nbsp;Kanojen nauttima rehu koostuu esimerkiksi p\u00e4\u00e4osin kotimaisista viljoista, n\u00e4in mm. rehukuljetusten p\u00e4\u00e4st\u00f6t on minimoitu.<br><br><\/p>\n<p><\/p>\n<p>Yrityksemme toimitilat l\u00e4mpenev\u00e4t maal\u00e4mm\u00f6n avustuksella. Lis\u00e4ksi ilmanvaihto on uusittu hiljattain l\u00e4mm\u00f6n talteenottavaksi. Ja kes\u00e4isin toimitilamme j\u00e4\u00e4hdytet\u00e4\u00e4n maasta saatavan kylm\u00e4n avulla. My\u00f6s toimitilojemme valaistus on vaihdettu LED-tekniikkaan perustuvaksi.<br><br><\/p>\n<p><\/p>\n<p>Yrityksemme sopimusautoilijoiden kuljetuskalusto t\u00e4ytt\u00e4\u00e4 tiukat Euro 6 -p\u00e4\u00e4st\u00f6luokitukset. Lis\u00e4ksi olemme siirtyneet k\u00e4ytt\u00e4m\u00e4\u00e4n ker\u00e4ilyss\u00e4 moduulimittaista kalustoa minimoidaksemme ajokilometrit.<br><br><\/p>\n<p><\/p>\n<p>Paitsi, ett\u00e4 kartonkipakkaukset voidaan tietysti kierr\u00e4tt\u00e4\u00e4, olemme my\u00f6s siirtyneet uusiok\u00e4ytett\u00e4viin ja pest\u00e4viin tuottajakeruutarvikkeisiin sek\u00e4 kierr\u00e4tett\u00e4viin lavoihin. Lis\u00e4ksi esimerkiksi lavakokojen optimoinnilla onnistuimme kasvattamaan lavatehokkuuksia jopa 40 %.<\/p><p><br><\/p>\t\t\t\t\t\t\t\t<\/div>\n\t\t\t\t<\/div>\n\t\t\t\t\t<\/div>\n\t\t<\/div>\n\t\t\t\t\t<\/div>\n\t\t<\/section>\n\t\t\t\t<section class=\"elementor-section elementor-top-section elementor-element elementor-element-b753199 elementor-section-boxed elementor-section-height-default elementor-section-height-default\" data-id=\"b753199\" data-element_type=\"section\" data-e-type=\"section\">\n\t\t\t\t\t\t<div class=\"elementor-container elementor-column-gap-default\">\n\t\t\t\t\t<div class=\"elementor-column elementor-col-100 elementor-top-column elementor-element elementor-element-ca48b1f\" data-id=\"ca48b1f\" data-element_type=\"column\" data-e-type=\"column\">\n\t\t\t<div class=\"elementor-widget-wrap elementor-element-populated\">\n\t\t\t\t\t\t<div class=\"elementor-element elementor-element-f5db339 elementor-mobile-align-justify elementor-widget elementor-widget-button\" data-id=\"f5db339\" data-element_type=\"widget\" data-e-type=\"widget\" data-widget_type=\"button.default\">\n\t\t\t\t<div class=\"elementor-widget-container\">\n\t\t\t\t\t\t\t\t\t<div class=\"elementor-button-wrapper\">\n\t\t\t\t\t<a class=\"elementor-button elementor-button-link elementor-size-sm\" href=\"https:\/\/satamuna.fi\/100-kierratyskenno\/\">\n\t\t\t\t\t\t<span class=\"elementor-button-content-wrapper\">\n\t\t\t\t\t\t\t\t\t<span class=\"elementor-button-text\">100% kierr\u00e4tyskenno<\/span>\n\t\t\t\t\t<\/span>\n\t\t\t\t\t<\/a>\n\t\t\t\t<\/div>\n\t\t\t\t\t\t\t\t<\/div>\n\t\t\t\t<\/div>\n\t\t\t\t\t<\/div>\n\t\t<\/div>\n\t\t\t\t\t<\/div>\n\t\t<\/section>\n\t\t\t\t<section class=\"elementor-section elementor-top-section elementor-element elementor-element-aeaf5fb elementor-section-boxed elementor-section-height-default elementor-section-height-default\" data-id=\"aeaf5fb\" data-element_type=\"section\" data-e-type=\"section\">\n\t\t\t\t\t\t<div class=\"elementor-container elementor-column-gap-default\">\n\t\t\t\t\t<div class=\"elementor-column elementor-col-100 elementor-top-column elementor-element elementor-element-6d2ee3b\" data-id=\"6d2ee3b\" data-element_type=\"column\" data-e-type=\"column\">\n\t\t\t<div class=\"elementor-widget-wrap elementor-element-populated\">\n\t\t\t\t\t\t<div class=\"elementor-element elementor-element-9c686f0 elementor-widget-divider--view-line elementor-widget elementor-widget-divider\" data-id=\"9c686f0\" data-element_type=\"widget\" data-e-type=\"widget\" data-widget_type=\"divider.default\">\n\t\t\t\t<div class=\"elementor-widget-container\">\n\t\t\t\t\t\t\t<div class=\"elementor-divider\">\n\t\t\t<span class=\"elementor-divider-separator\">\n\t\t\t\t\t\t<\/span>\n\t\t<\/div>\n\t\t\t\t\t\t<\/div>\n\t\t\t\t<\/div>\n\t\t\t\t\t<\/div>\n\t\t<\/div>\n\t\t\t\t\t<\/div>\n\t\t<\/section>\n\t\t\t\t<\/div>\n\t\t","protected":false},"excerpt":{"rendered":"<p>Luontoa s\u00e4\u00e4st\u00e4vi\u00e4 arjen ratkaisuja Kananmuna itsess\u00e4\u00e4nkin on yksi parhaista el\u00e4inper\u00e4isist\u00e4 proteiininl\u00e4hteist\u00e4 ymp\u00e4rist\u00f6n n\u00e4k\u00f6kulmasta. Kananmunan hiilijalanj\u00e4lki on pieni verrattuna lihaan ja juustoon, mutta se on my\u00f6s pienempi kuin vaikkapa riisin, kasvi\u00f6ljyn tai kasvihuonekurkun ja -tomaatin.&nbsp;Kanojen nauttima rehu koostuu esimerkiksi p\u00e4\u00e4osin kotimaisista viljoista, n\u00e4in mm. rehukuljetusten p\u00e4\u00e4st\u00f6t on minimoitu. Yrityksemme toimitilat l\u00e4mpenev\u00e4t maal\u00e4mm\u00f6n avustuksella. Lis\u00e4ksi ilmanvaihto on&hellip;&nbsp;<a href=\"https:\/\/satamuna.fi\/sv\/arjen-tekoja\/\" rel=\"bookmark\">L\u00e4s mer &raquo;<span class=\"screen-reader-text\">Arjen tekoja<\/span><\/a><\/p>","protected":false},"author":1,"featured_media":0,"parent":0,"menu_order":0,"comment_status":"closed","ping_status":"closed","template":"page-templates\/template-pagebuilder-full-width.php","meta":{"neve_meta_sidebar":"full-width","neve_meta_container":"","neve_meta_enable_content_width":"on","neve_meta_content_width":100,"neve_meta_title_alignment":"","neve_meta_author_avatar":"","neve_post_elements_order":"","neve_meta_disable_header":"","neve_meta_disable_footer":"","neve_meta_disable_title":"","footnotes":""},"class_list":["post-956","page","type-page","status-publish","hentry"],"yoast_head":"<!-- This site is optimized with the Yoast SEO plugin v27.3 - https:\/\/yoast.com\/product\/yoast-seo-wordpress\/ -->\n<title>Arjen tekoja - SATAMUNA<\/title>\n<meta name=\"robots\" content=\"index, follow, max-snippet:-1, max-image-preview:large, max-video-preview:-1\" \/>\n<link rel=\"canonical\" href=\"https:\/\/satamuna.fi\/sv\/arjen-tekoja\/\" \/>\n<meta property=\"og:locale\" content=\"sv_SE\" \/>\n<meta property=\"og:type\" content=\"article\" \/>\n<meta property=\"og:title\" content=\"Arjen tekoja - SATAMUNA\" \/>\n<meta property=\"og:description\" content=\"Luontoa s\u00e4\u00e4st\u00e4vi\u00e4 arjen ratkaisuja Kananmuna itsess\u00e4\u00e4nkin on yksi parhaista el\u00e4inper\u00e4isist\u00e4 proteiininl\u00e4hteist\u00e4 ymp\u00e4rist\u00f6n n\u00e4k\u00f6kulmasta. Kananmunan hiilijalanj\u00e4lki on pieni verrattuna lihaan ja juustoon, mutta se on my\u00f6s pienempi kuin vaikkapa riisin, kasvi\u00f6ljyn tai kasvihuonekurkun ja -tomaatin.&nbsp;Kanojen nauttima rehu koostuu esimerkiksi p\u00e4\u00e4osin kotimaisista viljoista, n\u00e4in mm. rehukuljetusten p\u00e4\u00e4st\u00f6t on minimoitu. Yrityksemme toimitilat l\u00e4mpenev\u00e4t maal\u00e4mm\u00f6n avustuksella. Lis\u00e4ksi ilmanvaihto on&hellip;&nbsp;L\u00e4s mer &raquo;Arjen tekoja\" \/>\n<meta property=\"og:url\" content=\"https:\/\/satamuna.fi\/sv\/arjen-tekoja\/\" \/>\n<meta property=\"og:site_name\" content=\"SATAMUNA\" \/>\n<meta property=\"article:modified_time\" content=\"2023-03-04T07:54:43+00:00\" \/>\n<meta property=\"og:image\" content=\"https:\/\/satamuna.fi\/wp-content\/uploads\/2021\/01\/little-girl-with-her-little-red-hen--e1612111874127-1536x864.jpg\" \/>\n<meta name=\"twitter:card\" content=\"summary_large_image\" \/>\n<meta name=\"twitter:label1\" content=\"Ber\u00e4knad l\u00e4stid\" \/>\n\t<meta name=\"twitter:data1\" content=\"1 minut\" \/>\n<script type=\"application\/ld+json\" class=\"yoast-schema-graph\">{\"@context\":\"https:\\\/\\\/schema.org\",\"@graph\":[{\"@type\":\"WebPage\",\"@id\":\"https:\\\/\\\/satamuna.fi\\\/en\\\/arjen-tekoja\\\/\",\"url\":\"https:\\\/\\\/satamuna.fi\\\/en\\\/arjen-tekoja\\\/\",\"name\":\"Arjen tekoja - SATAMUNA\",\"isPartOf\":{\"@id\":\"https:\\\/\\\/satamuna.fi\\\/en\\\/#website\"},\"primaryImageOfPage\":{\"@id\":\"https:\\\/\\\/satamuna.fi\\\/en\\\/arjen-tekoja\\\/#primaryimage\"},\"image\":{\"@id\":\"https:\\\/\\\/satamuna.fi\\\/en\\\/arjen-tekoja\\\/#primaryimage\"},\"thumbnailUrl\":\"https:\\\/\\\/satamuna.fi\\\/wp-content\\\/uploads\\\/2021\\\/01\\\/little-girl-with-her-little-red-hen--e1612111874127-1536x864.jpg\",\"datePublished\":\"2021-01-29T13:25:26+00:00\",\"dateModified\":\"2023-03-04T07:54:43+00:00\",\"breadcrumb\":{\"@id\":\"https:\\\/\\\/satamuna.fi\\\/en\\\/arjen-tekoja\\\/#breadcrumb\"},\"inLanguage\":\"sv-SE\",\"potentialAction\":[{\"@type\":\"ReadAction\",\"target\":[\"https:\\\/\\\/satamuna.fi\\\/en\\\/arjen-tekoja\\\/\"]}]},{\"@type\":\"ImageObject\",\"inLanguage\":\"sv-SE\",\"@id\":\"https:\\\/\\\/satamuna.fi\\\/en\\\/arjen-tekoja\\\/#primaryimage\",\"url\":\"https:\\\/\\\/satamuna.fi\\\/wp-content\\\/uploads\\\/2021\\\/01\\\/little-girl-with-her-little-red-hen--e1612111874127-1536x864.jpg\",\"contentUrl\":\"https:\\\/\\\/satamuna.fi\\\/wp-content\\\/uploads\\\/2021\\\/01\\\/little-girl-with-her-little-red-hen--e1612111874127-1536x864.jpg\"},{\"@type\":\"BreadcrumbList\",\"@id\":\"https:\\\/\\\/satamuna.fi\\\/en\\\/arjen-tekoja\\\/#breadcrumb\",\"itemListElement\":[{\"@type\":\"ListItem\",\"position\":1,\"name\":\"Etusivu\",\"item\":\"https:\\\/\\\/satamuna.fi\\\/\"},{\"@type\":\"ListItem\",\"position\":2,\"name\":\"Arjen tekoja\"}]},{\"@type\":\"WebSite\",\"@id\":\"https:\\\/\\\/satamuna.fi\\\/en\\\/#website\",\"url\":\"https:\\\/\\\/satamuna.fi\\\/en\\\/\",\"name\":\"SATAMUNA\",\"description\":\"Se oikea soikea\",\"publisher\":{\"@id\":\"https:\\\/\\\/satamuna.fi\\\/en\\\/#organization\"},\"potentialAction\":[{\"@type\":\"SearchAction\",\"target\":{\"@type\":\"EntryPoint\",\"urlTemplate\":\"https:\\\/\\\/satamuna.fi\\\/en\\\/?s={search_term_string}\"},\"query-input\":{\"@type\":\"PropertyValueSpecification\",\"valueRequired\":true,\"valueName\":\"search_term_string\"}}],\"inLanguage\":\"sv-SE\"},{\"@type\":\"Organization\",\"@id\":\"https:\\\/\\\/satamuna.fi\\\/en\\\/#organization\",\"name\":\"SATAMUNA\",\"url\":\"https:\\\/\\\/satamuna.fi\\\/en\\\/\",\"logo\":{\"@type\":\"ImageObject\",\"inLanguage\":\"sv-SE\",\"@id\":\"https:\\\/\\\/satamuna.fi\\\/en\\\/#\\\/schema\\\/logo\\\/image\\\/\",\"url\":\"https:\\\/\\\/satamuna.fi\\\/wp-content\\\/uploads\\\/2021\\\/01\\\/SATAMUNA_LOGO_WWW.png\",\"contentUrl\":\"https:\\\/\\\/satamuna.fi\\\/wp-content\\\/uploads\\\/2021\\\/01\\\/SATAMUNA_LOGO_WWW.png\",\"width\":500,\"height\":140,\"caption\":\"SATAMUNA\"},\"image\":{\"@id\":\"https:\\\/\\\/satamuna.fi\\\/en\\\/#\\\/schema\\\/logo\\\/image\\\/\"}}]}<\/script>\n<!-- \/ Yoast SEO plugin. -->","yoast_head_json":{"title":"Arjen tekoja - SATAMUNA","robots":{"index":"index","follow":"follow","max-snippet":"max-snippet:-1","max-image-preview":"max-image-preview:large","max-video-preview":"max-video-preview:-1"},"canonical":"https:\/\/satamuna.fi\/sv\/arjen-tekoja\/","og_locale":"sv_SE","og_type":"article","og_title":"Arjen tekoja - SATAMUNA","og_description":"Luontoa s\u00e4\u00e4st\u00e4vi\u00e4 arjen ratkaisuja Kananmuna itsess\u00e4\u00e4nkin on yksi parhaista el\u00e4inper\u00e4isist\u00e4 proteiininl\u00e4hteist\u00e4 ymp\u00e4rist\u00f6n n\u00e4k\u00f6kulmasta. Kananmunan hiilijalanj\u00e4lki on pieni verrattuna lihaan ja juustoon, mutta se on my\u00f6s pienempi kuin vaikkapa riisin, kasvi\u00f6ljyn tai kasvihuonekurkun ja -tomaatin.&nbsp;Kanojen nauttima rehu koostuu esimerkiksi p\u00e4\u00e4osin kotimaisista viljoista, n\u00e4in mm. rehukuljetusten p\u00e4\u00e4st\u00f6t on minimoitu. Yrityksemme toimitilat l\u00e4mpenev\u00e4t maal\u00e4mm\u00f6n avustuksella. Lis\u00e4ksi ilmanvaihto on&hellip;&nbsp;L\u00e4s mer &raquo;Arjen tekoja","og_url":"https:\/\/satamuna.fi\/sv\/arjen-tekoja\/","og_site_name":"SATAMUNA","article_modified_time":"2023-03-04T07:54:43+00:00","og_image":[{"url":"https:\/\/satamuna.fi\/wp-content\/uploads\/2021\/01\/little-girl-with-her-little-red-hen--e1612111874127-1536x864.jpg","type":"","width":"","height":""}],"twitter_card":"summary_large_image","twitter_misc":{"Ber\u00e4knad l\u00e4stid":"1 minut"},"schema":{"@context":"https:\/\/schema.org","@graph":[{"@type":"WebPage","@id":"https:\/\/satamuna.fi\/en\/arjen-tekoja\/","url":"https:\/\/satamuna.fi\/en\/arjen-tekoja\/","name":"Arjen tekoja - SATAMUNA","isPartOf":{"@id":"https:\/\/satamuna.fi\/en\/#website"},"primaryImageOfPage":{"@id":"https:\/\/satamuna.fi\/en\/arjen-tekoja\/#primaryimage"},"image":{"@id":"https:\/\/satamuna.fi\/en\/arjen-tekoja\/#primaryimage"},"thumbnailUrl":"https:\/\/satamuna.fi\/wp-content\/uploads\/2021\/01\/little-girl-with-her-little-red-hen--e1612111874127-1536x864.jpg","datePublished":"2021-01-29T13:25:26+00:00","dateModified":"2023-03-04T07:54:43+00:00","breadcrumb":{"@id":"https:\/\/satamuna.fi\/en\/arjen-tekoja\/#breadcrumb"},"inLanguage":"sv-SE","potentialAction":[{"@type":"ReadAction","target":["https:\/\/satamuna.fi\/en\/arjen-tekoja\/"]}]},{"@type":"ImageObject","inLanguage":"sv-SE","@id":"https:\/\/satamuna.fi\/en\/arjen-tekoja\/#primaryimage","url":"https:\/\/satamuna.fi\/wp-content\/uploads\/2021\/01\/little-girl-with-her-little-red-hen--e1612111874127-1536x864.jpg","contentUrl":"https:\/\/satamuna.fi\/wp-content\/uploads\/2021\/01\/little-girl-with-her-little-red-hen--e1612111874127-1536x864.jpg"},{"@type":"BreadcrumbList","@id":"https:\/\/satamuna.fi\/en\/arjen-tekoja\/#breadcrumb","itemListElement":[{"@type":"ListItem","position":1,"name":"Etusivu","item":"https:\/\/satamuna.fi\/"},{"@type":"ListItem","position":2,"name":"Arjen tekoja"}]},{"@type":"WebSite","@id":"https:\/\/satamuna.fi\/en\/#website","url":"https:\/\/satamuna.fi\/en\/","name":"SATAMUNA","description":"Se oikea soikea","publisher":{"@id":"https:\/\/satamuna.fi\/en\/#organization"},"potentialAction":[{"@type":"SearchAction","target":{"@type":"EntryPoint","urlTemplate":"https:\/\/satamuna.fi\/en\/?s={search_term_string}"},"query-input":{"@type":"PropertyValueSpecification","valueRequired":true,"valueName":"search_term_string"}}],"inLanguage":"sv-SE"},{"@type":"Organization","@id":"https:\/\/satamuna.fi\/en\/#organization","name":"SATAMUNA","url":"https:\/\/satamuna.fi\/en\/","logo":{"@type":"ImageObject","inLanguage":"sv-SE","@id":"https:\/\/satamuna.fi\/en\/#\/schema\/logo\/image\/","url":"https:\/\/satamuna.fi\/wp-content\/uploads\/2021\/01\/SATAMUNA_LOGO_WWW.png","contentUrl":"https:\/\/satamuna.fi\/wp-content\/uploads\/2021\/01\/SATAMUNA_LOGO_WWW.png","width":500,"height":140,"caption":"SATAMUNA"},"image":{"@id":"https:\/\/satamuna.fi\/en\/#\/schema\/logo\/image\/"}}]}},"_links":{"self":[{"href":"https:\/\/satamuna.fi\/sv\/wp-json\/wp\/v2\/pages\/956","targetHints":{"allow":["GET"]}}],"collection":[{"href":"https:\/\/satamuna.fi\/sv\/wp-json\/wp\/v2\/pages"}],"about":[{"href":"https:\/\/satamuna.fi\/sv\/wp-json\/wp\/v2\/types\/page"}],"author":[{"embeddable":true,"href":"https:\/\/satamuna.fi\/sv\/wp-json\/wp\/v2\/users\/1"}],"replies":[{"embeddable":true,"href":"https:\/\/satamuna.fi\/sv\/wp-json\/wp\/v2\/comments?post=956"}],"version-history":[{"count":20,"href":"https:\/\/satamuna.fi\/sv\/wp-json\/wp\/v2\/pages\/956\/revisions"}],"predecessor-version":[{"id":3116,"href":"https:\/\/satamuna.fi\/sv\/wp-json\/wp\/v2\/pages\/956\/revisions\/3116"}],"wp:attachment":[{"href":"https:\/\/satamuna.fi\/sv\/wp-json\/wp\/v2\/media?parent=956"}],"curies":[{"name":"wp","href":"https:\/\/api.w.org\/{rel}","templated":true}]}}