{"id":2219,"date":"2021-02-02T15:58:18","date_gmt":"2021-02-02T15:58:18","guid":{"rendered":"https:\/\/satamuna-fi.hel6.wp-cloud.dev\/?page_id=2219"},"modified":"2021-02-02T16:40:40","modified_gmt":"2021-02-02T16:40:40","slug":"qvik","status":"publish","type":"page","link":"https:\/\/satamuna.fi\/sv\/qvik\/","title":{"rendered":"Qvik"},"content":{"rendered":"\t\t<div data-elementor-type=\"wp-page\" data-elementor-id=\"2219\" class=\"elementor elementor-2219\" data-elementor-post-type=\"page\">\n\t\t\t\t\t\t<section class=\"elementor-section elementor-top-section elementor-element elementor-element-4f69b6b animated-slow elementor-section-boxed elementor-section-height-default elementor-section-height-default elementor-invisible\" data-id=\"4f69b6b\" data-element_type=\"section\" data-e-type=\"section\" data-settings=\"{&quot;background_background&quot;:&quot;classic&quot;,&quot;motion_fx_motion_fx_scrolling&quot;:&quot;yes&quot;,&quot;animation&quot;:&quot;fadeIn&quot;,&quot;motion_fx_devices&quot;:[&quot;desktop&quot;,&quot;tablet&quot;,&quot;mobile&quot;]}\">\n\t\t\t\t\t\t<div class=\"elementor-container elementor-column-gap-default\">\n\t\t\t\t\t<div class=\"elementor-column elementor-col-50 elementor-top-column elementor-element elementor-element-417fd30\" data-id=\"417fd30\" data-element_type=\"column\" data-e-type=\"column\">\n\t\t\t<div class=\"elementor-widget-wrap elementor-element-populated\">\n\t\t\t\t\t\t<div class=\"elementor-element elementor-element-2ba49ae elementor-widget elementor-widget-heading\" data-id=\"2ba49ae\" data-element_type=\"widget\" data-e-type=\"widget\" data-widget_type=\"heading.default\">\n\t\t\t\t<div class=\"elementor-widget-container\">\n\t\t\t\t\t<h2 class=\"elementor-heading-title elementor-size-default\">Qvik-munat<\/h2>\t\t\t\t<\/div>\n\t\t\t\t<\/div>\n\t\t\t\t<div class=\"elementor-element elementor-element-a1318d7 elementor-widget elementor-widget-text-editor\" data-id=\"a1318d7\" data-element_type=\"widget\" data-e-type=\"widget\" data-widget_type=\"text-editor.default\">\n\t\t\t\t<div class=\"elementor-widget-container\">\n\t\t\t\t\t\t\t\t\t<p>Satamunan Qvik-kananmunat on suunniteltu tukku- ja suurkeitti\u00f6puolen asiakkaille. Kananmuna tarjoaa ammattimaiseen ruoanlaittoon monimuotoisen ja ravintosis\u00e4ll\u00f6lt\u00e4\u00e4n rikkaan tuotteen edullisesti, helposti ja nopeasti.<br \/><br \/>Qvik-munat on pakattu 90 ja 180 kappaleen suurpakkauksiin ja jaoteltu tuotantotavan sek\u00e4 painoluokan mukaan. N\u00e4in kykenemme vastaamaan jokaisen ammattilaisen tarpeisiin, olipa kyseess\u00e4 sitten pieni\u00e4 kananmunia kaipaava grillikioski, isoja kananmunia tarvitseva leipuri, eettisyytt\u00e4 ja el\u00e4inten hyvinvointia arvostava kunta tai luomuun panostava gourmet-ravintola. Kaikkien Qvik-tuotteiden pakkaukset soveltuvat lis\u00e4ksi kierr\u00e4tykseen.<br \/><br \/><br \/><b>S\u00e4\u00e4st\u00f6\u00e4 suurtalouskeitti\u00f6ihin<\/b><br \/><br \/>Satamunan Qvik-tuoteperheest\u00e4 l\u00f6yd\u00e4t my\u00f6s valmiiksi keitetyt ja kuoritut kananmunat, jotka on pakattu 3 kg (n. 69 munaa) sankoihin. Valmiiksi keitetyt ja kuoritut munat s\u00e4ilyv\u00e4t avaamattomassa astiassa viile\u00e4ss\u00e4 4 viikkoa, kuten kaikki kananmunat.<br \/><br \/>Erityisen valmistusprosessinsa ansiosta Qvik-muniin ei muodostu hapettumisesta aiheutuvaa mustuvaa keltuaista. Avaat vain kannen ja tuote on heti k\u00e4ytt\u00f6valmis! Tuote on ideaali paitsi tarjottavaksi sellaisenaan, my\u00f6s esim. pitop\u00f6ytiin halkaistuna ja t\u00e4ytettyn\u00e4, salaatteihin, siivutettuna valmisleipiin, pinaattikeittoihin, kouluruokaloihin, rouhittuna munamakkaroihin, munavoihin jne.<br \/><br \/>Satamunan Qvik-munat s\u00e4\u00e4st\u00e4v\u00e4t ty\u00f6aikaasi: Valitsemalla keitetyt\/kuoritut Qvik-munat, voit unohtaa munien keittoon ja kuorintaan kuluvan energian, ik\u00e4v\u00e4n ja aikaa viev\u00e4n sek\u00e4 kustannuksia luovan ty\u00f6vaiheen, h\u00e4vikin, kuorij\u00e4tteen ja ylim\u00e4\u00e4r\u00e4isen siivouksen!<\/p>\t\t\t\t\t\t\t\t<\/div>\n\t\t\t\t<\/div>\n\t\t\t\t\t<\/div>\n\t\t<\/div>\n\t\t\t\t<div class=\"elementor-column elementor-col-50 elementor-top-column elementor-element elementor-element-138c16d\" data-id=\"138c16d\" data-element_type=\"column\" data-e-type=\"column\">\n\t\t\t<div class=\"elementor-widget-wrap elementor-element-populated\">\n\t\t\t\t\t\t<div class=\"elementor-element elementor-element-004bd5d elementor-widget elementor-widget-image\" data-id=\"004bd5d\" data-element_type=\"widget\" data-e-type=\"widget\" data-widget_type=\"image.default\">\n\t\t\t\t<div class=\"elementor-widget-container\">\n\t\t\t\t\t\t\t\t\t\t\t\t\t\t\t<img fetchpriority=\"high\" decoding=\"async\" width=\"768\" height=\"512\" src=\"https:\/\/satamuna.fi\/wp-content\/uploads\/2021\/02\/SATAMUNA_QVIK_90-1-768x512.jpg\" class=\"attachment-medium_large size-medium_large wp-image-2265\" alt=\"\" srcset=\"https:\/\/satamuna.fi\/wp-content\/uploads\/2021\/02\/SATAMUNA_QVIK_90-1-768x512.jpg 768w, https:\/\/satamuna.fi\/wp-content\/uploads\/2021\/02\/SATAMUNA_QVIK_90-1-300x200.jpg 300w, https:\/\/satamuna.fi\/wp-content\/uploads\/2021\/02\/SATAMUNA_QVIK_90-1.jpg 930w\" sizes=\"(max-width: 768px) 100vw, 768px\" \/>\t\t\t\t\t\t\t\t\t\t\t\t\t\t\t<\/div>\n\t\t\t\t<\/div>\n\t\t\t\t<div class=\"elementor-element elementor-element-c67e526 elementor-widget elementor-widget-image\" data-id=\"c67e526\" data-element_type=\"widget\" data-e-type=\"widget\" data-widget_type=\"image.default\">\n\t\t\t\t<div class=\"elementor-widget-container\">\n\t\t\t\t\t\t\t\t\t\t\t\t\t\t\t<img decoding=\"async\" width=\"768\" height=\"512\" src=\"https:\/\/satamuna.fi\/wp-content\/uploads\/2021\/02\/SATAMUNA_QVIK_180-768x512.jpg\" class=\"attachment-medium_large size-medium_large wp-image-1897\" alt=\"\" srcset=\"https:\/\/satamuna.fi\/wp-content\/uploads\/2021\/02\/SATAMUNA_QVIK_180-768x512.jpg 768w, https:\/\/satamuna.fi\/wp-content\/uploads\/2021\/02\/SATAMUNA_QVIK_180-300x200.jpg 300w, https:\/\/satamuna.fi\/wp-content\/uploads\/2021\/02\/SATAMUNA_QVIK_180.jpg 930w\" sizes=\"(max-width: 768px) 100vw, 768px\" \/>\t\t\t\t\t\t\t\t\t\t\t\t\t\t\t<\/div>\n\t\t\t\t<\/div>\n\t\t\t\t<div class=\"elementor-element elementor-element-7f60a6e elementor-widget elementor-widget-image\" data-id=\"7f60a6e\" data-element_type=\"widget\" data-e-type=\"widget\" data-widget_type=\"image.default\">\n\t\t\t\t<div class=\"elementor-widget-container\">\n\t\t\t\t\t\t\t\t\t\t\t\t\t\t\t<img decoding=\"async\" width=\"768\" height=\"512\" src=\"https:\/\/satamuna.fi\/wp-content\/uploads\/2021\/02\/SATAMUNA_VIRIKE_A\u0308MPA\u0308RI-768x512.jpg\" class=\"attachment-medium_large size-medium_large wp-image-2267\" alt=\"\" srcset=\"https:\/\/satamuna.fi\/wp-content\/uploads\/2021\/02\/SATAMUNA_VIRIKE_A\u0308MPA\u0308RI-768x512.jpg 768w, https:\/\/satamuna.fi\/wp-content\/uploads\/2021\/02\/SATAMUNA_VIRIKE_A\u0308MPA\u0308RI-300x200.jpg 300w, https:\/\/satamuna.fi\/wp-content\/uploads\/2021\/02\/SATAMUNA_VIRIKE_A\u0308MPA\u0308RI.jpg 930w\" sizes=\"(max-width: 768px) 100vw, 768px\" \/>\t\t\t\t\t\t\t\t\t\t\t\t\t\t\t<\/div>\n\t\t\t\t<\/div>\n\t\t\t\t<div class=\"elementor-element elementor-element-87fff03 elementor-widget elementor-widget-image\" data-id=\"87fff03\" data-element_type=\"widget\" data-e-type=\"widget\" data-widget_type=\"image.default\">\n\t\t\t\t<div class=\"elementor-widget-container\">\n\t\t\t\t\t\t\t\t\t\t\t\t\t\t\t<img loading=\"lazy\" decoding=\"async\" width=\"768\" height=\"512\" src=\"https:\/\/satamuna.fi\/wp-content\/uploads\/2021\/02\/SATAMUNA_VAPAA_A\u0308MPA\u0308RI-768x512.jpg\" class=\"attachment-medium_large size-medium_large wp-image-2266\" alt=\"\" srcset=\"https:\/\/satamuna.fi\/wp-content\/uploads\/2021\/02\/SATAMUNA_VAPAA_A\u0308MPA\u0308RI-768x512.jpg 768w, https:\/\/satamuna.fi\/wp-content\/uploads\/2021\/02\/SATAMUNA_VAPAA_A\u0308MPA\u0308RI-300x200.jpg 300w, https:\/\/satamuna.fi\/wp-content\/uploads\/2021\/02\/SATAMUNA_VAPAA_A\u0308MPA\u0308RI.jpg 930w\" sizes=\"(max-width: 768px) 100vw, 768px\" \/>\t\t\t\t\t\t\t\t\t\t\t\t\t\t\t<\/div>\n\t\t\t\t<\/div>\n\t\t\t\t\t<\/div>\n\t\t<\/div>\n\t\t\t\t\t<\/div>\n\t\t<\/section>\n\t\t\t\t<\/div>\n\t\t","protected":false},"excerpt":{"rendered":"<p>Qvik-munat Satamunan Qvik-kananmunat on suunniteltu tukku- ja suurkeitti\u00f6puolen asiakkaille. Kananmuna tarjoaa ammattimaiseen ruoanlaittoon monimuotoisen ja ravintosis\u00e4ll\u00f6lt\u00e4\u00e4n rikkaan tuotteen edullisesti, helposti ja nopeasti. Qvik-munat on pakattu 90 ja 180 kappaleen suurpakkauksiin ja jaoteltu tuotantotavan sek\u00e4 painoluokan mukaan. N\u00e4in kykenemme vastaamaan jokaisen ammattilaisen tarpeisiin, olipa kyseess\u00e4 sitten pieni\u00e4 kananmunia kaipaava grillikioski, isoja kananmunia tarvitseva leipuri, eettisyytt\u00e4 ja&hellip;&nbsp;<a href=\"https:\/\/satamuna.fi\/sv\/qvik\/\" rel=\"bookmark\">L\u00e4s mer &raquo;<span class=\"screen-reader-text\">Qvik<\/span><\/a><\/p>","protected":false},"author":1,"featured_media":0,"parent":0,"menu_order":0,"comment_status":"closed","ping_status":"closed","template":"page-templates\/template-pagebuilder-full-width.php","meta":{"neve_meta_sidebar":"full-width","neve_meta_container":"","neve_meta_enable_content_width":"on","neve_meta_content_width":100,"neve_meta_title_alignment":"","neve_meta_author_avatar":"","neve_post_elements_order":"","neve_meta_disable_header":"","neve_meta_disable_footer":"","neve_meta_disable_title":"","footnotes":""},"class_list":["post-2219","page","type-page","status-publish","hentry"],"yoast_head":"<!-- This site is optimized with the Yoast SEO plugin v27.3 - https:\/\/yoast.com\/product\/yoast-seo-wordpress\/ -->\n<title>Qvik - SATAMUNA<\/title>\n<meta name=\"robots\" content=\"index, follow, max-snippet:-1, max-image-preview:large, max-video-preview:-1\" \/>\n<link rel=\"canonical\" href=\"https:\/\/satamuna.fi\/sv\/qvik\/\" \/>\n<meta property=\"og:locale\" content=\"sv_SE\" \/>\n<meta property=\"og:type\" content=\"article\" \/>\n<meta property=\"og:title\" content=\"Qvik - SATAMUNA\" \/>\n<meta property=\"og:description\" content=\"Qvik-munat Satamunan Qvik-kananmunat on suunniteltu tukku- ja suurkeitti\u00f6puolen asiakkaille. Kananmuna tarjoaa ammattimaiseen ruoanlaittoon monimuotoisen ja ravintosis\u00e4ll\u00f6lt\u00e4\u00e4n rikkaan tuotteen edullisesti, helposti ja nopeasti. Qvik-munat on pakattu 90 ja 180 kappaleen suurpakkauksiin ja jaoteltu tuotantotavan sek\u00e4 painoluokan mukaan. N\u00e4in kykenemme vastaamaan jokaisen ammattilaisen tarpeisiin, olipa kyseess\u00e4 sitten pieni\u00e4 kananmunia kaipaava grillikioski, isoja kananmunia tarvitseva leipuri, eettisyytt\u00e4 ja&hellip;&nbsp;L\u00e4s mer &raquo;Qvik\" \/>\n<meta property=\"og:url\" content=\"https:\/\/satamuna.fi\/sv\/qvik\/\" \/>\n<meta property=\"og:site_name\" content=\"SATAMUNA\" \/>\n<meta property=\"article:modified_time\" content=\"2021-02-02T16:40:40+00:00\" \/>\n<meta property=\"og:image\" content=\"https:\/\/satamuna-fi.hel6.wp-cloud.dev\/wp-content\/uploads\/2021\/02\/SATAMUNA_QVIK_90-1-768x512.jpg\" \/>\n<meta name=\"twitter:card\" content=\"summary_large_image\" \/>\n<meta name=\"twitter:label1\" content=\"Ber\u00e4knad l\u00e4stid\" \/>\n\t<meta name=\"twitter:data1\" content=\"1 minut\" \/>\n<script type=\"application\/ld+json\" class=\"yoast-schema-graph\">{\"@context\":\"https:\\\/\\\/schema.org\",\"@graph\":[{\"@type\":\"WebPage\",\"@id\":\"https:\\\/\\\/satamuna.fi\\\/qvik\\\/\",\"url\":\"https:\\\/\\\/satamuna.fi\\\/qvik\\\/\",\"name\":\"Qvik - SATAMUNA\",\"isPartOf\":{\"@id\":\"https:\\\/\\\/satamuna.fi\\\/en\\\/#website\"},\"primaryImageOfPage\":{\"@id\":\"https:\\\/\\\/satamuna.fi\\\/qvik\\\/#primaryimage\"},\"image\":{\"@id\":\"https:\\\/\\\/satamuna.fi\\\/qvik\\\/#primaryimage\"},\"thumbnailUrl\":\"https:\\\/\\\/satamuna-fi.hel6.wp-cloud.dev\\\/wp-content\\\/uploads\\\/2021\\\/02\\\/SATAMUNA_QVIK_90-1-768x512.jpg\",\"datePublished\":\"2021-02-02T15:58:18+00:00\",\"dateModified\":\"2021-02-02T16:40:40+00:00\",\"breadcrumb\":{\"@id\":\"https:\\\/\\\/satamuna.fi\\\/qvik\\\/#breadcrumb\"},\"inLanguage\":\"sv-SE\",\"potentialAction\":[{\"@type\":\"ReadAction\",\"target\":[\"https:\\\/\\\/satamuna.fi\\\/qvik\\\/\"]}]},{\"@type\":\"ImageObject\",\"inLanguage\":\"sv-SE\",\"@id\":\"https:\\\/\\\/satamuna.fi\\\/qvik\\\/#primaryimage\",\"url\":\"https:\\\/\\\/satamuna-fi.hel6.wp-cloud.dev\\\/wp-content\\\/uploads\\\/2021\\\/02\\\/SATAMUNA_QVIK_90-1-768x512.jpg\",\"contentUrl\":\"https:\\\/\\\/satamuna-fi.hel6.wp-cloud.dev\\\/wp-content\\\/uploads\\\/2021\\\/02\\\/SATAMUNA_QVIK_90-1-768x512.jpg\"},{\"@type\":\"BreadcrumbList\",\"@id\":\"https:\\\/\\\/satamuna.fi\\\/qvik\\\/#breadcrumb\",\"itemListElement\":[{\"@type\":\"ListItem\",\"position\":1,\"name\":\"Etusivu\",\"item\":\"https:\\\/\\\/satamuna.fi\\\/\"},{\"@type\":\"ListItem\",\"position\":2,\"name\":\"Qvik\"}]},{\"@type\":\"WebSite\",\"@id\":\"https:\\\/\\\/satamuna.fi\\\/en\\\/#website\",\"url\":\"https:\\\/\\\/satamuna.fi\\\/en\\\/\",\"name\":\"SATAMUNA\",\"description\":\"Se oikea soikea\",\"publisher\":{\"@id\":\"https:\\\/\\\/satamuna.fi\\\/en\\\/#organization\"},\"potentialAction\":[{\"@type\":\"SearchAction\",\"target\":{\"@type\":\"EntryPoint\",\"urlTemplate\":\"https:\\\/\\\/satamuna.fi\\\/en\\\/?s={search_term_string}\"},\"query-input\":{\"@type\":\"PropertyValueSpecification\",\"valueRequired\":true,\"valueName\":\"search_term_string\"}}],\"inLanguage\":\"sv-SE\"},{\"@type\":\"Organization\",\"@id\":\"https:\\\/\\\/satamuna.fi\\\/en\\\/#organization\",\"name\":\"SATAMUNA\",\"url\":\"https:\\\/\\\/satamuna.fi\\\/en\\\/\",\"logo\":{\"@type\":\"ImageObject\",\"inLanguage\":\"sv-SE\",\"@id\":\"https:\\\/\\\/satamuna.fi\\\/en\\\/#\\\/schema\\\/logo\\\/image\\\/\",\"url\":\"https:\\\/\\\/satamuna.fi\\\/wp-content\\\/uploads\\\/2021\\\/01\\\/SATAMUNA_LOGO_WWW.png\",\"contentUrl\":\"https:\\\/\\\/satamuna.fi\\\/wp-content\\\/uploads\\\/2021\\\/01\\\/SATAMUNA_LOGO_WWW.png\",\"width\":500,\"height\":140,\"caption\":\"SATAMUNA\"},\"image\":{\"@id\":\"https:\\\/\\\/satamuna.fi\\\/en\\\/#\\\/schema\\\/logo\\\/image\\\/\"}}]}<\/script>\n<!-- \/ Yoast SEO plugin. -->","yoast_head_json":{"title":"Qvik - SATAMUNA","robots":{"index":"index","follow":"follow","max-snippet":"max-snippet:-1","max-image-preview":"max-image-preview:large","max-video-preview":"max-video-preview:-1"},"canonical":"https:\/\/satamuna.fi\/sv\/qvik\/","og_locale":"sv_SE","og_type":"article","og_title":"Qvik - SATAMUNA","og_description":"Qvik-munat Satamunan Qvik-kananmunat on suunniteltu tukku- ja suurkeitti\u00f6puolen asiakkaille. Kananmuna tarjoaa ammattimaiseen ruoanlaittoon monimuotoisen ja ravintosis\u00e4ll\u00f6lt\u00e4\u00e4n rikkaan tuotteen edullisesti, helposti ja nopeasti. Qvik-munat on pakattu 90 ja 180 kappaleen suurpakkauksiin ja jaoteltu tuotantotavan sek\u00e4 painoluokan mukaan. N\u00e4in kykenemme vastaamaan jokaisen ammattilaisen tarpeisiin, olipa kyseess\u00e4 sitten pieni\u00e4 kananmunia kaipaava grillikioski, isoja kananmunia tarvitseva leipuri, eettisyytt\u00e4 ja&hellip;&nbsp;L\u00e4s mer &raquo;Qvik","og_url":"https:\/\/satamuna.fi\/sv\/qvik\/","og_site_name":"SATAMUNA","article_modified_time":"2021-02-02T16:40:40+00:00","og_image":[{"url":"https:\/\/satamuna-fi.hel6.wp-cloud.dev\/wp-content\/uploads\/2021\/02\/SATAMUNA_QVIK_90-1-768x512.jpg","type":"","width":"","height":""}],"twitter_card":"summary_large_image","twitter_misc":{"Ber\u00e4knad l\u00e4stid":"1 minut"},"schema":{"@context":"https:\/\/schema.org","@graph":[{"@type":"WebPage","@id":"https:\/\/satamuna.fi\/qvik\/","url":"https:\/\/satamuna.fi\/qvik\/","name":"Qvik - SATAMUNA","isPartOf":{"@id":"https:\/\/satamuna.fi\/en\/#website"},"primaryImageOfPage":{"@id":"https:\/\/satamuna.fi\/qvik\/#primaryimage"},"image":{"@id":"https:\/\/satamuna.fi\/qvik\/#primaryimage"},"thumbnailUrl":"https:\/\/satamuna-fi.hel6.wp-cloud.dev\/wp-content\/uploads\/2021\/02\/SATAMUNA_QVIK_90-1-768x512.jpg","datePublished":"2021-02-02T15:58:18+00:00","dateModified":"2021-02-02T16:40:40+00:00","breadcrumb":{"@id":"https:\/\/satamuna.fi\/qvik\/#breadcrumb"},"inLanguage":"sv-SE","potentialAction":[{"@type":"ReadAction","target":["https:\/\/satamuna.fi\/qvik\/"]}]},{"@type":"ImageObject","inLanguage":"sv-SE","@id":"https:\/\/satamuna.fi\/qvik\/#primaryimage","url":"https:\/\/satamuna-fi.hel6.wp-cloud.dev\/wp-content\/uploads\/2021\/02\/SATAMUNA_QVIK_90-1-768x512.jpg","contentUrl":"https:\/\/satamuna-fi.hel6.wp-cloud.dev\/wp-content\/uploads\/2021\/02\/SATAMUNA_QVIK_90-1-768x512.jpg"},{"@type":"BreadcrumbList","@id":"https:\/\/satamuna.fi\/qvik\/#breadcrumb","itemListElement":[{"@type":"ListItem","position":1,"name":"Etusivu","item":"https:\/\/satamuna.fi\/"},{"@type":"ListItem","position":2,"name":"Qvik"}]},{"@type":"WebSite","@id":"https:\/\/satamuna.fi\/en\/#website","url":"https:\/\/satamuna.fi\/en\/","name":"SATAMUNA","description":"Se oikea soikea","publisher":{"@id":"https:\/\/satamuna.fi\/en\/#organization"},"potentialAction":[{"@type":"SearchAction","target":{"@type":"EntryPoint","urlTemplate":"https:\/\/satamuna.fi\/en\/?s={search_term_string}"},"query-input":{"@type":"PropertyValueSpecification","valueRequired":true,"valueName":"search_term_string"}}],"inLanguage":"sv-SE"},{"@type":"Organization","@id":"https:\/\/satamuna.fi\/en\/#organization","name":"SATAMUNA","url":"https:\/\/satamuna.fi\/en\/","logo":{"@type":"ImageObject","inLanguage":"sv-SE","@id":"https:\/\/satamuna.fi\/en\/#\/schema\/logo\/image\/","url":"https:\/\/satamuna.fi\/wp-content\/uploads\/2021\/01\/SATAMUNA_LOGO_WWW.png","contentUrl":"https:\/\/satamuna.fi\/wp-content\/uploads\/2021\/01\/SATAMUNA_LOGO_WWW.png","width":500,"height":140,"caption":"SATAMUNA"},"image":{"@id":"https:\/\/satamuna.fi\/en\/#\/schema\/logo\/image\/"}}]}},"_links":{"self":[{"href":"https:\/\/satamuna.fi\/sv\/wp-json\/wp\/v2\/pages\/2219","targetHints":{"allow":["GET"]}}],"collection":[{"href":"https:\/\/satamuna.fi\/sv\/wp-json\/wp\/v2\/pages"}],"about":[{"href":"https:\/\/satamuna.fi\/sv\/wp-json\/wp\/v2\/types\/page"}],"author":[{"embeddable":true,"href":"https:\/\/satamuna.fi\/sv\/wp-json\/wp\/v2\/users\/1"}],"replies":[{"embeddable":true,"href":"https:\/\/satamuna.fi\/sv\/wp-json\/wp\/v2\/comments?post=2219"}],"version-history":[{"count":31,"href":"https:\/\/satamuna.fi\/sv\/wp-json\/wp\/v2\/pages\/2219\/revisions"}],"predecessor-version":[{"id":2270,"href":"https:\/\/satamuna.fi\/sv\/wp-json\/wp\/v2\/pages\/2219\/revisions\/2270"}],"wp:attachment":[{"href":"https:\/\/satamuna.fi\/sv\/wp-json\/wp\/v2\/media?parent=2219"}],"curies":[{"name":"wp","href":"https:\/\/api.w.org\/{rel}","templated":true}]}}