{"id":28,"date":"2020-01-17T15:26:04","date_gmt":"2020-01-17T15:26:04","guid":{"rendered":"https:\/\/demosites.io\/web-agency\/?page_id=28"},"modified":"2026-01-23T09:36:50","modified_gmt":"2026-01-23T07:36:50","slug":"satamuna","status":"publish","type":"page","link":"https:\/\/satamuna.fi\/en\/satamuna\/","title":{"rendered":"Satamuna"},"content":{"rendered":"\t\t<div data-elementor-type=\"wp-page\" data-elementor-id=\"28\" class=\"elementor elementor-28\" data-elementor-post-type=\"page\">\n\t\t\t\t\t\t<section class=\"elementor-section elementor-top-section elementor-element elementor-element-d58ea62 elementor-section-height-min-height elementor-hidden-tablet elementor-hidden-phone animated-slow elementor-section-boxed elementor-section-height-default elementor-section-items-middle elementor-invisible\" data-id=\"d58ea62\" data-element_type=\"section\" data-e-type=\"section\" data-settings=\"{&quot;background_background&quot;:&quot;classic&quot;,&quot;motion_fx_motion_fx_scrolling&quot;:&quot;yes&quot;,&quot;animation&quot;:&quot;fadeIn&quot;,&quot;motion_fx_devices&quot;:[&quot;desktop&quot;,&quot;tablet&quot;,&quot;mobile&quot;]}\">\n\t\t\t\t\t\t\t<div class=\"elementor-background-overlay\"><\/div>\n\t\t\t\t\t\t\t<div class=\"elementor-container elementor-column-gap-default\">\n\t\t\t\t\t<div class=\"elementor-column elementor-col-100 elementor-top-column elementor-element elementor-element-794c29e\" data-id=\"794c29e\" data-element_type=\"column\" data-e-type=\"column\">\n\t\t\t<div class=\"elementor-widget-wrap\">\n\t\t\t\t\t\t\t<\/div>\n\t\t<\/div>\n\t\t\t\t\t<\/div>\n\t\t<\/section>\n\t\t\t\t<section class=\"elementor-section elementor-top-section elementor-element elementor-element-4289a2a animated-slow elementor-section-boxed elementor-section-height-default elementor-section-height-default elementor-invisible\" data-id=\"4289a2a\" data-element_type=\"section\" data-e-type=\"section\" data-settings=\"{&quot;background_background&quot;:&quot;classic&quot;,&quot;motion_fx_motion_fx_scrolling&quot;:&quot;yes&quot;,&quot;animation&quot;:&quot;fadeInUp&quot;,&quot;motion_fx_devices&quot;:[&quot;desktop&quot;,&quot;tablet&quot;,&quot;mobile&quot;]}\">\n\t\t\t\t\t\t<div class=\"elementor-container elementor-column-gap-default\">\n\t\t\t\t\t<div class=\"elementor-column elementor-col-50 elementor-top-column elementor-element elementor-element-180b719\" data-id=\"180b719\" data-element_type=\"column\" data-e-type=\"column\">\n\t\t\t<div class=\"elementor-widget-wrap elementor-element-populated\">\n\t\t\t\t\t\t<div class=\"elementor-element elementor-element-9c76e5e elementor-widget elementor-widget-image\" data-id=\"9c76e5e\" data-element_type=\"widget\" data-e-type=\"widget\" data-widget_type=\"image.default\">\n\t\t\t\t<div class=\"elementor-widget-container\">\n\t\t\t\t\t\t\t\t\t\t\t\t\t\t\t<img decoding=\"async\" src=\"https:\/\/satamuna-fi.hel6.wp-cloud.dev\/wp-content\/uploads\/2020\/01\/neve-web-design-studio-06.jpg\" title=\"\" alt=\"\" loading=\"lazy\" \/>\t\t\t\t\t\t\t\t\t\t\t\t\t\t\t<\/div>\n\t\t\t\t<\/div>\n\t\t\t\t<div class=\"elementor-element elementor-element-d8cf445 elementor-widget elementor-widget-image\" data-id=\"d8cf445\" data-element_type=\"widget\" data-e-type=\"widget\" data-widget_type=\"image.default\">\n\t\t\t\t<div class=\"elementor-widget-container\">\n\t\t\t\t\t\t\t\t\t\t\t\t\t\t\t<img fetchpriority=\"high\" decoding=\"async\" width=\"800\" height=\"756\" src=\"https:\/\/satamuna.fi\/wp-content\/uploads\/2021\/01\/KANA_TIPU-1.png\" class=\"attachment-large size-large wp-image-1465\" alt=\"\" srcset=\"https:\/\/satamuna.fi\/wp-content\/uploads\/2021\/01\/KANA_TIPU-1.png 800w, https:\/\/satamuna.fi\/wp-content\/uploads\/2021\/01\/KANA_TIPU-1-300x284.png 300w, https:\/\/satamuna.fi\/wp-content\/uploads\/2021\/01\/KANA_TIPU-1-768x726.png 768w\" sizes=\"(max-width: 800px) 100vw, 800px\" \/>\t\t\t\t\t\t\t\t\t\t\t\t\t\t\t<\/div>\n\t\t\t\t<\/div>\n\t\t\t\t\t<\/div>\n\t\t<\/div>\n\t\t\t\t<div class=\"elementor-column elementor-col-50 elementor-top-column elementor-element elementor-element-b10cbf9\" data-id=\"b10cbf9\" data-element_type=\"column\" data-e-type=\"column\">\n\t\t\t<div class=\"elementor-widget-wrap elementor-element-populated\">\n\t\t\t\t\t\t<div class=\"elementor-element elementor-element-291533d elementor-widget elementor-widget-heading\" data-id=\"291533d\" data-element_type=\"widget\" data-e-type=\"widget\" data-widget_type=\"heading.default\">\n\t\t\t\t<div class=\"elementor-widget-container\">\n\t\t\t\t\t<h2 class=\"elementor-heading-title elementor-size-default\">Historiaa jo vuodesta 1906<\/h2>\t\t\t\t<\/div>\n\t\t\t\t<\/div>\n\t\t\t\t<div class=\"elementor-element elementor-element-5e04df4 elementor-widget elementor-widget-text-editor\" data-id=\"5e04df4\" data-element_type=\"widget\" data-e-type=\"widget\" data-widget_type=\"text-editor.default\">\n\t\t\t\t<div class=\"elementor-widget-container\">\n\t\t\t\t\t\t\t\t\t<p><b>Satamuna Oy on perinteik\u00e4s perheyritys,<\/b> jonka juuret ja kananmuniin liittyv\u00e4 tietotaito ulottuvat yli vuosisadan taakse. Toimintamme onkin jatkunut keskeytyksett\u00e4 aina vuodesta 1906. Yrityksen edistykselliset ja ymp\u00e4rist\u00f6yst\u00e4v\u00e4lliset tilat sijaitsevat Euran Paneliassa sek\u00e4 Harjavallassa.<\/p><p>\u00a0<\/p><p>Pitk\u00e4n historiansa ansiosta Satamuna on osaava ja innovatiivinen munapakkaamo, joka panostaa voimakkaasti tuotteidensa laatuun ja jatkuvaan tuotekehitykseen. Satamuna on vakaa ja luotettava kumppani niin kaupoille, kuluttajille kuin tuottajilleenkin.<\/p><p>\u00a0<\/p><p>Tuotamme ruokamunia n. 200.000 kanan voimin ja ostamme kotimaisilta sopimustuottajilta yli 400 000 kanan munat. Jo n. 15 % Suomessa tuotetuista munista l\u00f6yt\u00e4\u00e4 kauttamme tiens\u00e4 ruokap\u00f6ytiin l\u00e4hes maan joka kolkkaan.<\/p><p>\u00a0<\/p><p>Sek\u00e4 pakkaamollemme, ett\u00e4 omille kanaloillemme on my\u00f6nnetty yleiseurooppalainen KAT-el\u00e4inten hyvinvointisertifikaatti. Lis\u00e4ksi pakkaamollemme my\u00f6nnettiin <br \/>IFS-laatusertifikaatti Higher Level -tasoisena.<\/p><p>\u00a0<\/p><p>Satamuna tarjoaakin myyntiin laadullisesti parhaita mahdollisia kananmunia \u2013 niit\u00e4 oikeita soikeita.<\/p>\t\t\t\t\t\t\t\t<\/div>\n\t\t\t\t<\/div>\n\t\t\t\t\t<\/div>\n\t\t<\/div>\n\t\t\t\t\t<\/div>\n\t\t<\/section>\n\t\t\t\t<section class=\"elementor-section elementor-top-section elementor-element elementor-element-e7f4746 elementor-section-boxed elementor-section-height-default elementor-section-height-default\" data-id=\"e7f4746\" data-element_type=\"section\" data-e-type=\"section\">\n\t\t\t\t\t\t<div class=\"elementor-container elementor-column-gap-default\">\n\t\t\t\t\t<div class=\"elementor-column elementor-col-100 elementor-top-column elementor-element elementor-element-d7597da\" data-id=\"d7597da\" data-element_type=\"column\" data-e-type=\"column\">\n\t\t\t<div class=\"elementor-widget-wrap elementor-element-populated\">\n\t\t\t\t\t\t<div class=\"elementor-element elementor-element-d95a574 elementor-mobile-align-justify elementor-tablet-align-center elementor-align-center elementor-widget elementor-widget-button\" data-id=\"d95a574\" data-element_type=\"widget\" data-e-type=\"widget\" data-widget_type=\"button.default\">\n\t\t\t\t<div class=\"elementor-widget-container\">\n\t\t\t\t\t\t\t\t\t<div class=\"elementor-button-wrapper\">\n\t\t\t\t\t<a class=\"elementor-button elementor-button-link elementor-size-sm\" href=\"https:\/\/satamuna.fi\/historia\/\">\n\t\t\t\t\t\t<span class=\"elementor-button-content-wrapper\">\n\t\t\t\t\t\t\t\t\t<span class=\"elementor-button-text\">HISTORIAN SIIPIEN HAVINAA<\/span>\n\t\t\t\t\t<\/span>\n\t\t\t\t\t<\/a>\n\t\t\t\t<\/div>\n\t\t\t\t\t\t\t\t<\/div>\n\t\t\t\t<\/div>\n\t\t\t\t\t<\/div>\n\t\t<\/div>\n\t\t\t\t\t<\/div>\n\t\t<\/section>\n\t\t\t\t<section class=\"elementor-section elementor-top-section elementor-element elementor-element-3b18a9c elementor-section-boxed elementor-section-height-default elementor-section-height-default\" data-id=\"3b18a9c\" data-element_type=\"section\" data-e-type=\"section\">\n\t\t\t\t\t\t<div class=\"elementor-container elementor-column-gap-default\">\n\t\t\t\t\t<div class=\"elementor-column elementor-col-100 elementor-top-column elementor-element elementor-element-2da493c\" data-id=\"2da493c\" data-element_type=\"column\" data-e-type=\"column\">\n\t\t\t<div class=\"elementor-widget-wrap elementor-element-populated\">\n\t\t\t\t\t\t<div class=\"elementor-element elementor-element-1c50a08 elementor-widget-divider--view-line elementor-widget elementor-widget-divider\" data-id=\"1c50a08\" data-element_type=\"widget\" data-e-type=\"widget\" data-widget_type=\"divider.default\">\n\t\t\t\t<div class=\"elementor-widget-container\">\n\t\t\t\t\t\t\t<div class=\"elementor-divider\">\n\t\t\t<span class=\"elementor-divider-separator\">\n\t\t\t\t\t\t<\/span>\n\t\t<\/div>\n\t\t\t\t\t\t<\/div>\n\t\t\t\t<\/div>\n\t\t\t\t\t<\/div>\n\t\t<\/div>\n\t\t\t\t\t<\/div>\n\t\t<\/section>\n\t\t\t\t<\/div>\n\t\t","protected":false},"excerpt":{"rendered":"<p>Historiaa jo vuodesta 1906 Satamuna Oy on perinteik\u00e4s perheyritys, jonka juuret ja kananmuniin liittyv\u00e4 tietotaito ulottuvat yli vuosisadan taakse. Toimintamme onkin jatkunut keskeytyksett\u00e4 aina vuodesta 1906. Yrityksen edistykselliset ja ymp\u00e4rist\u00f6yst\u00e4v\u00e4lliset tilat sijaitsevat Euran Paneliassa sek\u00e4 Harjavallassa. \u00a0 Pitk\u00e4n historiansa ansiosta Satamuna on osaava ja innovatiivinen munapakkaamo, joka panostaa voimakkaasti tuotteidensa laatuun ja jatkuvaan tuotekehitykseen. Satamuna&hellip;&nbsp;<a href=\"https:\/\/satamuna.fi\/en\/satamuna\/\" rel=\"bookmark\">Read More &raquo;<span class=\"screen-reader-text\">Satamuna<\/span><\/a><\/p>","protected":false},"author":1,"featured_media":0,"parent":0,"menu_order":0,"comment_status":"closed","ping_status":"closed","template":"elementor_header_footer","meta":{"neve_meta_sidebar":"full-width","neve_meta_container":"","neve_meta_enable_content_width":"on","neve_meta_content_width":100,"neve_meta_title_alignment":"","neve_meta_author_avatar":"","neve_post_elements_order":"","neve_meta_disable_header":"","neve_meta_disable_footer":"","neve_meta_disable_title":"","footnotes":""},"class_list":["post-28","page","type-page","status-publish","hentry"],"yoast_head":"<!-- This site is optimized with the Yoast SEO plugin v27.3 - https:\/\/yoast.com\/product\/yoast-seo-wordpress\/ -->\n<title>Satamuna - SATAMUNA<\/title>\n<meta name=\"robots\" content=\"index, follow, max-snippet:-1, max-image-preview:large, max-video-preview:-1\" \/>\n<link rel=\"canonical\" href=\"https:\/\/satamuna.fi\/en\/satamuna\/\" \/>\n<meta property=\"og:locale\" content=\"en_GB\" \/>\n<meta property=\"og:type\" content=\"article\" \/>\n<meta property=\"og:title\" content=\"Satamuna - SATAMUNA\" \/>\n<meta property=\"og:description\" content=\"Historiaa jo vuodesta 1906 Satamuna Oy on perinteik\u00e4s perheyritys, jonka juuret ja kananmuniin liittyv\u00e4 tietotaito ulottuvat yli vuosisadan taakse. Toimintamme onkin jatkunut keskeytyksett\u00e4 aina vuodesta 1906. Yrityksen edistykselliset ja ymp\u00e4rist\u00f6yst\u00e4v\u00e4lliset tilat sijaitsevat Euran Paneliassa sek\u00e4 Harjavallassa. \u00a0 Pitk\u00e4n historiansa ansiosta Satamuna on osaava ja innovatiivinen munapakkaamo, joka panostaa voimakkaasti tuotteidensa laatuun ja jatkuvaan tuotekehitykseen. Satamuna&hellip;&nbsp;Read More &raquo;Satamuna\" \/>\n<meta property=\"og:url\" content=\"https:\/\/satamuna.fi\/en\/satamuna\/\" \/>\n<meta property=\"og:site_name\" content=\"SATAMUNA\" \/>\n<meta property=\"article:modified_time\" content=\"2026-01-23T07:36:50+00:00\" \/>\n<meta property=\"og:image\" content=\"https:\/\/satamuna-fi.hel6.wp-cloud.dev\/wp-content\/uploads\/2020\/01\/neve-web-design-studio-06.jpg\" \/>\n<meta name=\"twitter:card\" content=\"summary_large_image\" \/>\n<meta name=\"twitter:label1\" content=\"Estimated reading time\" \/>\n\t<meta name=\"twitter:data1\" content=\"2 minutes\" \/>\n<script type=\"application\/ld+json\" class=\"yoast-schema-graph\">{\"@context\":\"https:\\\/\\\/schema.org\",\"@graph\":[{\"@type\":\"WebPage\",\"@id\":\"https:\\\/\\\/satamuna.fi\\\/satamuna\\\/\",\"url\":\"https:\\\/\\\/satamuna.fi\\\/satamuna\\\/\",\"name\":\"Satamuna - SATAMUNA\",\"isPartOf\":{\"@id\":\"https:\\\/\\\/satamuna.fi\\\/en\\\/#website\"},\"primaryImageOfPage\":{\"@id\":\"https:\\\/\\\/satamuna.fi\\\/satamuna\\\/#primaryimage\"},\"image\":{\"@id\":\"https:\\\/\\\/satamuna.fi\\\/satamuna\\\/#primaryimage\"},\"thumbnailUrl\":\"https:\\\/\\\/satamuna-fi.hel6.wp-cloud.dev\\\/wp-content\\\/uploads\\\/2020\\\/01\\\/neve-web-design-studio-06.jpg\",\"datePublished\":\"2020-01-17T15:26:04+00:00\",\"dateModified\":\"2026-01-23T07:36:50+00:00\",\"breadcrumb\":{\"@id\":\"https:\\\/\\\/satamuna.fi\\\/satamuna\\\/#breadcrumb\"},\"inLanguage\":\"en-GB\",\"potentialAction\":[{\"@type\":\"ReadAction\",\"target\":[\"https:\\\/\\\/satamuna.fi\\\/satamuna\\\/\"]}]},{\"@type\":\"ImageObject\",\"inLanguage\":\"en-GB\",\"@id\":\"https:\\\/\\\/satamuna.fi\\\/satamuna\\\/#primaryimage\",\"url\":\"https:\\\/\\\/satamuna-fi.hel6.wp-cloud.dev\\\/wp-content\\\/uploads\\\/2020\\\/01\\\/neve-web-design-studio-06.jpg\",\"contentUrl\":\"https:\\\/\\\/satamuna-fi.hel6.wp-cloud.dev\\\/wp-content\\\/uploads\\\/2020\\\/01\\\/neve-web-design-studio-06.jpg\"},{\"@type\":\"BreadcrumbList\",\"@id\":\"https:\\\/\\\/satamuna.fi\\\/satamuna\\\/#breadcrumb\",\"itemListElement\":[{\"@type\":\"ListItem\",\"position\":1,\"name\":\"Etusivu\",\"item\":\"https:\\\/\\\/satamuna.fi\\\/\"},{\"@type\":\"ListItem\",\"position\":2,\"name\":\"Satamuna\"}]},{\"@type\":\"WebSite\",\"@id\":\"https:\\\/\\\/satamuna.fi\\\/en\\\/#website\",\"url\":\"https:\\\/\\\/satamuna.fi\\\/en\\\/\",\"name\":\"SATAMUNA\",\"description\":\"Se oikea soikea\",\"publisher\":{\"@id\":\"https:\\\/\\\/satamuna.fi\\\/en\\\/#organization\"},\"potentialAction\":[{\"@type\":\"SearchAction\",\"target\":{\"@type\":\"EntryPoint\",\"urlTemplate\":\"https:\\\/\\\/satamuna.fi\\\/en\\\/?s={search_term_string}\"},\"query-input\":{\"@type\":\"PropertyValueSpecification\",\"valueRequired\":true,\"valueName\":\"search_term_string\"}}],\"inLanguage\":\"en-GB\"},{\"@type\":\"Organization\",\"@id\":\"https:\\\/\\\/satamuna.fi\\\/en\\\/#organization\",\"name\":\"SATAMUNA\",\"url\":\"https:\\\/\\\/satamuna.fi\\\/en\\\/\",\"logo\":{\"@type\":\"ImageObject\",\"inLanguage\":\"en-GB\",\"@id\":\"https:\\\/\\\/satamuna.fi\\\/en\\\/#\\\/schema\\\/logo\\\/image\\\/\",\"url\":\"https:\\\/\\\/satamuna.fi\\\/wp-content\\\/uploads\\\/2021\\\/01\\\/SATAMUNA_LOGO_WWW.png\",\"contentUrl\":\"https:\\\/\\\/satamuna.fi\\\/wp-content\\\/uploads\\\/2021\\\/01\\\/SATAMUNA_LOGO_WWW.png\",\"width\":500,\"height\":140,\"caption\":\"SATAMUNA\"},\"image\":{\"@id\":\"https:\\\/\\\/satamuna.fi\\\/en\\\/#\\\/schema\\\/logo\\\/image\\\/\"}}]}<\/script>\n<!-- \/ Yoast SEO plugin. -->","yoast_head_json":{"title":"Satamuna - SATAMUNA","robots":{"index":"index","follow":"follow","max-snippet":"max-snippet:-1","max-image-preview":"max-image-preview:large","max-video-preview":"max-video-preview:-1"},"canonical":"https:\/\/satamuna.fi\/en\/satamuna\/","og_locale":"en_GB","og_type":"article","og_title":"Satamuna - SATAMUNA","og_description":"Historiaa jo vuodesta 1906 Satamuna Oy on perinteik\u00e4s perheyritys, jonka juuret ja kananmuniin liittyv\u00e4 tietotaito ulottuvat yli vuosisadan taakse. Toimintamme onkin jatkunut keskeytyksett\u00e4 aina vuodesta 1906. Yrityksen edistykselliset ja ymp\u00e4rist\u00f6yst\u00e4v\u00e4lliset tilat sijaitsevat Euran Paneliassa sek\u00e4 Harjavallassa. \u00a0 Pitk\u00e4n historiansa ansiosta Satamuna on osaava ja innovatiivinen munapakkaamo, joka panostaa voimakkaasti tuotteidensa laatuun ja jatkuvaan tuotekehitykseen. Satamuna&hellip;&nbsp;Read More &raquo;Satamuna","og_url":"https:\/\/satamuna.fi\/en\/satamuna\/","og_site_name":"SATAMUNA","article_modified_time":"2026-01-23T07:36:50+00:00","og_image":[{"url":"https:\/\/satamuna-fi.hel6.wp-cloud.dev\/wp-content\/uploads\/2020\/01\/neve-web-design-studio-06.jpg","type":"","width":"","height":""}],"twitter_card":"summary_large_image","twitter_misc":{"Estimated reading time":"2 minutes"},"schema":{"@context":"https:\/\/schema.org","@graph":[{"@type":"WebPage","@id":"https:\/\/satamuna.fi\/satamuna\/","url":"https:\/\/satamuna.fi\/satamuna\/","name":"Satamuna - SATAMUNA","isPartOf":{"@id":"https:\/\/satamuna.fi\/en\/#website"},"primaryImageOfPage":{"@id":"https:\/\/satamuna.fi\/satamuna\/#primaryimage"},"image":{"@id":"https:\/\/satamuna.fi\/satamuna\/#primaryimage"},"thumbnailUrl":"https:\/\/satamuna-fi.hel6.wp-cloud.dev\/wp-content\/uploads\/2020\/01\/neve-web-design-studio-06.jpg","datePublished":"2020-01-17T15:26:04+00:00","dateModified":"2026-01-23T07:36:50+00:00","breadcrumb":{"@id":"https:\/\/satamuna.fi\/satamuna\/#breadcrumb"},"inLanguage":"en-GB","potentialAction":[{"@type":"ReadAction","target":["https:\/\/satamuna.fi\/satamuna\/"]}]},{"@type":"ImageObject","inLanguage":"en-GB","@id":"https:\/\/satamuna.fi\/satamuna\/#primaryimage","url":"https:\/\/satamuna-fi.hel6.wp-cloud.dev\/wp-content\/uploads\/2020\/01\/neve-web-design-studio-06.jpg","contentUrl":"https:\/\/satamuna-fi.hel6.wp-cloud.dev\/wp-content\/uploads\/2020\/01\/neve-web-design-studio-06.jpg"},{"@type":"BreadcrumbList","@id":"https:\/\/satamuna.fi\/satamuna\/#breadcrumb","itemListElement":[{"@type":"ListItem","position":1,"name":"Etusivu","item":"https:\/\/satamuna.fi\/"},{"@type":"ListItem","position":2,"name":"Satamuna"}]},{"@type":"WebSite","@id":"https:\/\/satamuna.fi\/en\/#website","url":"https:\/\/satamuna.fi\/en\/","name":"SATAMUNA","description":"Se oikea soikea","publisher":{"@id":"https:\/\/satamuna.fi\/en\/#organization"},"potentialAction":[{"@type":"SearchAction","target":{"@type":"EntryPoint","urlTemplate":"https:\/\/satamuna.fi\/en\/?s={search_term_string}"},"query-input":{"@type":"PropertyValueSpecification","valueRequired":true,"valueName":"search_term_string"}}],"inLanguage":"en-GB"},{"@type":"Organization","@id":"https:\/\/satamuna.fi\/en\/#organization","name":"SATAMUNA","url":"https:\/\/satamuna.fi\/en\/","logo":{"@type":"ImageObject","inLanguage":"en-GB","@id":"https:\/\/satamuna.fi\/en\/#\/schema\/logo\/image\/","url":"https:\/\/satamuna.fi\/wp-content\/uploads\/2021\/01\/SATAMUNA_LOGO_WWW.png","contentUrl":"https:\/\/satamuna.fi\/wp-content\/uploads\/2021\/01\/SATAMUNA_LOGO_WWW.png","width":500,"height":140,"caption":"SATAMUNA"},"image":{"@id":"https:\/\/satamuna.fi\/en\/#\/schema\/logo\/image\/"}}]}},"_links":{"self":[{"href":"https:\/\/satamuna.fi\/en\/wp-json\/wp\/v2\/pages\/28","targetHints":{"allow":["GET"]}}],"collection":[{"href":"https:\/\/satamuna.fi\/en\/wp-json\/wp\/v2\/pages"}],"about":[{"href":"https:\/\/satamuna.fi\/en\/wp-json\/wp\/v2\/types\/page"}],"author":[{"embeddable":true,"href":"https:\/\/satamuna.fi\/en\/wp-json\/wp\/v2\/users\/1"}],"replies":[{"embeddable":true,"href":"https:\/\/satamuna.fi\/en\/wp-json\/wp\/v2\/comments?post=28"}],"version-history":[{"count":20,"href":"https:\/\/satamuna.fi\/en\/wp-json\/wp\/v2\/pages\/28\/revisions"}],"predecessor-version":[{"id":3492,"href":"https:\/\/satamuna.fi\/en\/wp-json\/wp\/v2\/pages\/28\/revisions\/3492"}],"wp:attachment":[{"href":"https:\/\/satamuna.fi\/en\/wp-json\/wp\/v2\/media?parent=28"}],"curies":[{"name":"wp","href":"https:\/\/api.w.org\/{rel}","templated":true}]}}