{"id":2199,"date":"2021-02-02T15:51:29","date_gmt":"2021-02-02T15:51:29","guid":{"rendered":"https:\/\/satamuna-fi.hel6.wp-cloud.dev\/?page_id=2199"},"modified":"2021-02-02T15:57:01","modified_gmt":"2021-02-02T15:57:01","slug":"camelina","status":"publish","type":"page","link":"https:\/\/satamuna.fi\/en\/camelina\/","title":{"rendered":"Camelina"},"content":{"rendered":"\t\t<div data-elementor-type=\"wp-page\" data-elementor-id=\"2199\" class=\"elementor elementor-2199\" data-elementor-post-type=\"page\">\n\t\t\t\t\t\t<section class=\"elementor-section elementor-top-section elementor-element elementor-element-482e797 animated-slow elementor-section-boxed elementor-section-height-default elementor-section-height-default elementor-invisible\" data-id=\"482e797\" data-element_type=\"section\" data-e-type=\"section\" data-settings=\"{&quot;background_background&quot;:&quot;classic&quot;,&quot;motion_fx_motion_fx_scrolling&quot;:&quot;yes&quot;,&quot;animation&quot;:&quot;fadeIn&quot;,&quot;motion_fx_devices&quot;:[&quot;desktop&quot;,&quot;tablet&quot;,&quot;mobile&quot;]}\">\n\t\t\t\t\t\t<div class=\"elementor-container elementor-column-gap-default\">\n\t\t\t\t\t<div class=\"elementor-column elementor-col-50 elementor-top-column elementor-element elementor-element-79ce61c\" data-id=\"79ce61c\" data-element_type=\"column\" data-e-type=\"column\">\n\t\t\t<div class=\"elementor-widget-wrap elementor-element-populated\">\n\t\t\t\t\t\t<div class=\"elementor-element elementor-element-cca1ff9 elementor-widget elementor-widget-heading\" data-id=\"cca1ff9\" data-element_type=\"widget\" data-e-type=\"widget\" data-widget_type=\"heading.default\">\n\t\t\t\t<div class=\"elementor-widget-container\">\n\t\t\t\t\t<h2 class=\"elementor-heading-title elementor-size-default\">Camelina-munat<\/h2>\t\t\t\t<\/div>\n\t\t\t\t<\/div>\n\t\t\t\t<div class=\"elementor-element elementor-element-aa5bd4c elementor-widget elementor-widget-text-editor\" data-id=\"aa5bd4c\" data-element_type=\"widget\" data-e-type=\"widget\" data-widget_type=\"text-editor.default\">\n\t\t\t\t<div class=\"elementor-widget-container\">\n\t\t\t\t\t\t\t\t\t<p>Tuote vastaa muutoin Vapaan kanan munia, mutta terveytt\u00e4 edist\u00e4viss\u00e4 Camelina-munissa on lis\u00e4ksi runsaasti Omega 3 -sarjan monityydyttym\u00e4tt\u00f6mi\u00e4 rasvahappoja sek\u00e4 runsaasti A-, D-, E- ja B-ryhm\u00e4n vitamiineja.<br>&nbsp;<br>Toisin kuin perinteisiss\u00e4 Omega-munissa, joissa kanoille annetaan osana ravintoa pellava\u00f6ljy\u00e4, n\u00e4m\u00e4 kanamme nauttivat Camelina-kasvi\u00f6ljy\u00e4. <br><br>Tutkimusten mukaan Camelina-munien alfalinoleenihappojen osuus on jopa <br>28 % korkeampi, kuin mit\u00e4 normaalien Omega 3 -munien pakkausmerkinn\u00f6iss\u00e4 mainitaan.<br><br>Camelina-munat on pakattu 6 munan koteloihin.<\/p>\t\t\t\t\t\t\t\t<\/div>\n\t\t\t\t<\/div>\n\t\t\t\t\t<\/div>\n\t\t<\/div>\n\t\t\t\t<div class=\"elementor-column elementor-col-50 elementor-top-column elementor-element elementor-element-63ea168\" data-id=\"63ea168\" data-element_type=\"column\" data-e-type=\"column\">\n\t\t\t<div class=\"elementor-widget-wrap elementor-element-populated\">\n\t\t\t\t\t\t<div class=\"elementor-element elementor-element-c8ba205 elementor-widget elementor-widget-image\" data-id=\"c8ba205\" data-element_type=\"widget\" data-e-type=\"widget\" data-widget_type=\"image.default\">\n\t\t\t\t<div class=\"elementor-widget-container\">\n\t\t\t\t\t\t\t\t\t\t\t\t\t\t\t<img fetchpriority=\"high\" decoding=\"async\" width=\"930\" height=\"620\" src=\"https:\/\/satamuna.fi\/wp-content\/uploads\/2021\/02\/SATAMUNA_CAMELINA_6-1.jpg\" class=\"attachment-large size-large wp-image-1913\" alt=\"\" srcset=\"https:\/\/satamuna.fi\/wp-content\/uploads\/2021\/02\/SATAMUNA_CAMELINA_6-1.jpg 930w, https:\/\/satamuna.fi\/wp-content\/uploads\/2021\/02\/SATAMUNA_CAMELINA_6-1-300x200.jpg 300w, https:\/\/satamuna.fi\/wp-content\/uploads\/2021\/02\/SATAMUNA_CAMELINA_6-1-768x512.jpg 768w\" sizes=\"(max-width: 930px) 100vw, 930px\" \/>\t\t\t\t\t\t\t\t\t\t\t\t\t\t\t<\/div>\n\t\t\t\t<\/div>\n\t\t\t\t\t<\/div>\n\t\t<\/div>\n\t\t\t\t\t<\/div>\n\t\t<\/section>\n\t\t\t\t<\/div>\n\t\t","protected":false},"excerpt":{"rendered":"<p>Camelina-munat Tuote vastaa muutoin Vapaan kanan munia, mutta terveytt\u00e4 edist\u00e4viss\u00e4 Camelina-munissa on lis\u00e4ksi runsaasti Omega 3 -sarjan monityydyttym\u00e4tt\u00f6mi\u00e4 rasvahappoja sek\u00e4 runsaasti A-, D-, E- ja B-ryhm\u00e4n vitamiineja.&nbsp;Toisin kuin perinteisiss\u00e4 Omega-munissa, joissa kanoille annetaan osana ravintoa pellava\u00f6ljy\u00e4, n\u00e4m\u00e4 kanamme nauttivat Camelina-kasvi\u00f6ljy\u00e4. Tutkimusten mukaan Camelina-munien alfalinoleenihappojen osuus on jopa 28 % korkeampi, kuin mit\u00e4 normaalien Omega 3&hellip;&nbsp;<a href=\"https:\/\/satamuna.fi\/en\/camelina\/\" rel=\"bookmark\">Read More &raquo;<span class=\"screen-reader-text\">Camelina<\/span><\/a><\/p>","protected":false},"author":1,"featured_media":0,"parent":0,"menu_order":0,"comment_status":"closed","ping_status":"closed","template":"page-templates\/template-pagebuilder-full-width.php","meta":{"neve_meta_sidebar":"full-width","neve_meta_container":"","neve_meta_enable_content_width":"on","neve_meta_content_width":100,"neve_meta_title_alignment":"","neve_meta_author_avatar":"","neve_post_elements_order":"","neve_meta_disable_header":"","neve_meta_disable_footer":"","neve_meta_disable_title":"","footnotes":""},"class_list":["post-2199","page","type-page","status-publish","hentry"],"yoast_head":"<!-- This site is optimized with the Yoast SEO plugin v27.3 - https:\/\/yoast.com\/product\/yoast-seo-wordpress\/ -->\n<title>Camelina - SATAMUNA<\/title>\n<meta name=\"robots\" content=\"index, follow, max-snippet:-1, max-image-preview:large, max-video-preview:-1\" \/>\n<link rel=\"canonical\" href=\"https:\/\/satamuna.fi\/en\/camelina\/\" \/>\n<meta property=\"og:locale\" content=\"en_GB\" \/>\n<meta property=\"og:type\" content=\"article\" \/>\n<meta property=\"og:title\" content=\"Camelina - SATAMUNA\" \/>\n<meta property=\"og:description\" content=\"Camelina-munat Tuote vastaa muutoin Vapaan kanan munia, mutta terveytt\u00e4 edist\u00e4viss\u00e4 Camelina-munissa on lis\u00e4ksi runsaasti Omega 3 -sarjan monityydyttym\u00e4tt\u00f6mi\u00e4 rasvahappoja sek\u00e4 runsaasti A-, D-, E- ja B-ryhm\u00e4n vitamiineja.&nbsp;Toisin kuin perinteisiss\u00e4 Omega-munissa, joissa kanoille annetaan osana ravintoa pellava\u00f6ljy\u00e4, n\u00e4m\u00e4 kanamme nauttivat Camelina-kasvi\u00f6ljy\u00e4. Tutkimusten mukaan Camelina-munien alfalinoleenihappojen osuus on jopa 28 % korkeampi, kuin mit\u00e4 normaalien Omega 3&hellip;&nbsp;Read More &raquo;Camelina\" \/>\n<meta property=\"og:url\" content=\"https:\/\/satamuna.fi\/en\/camelina\/\" \/>\n<meta property=\"og:site_name\" content=\"SATAMUNA\" \/>\n<meta property=\"article:modified_time\" content=\"2021-02-02T15:57:01+00:00\" \/>\n<meta property=\"og:image\" content=\"https:\/\/satamuna-fi.hel6.wp-cloud.dev\/wp-content\/uploads\/2021\/02\/SATAMUNA_CAMELINA_6-1.jpg\" \/>\n<meta name=\"twitter:card\" content=\"summary_large_image\" \/>\n<script type=\"application\/ld+json\" class=\"yoast-schema-graph\">{\"@context\":\"https:\\\/\\\/schema.org\",\"@graph\":[{\"@type\":\"WebPage\",\"@id\":\"https:\\\/\\\/satamuna.fi\\\/camelina\\\/\",\"url\":\"https:\\\/\\\/satamuna.fi\\\/camelina\\\/\",\"name\":\"Camelina - SATAMUNA\",\"isPartOf\":{\"@id\":\"https:\\\/\\\/satamuna.fi\\\/en\\\/#website\"},\"primaryImageOfPage\":{\"@id\":\"https:\\\/\\\/satamuna.fi\\\/camelina\\\/#primaryimage\"},\"image\":{\"@id\":\"https:\\\/\\\/satamuna.fi\\\/camelina\\\/#primaryimage\"},\"thumbnailUrl\":\"https:\\\/\\\/satamuna-fi.hel6.wp-cloud.dev\\\/wp-content\\\/uploads\\\/2021\\\/02\\\/SATAMUNA_CAMELINA_6-1.jpg\",\"datePublished\":\"2021-02-02T15:51:29+00:00\",\"dateModified\":\"2021-02-02T15:57:01+00:00\",\"breadcrumb\":{\"@id\":\"https:\\\/\\\/satamuna.fi\\\/camelina\\\/#breadcrumb\"},\"inLanguage\":\"en-GB\",\"potentialAction\":[{\"@type\":\"ReadAction\",\"target\":[\"https:\\\/\\\/satamuna.fi\\\/camelina\\\/\"]}]},{\"@type\":\"ImageObject\",\"inLanguage\":\"en-GB\",\"@id\":\"https:\\\/\\\/satamuna.fi\\\/camelina\\\/#primaryimage\",\"url\":\"https:\\\/\\\/satamuna-fi.hel6.wp-cloud.dev\\\/wp-content\\\/uploads\\\/2021\\\/02\\\/SATAMUNA_CAMELINA_6-1.jpg\",\"contentUrl\":\"https:\\\/\\\/satamuna-fi.hel6.wp-cloud.dev\\\/wp-content\\\/uploads\\\/2021\\\/02\\\/SATAMUNA_CAMELINA_6-1.jpg\"},{\"@type\":\"BreadcrumbList\",\"@id\":\"https:\\\/\\\/satamuna.fi\\\/camelina\\\/#breadcrumb\",\"itemListElement\":[{\"@type\":\"ListItem\",\"position\":1,\"name\":\"Etusivu\",\"item\":\"https:\\\/\\\/satamuna.fi\\\/\"},{\"@type\":\"ListItem\",\"position\":2,\"name\":\"Camelina\"}]},{\"@type\":\"WebSite\",\"@id\":\"https:\\\/\\\/satamuna.fi\\\/en\\\/#website\",\"url\":\"https:\\\/\\\/satamuna.fi\\\/en\\\/\",\"name\":\"SATAMUNA\",\"description\":\"Se oikea soikea\",\"publisher\":{\"@id\":\"https:\\\/\\\/satamuna.fi\\\/en\\\/#organization\"},\"potentialAction\":[{\"@type\":\"SearchAction\",\"target\":{\"@type\":\"EntryPoint\",\"urlTemplate\":\"https:\\\/\\\/satamuna.fi\\\/en\\\/?s={search_term_string}\"},\"query-input\":{\"@type\":\"PropertyValueSpecification\",\"valueRequired\":true,\"valueName\":\"search_term_string\"}}],\"inLanguage\":\"en-GB\"},{\"@type\":\"Organization\",\"@id\":\"https:\\\/\\\/satamuna.fi\\\/en\\\/#organization\",\"name\":\"SATAMUNA\",\"url\":\"https:\\\/\\\/satamuna.fi\\\/en\\\/\",\"logo\":{\"@type\":\"ImageObject\",\"inLanguage\":\"en-GB\",\"@id\":\"https:\\\/\\\/satamuna.fi\\\/en\\\/#\\\/schema\\\/logo\\\/image\\\/\",\"url\":\"https:\\\/\\\/satamuna.fi\\\/wp-content\\\/uploads\\\/2021\\\/01\\\/SATAMUNA_LOGO_WWW.png\",\"contentUrl\":\"https:\\\/\\\/satamuna.fi\\\/wp-content\\\/uploads\\\/2021\\\/01\\\/SATAMUNA_LOGO_WWW.png\",\"width\":500,\"height\":140,\"caption\":\"SATAMUNA\"},\"image\":{\"@id\":\"https:\\\/\\\/satamuna.fi\\\/en\\\/#\\\/schema\\\/logo\\\/image\\\/\"}}]}<\/script>\n<!-- \/ Yoast SEO plugin. -->","yoast_head_json":{"title":"Camelina - SATAMUNA","robots":{"index":"index","follow":"follow","max-snippet":"max-snippet:-1","max-image-preview":"max-image-preview:large","max-video-preview":"max-video-preview:-1"},"canonical":"https:\/\/satamuna.fi\/en\/camelina\/","og_locale":"en_GB","og_type":"article","og_title":"Camelina - SATAMUNA","og_description":"Camelina-munat Tuote vastaa muutoin Vapaan kanan munia, mutta terveytt\u00e4 edist\u00e4viss\u00e4 Camelina-munissa on lis\u00e4ksi runsaasti Omega 3 -sarjan monityydyttym\u00e4tt\u00f6mi\u00e4 rasvahappoja sek\u00e4 runsaasti A-, D-, E- ja B-ryhm\u00e4n vitamiineja.&nbsp;Toisin kuin perinteisiss\u00e4 Omega-munissa, joissa kanoille annetaan osana ravintoa pellava\u00f6ljy\u00e4, n\u00e4m\u00e4 kanamme nauttivat Camelina-kasvi\u00f6ljy\u00e4. Tutkimusten mukaan Camelina-munien alfalinoleenihappojen osuus on jopa 28 % korkeampi, kuin mit\u00e4 normaalien Omega 3&hellip;&nbsp;Read More &raquo;Camelina","og_url":"https:\/\/satamuna.fi\/en\/camelina\/","og_site_name":"SATAMUNA","article_modified_time":"2021-02-02T15:57:01+00:00","og_image":[{"url":"https:\/\/satamuna-fi.hel6.wp-cloud.dev\/wp-content\/uploads\/2021\/02\/SATAMUNA_CAMELINA_6-1.jpg","type":"","width":"","height":""}],"twitter_card":"summary_large_image","schema":{"@context":"https:\/\/schema.org","@graph":[{"@type":"WebPage","@id":"https:\/\/satamuna.fi\/camelina\/","url":"https:\/\/satamuna.fi\/camelina\/","name":"Camelina - SATAMUNA","isPartOf":{"@id":"https:\/\/satamuna.fi\/en\/#website"},"primaryImageOfPage":{"@id":"https:\/\/satamuna.fi\/camelina\/#primaryimage"},"image":{"@id":"https:\/\/satamuna.fi\/camelina\/#primaryimage"},"thumbnailUrl":"https:\/\/satamuna-fi.hel6.wp-cloud.dev\/wp-content\/uploads\/2021\/02\/SATAMUNA_CAMELINA_6-1.jpg","datePublished":"2021-02-02T15:51:29+00:00","dateModified":"2021-02-02T15:57:01+00:00","breadcrumb":{"@id":"https:\/\/satamuna.fi\/camelina\/#breadcrumb"},"inLanguage":"en-GB","potentialAction":[{"@type":"ReadAction","target":["https:\/\/satamuna.fi\/camelina\/"]}]},{"@type":"ImageObject","inLanguage":"en-GB","@id":"https:\/\/satamuna.fi\/camelina\/#primaryimage","url":"https:\/\/satamuna-fi.hel6.wp-cloud.dev\/wp-content\/uploads\/2021\/02\/SATAMUNA_CAMELINA_6-1.jpg","contentUrl":"https:\/\/satamuna-fi.hel6.wp-cloud.dev\/wp-content\/uploads\/2021\/02\/SATAMUNA_CAMELINA_6-1.jpg"},{"@type":"BreadcrumbList","@id":"https:\/\/satamuna.fi\/camelina\/#breadcrumb","itemListElement":[{"@type":"ListItem","position":1,"name":"Etusivu","item":"https:\/\/satamuna.fi\/"},{"@type":"ListItem","position":2,"name":"Camelina"}]},{"@type":"WebSite","@id":"https:\/\/satamuna.fi\/en\/#website","url":"https:\/\/satamuna.fi\/en\/","name":"SATAMUNA","description":"Se oikea soikea","publisher":{"@id":"https:\/\/satamuna.fi\/en\/#organization"},"potentialAction":[{"@type":"SearchAction","target":{"@type":"EntryPoint","urlTemplate":"https:\/\/satamuna.fi\/en\/?s={search_term_string}"},"query-input":{"@type":"PropertyValueSpecification","valueRequired":true,"valueName":"search_term_string"}}],"inLanguage":"en-GB"},{"@type":"Organization","@id":"https:\/\/satamuna.fi\/en\/#organization","name":"SATAMUNA","url":"https:\/\/satamuna.fi\/en\/","logo":{"@type":"ImageObject","inLanguage":"en-GB","@id":"https:\/\/satamuna.fi\/en\/#\/schema\/logo\/image\/","url":"https:\/\/satamuna.fi\/wp-content\/uploads\/2021\/01\/SATAMUNA_LOGO_WWW.png","contentUrl":"https:\/\/satamuna.fi\/wp-content\/uploads\/2021\/01\/SATAMUNA_LOGO_WWW.png","width":500,"height":140,"caption":"SATAMUNA"},"image":{"@id":"https:\/\/satamuna.fi\/en\/#\/schema\/logo\/image\/"}}]}},"_links":{"self":[{"href":"https:\/\/satamuna.fi\/en\/wp-json\/wp\/v2\/pages\/2199","targetHints":{"allow":["GET"]}}],"collection":[{"href":"https:\/\/satamuna.fi\/en\/wp-json\/wp\/v2\/pages"}],"about":[{"href":"https:\/\/satamuna.fi\/en\/wp-json\/wp\/v2\/types\/page"}],"author":[{"embeddable":true,"href":"https:\/\/satamuna.fi\/en\/wp-json\/wp\/v2\/users\/1"}],"replies":[{"embeddable":true,"href":"https:\/\/satamuna.fi\/en\/wp-json\/wp\/v2\/comments?post=2199"}],"version-history":[{"count":16,"href":"https:\/\/satamuna.fi\/en\/wp-json\/wp\/v2\/pages\/2199\/revisions"}],"predecessor-version":[{"id":2218,"href":"https:\/\/satamuna.fi\/en\/wp-json\/wp\/v2\/pages\/2199\/revisions\/2218"}],"wp:attachment":[{"href":"https:\/\/satamuna.fi\/en\/wp-json\/wp\/v2\/media?parent=2199"}],"curies":[{"name":"wp","href":"https:\/\/api.w.org\/{rel}","templated":true}]}}