{"id":2073,"date":"2021-02-02T14:24:34","date_gmt":"2021-02-02T14:24:34","guid":{"rendered":"https:\/\/satamuna-fi.hel6.wp-cloud.dev\/?page_id=2073"},"modified":"2022-02-11T14:04:02","modified_gmt":"2022-02-11T12:04:02","slug":"vapaa","status":"publish","type":"page","link":"https:\/\/satamuna.fi\/en\/vapaa\/","title":{"rendered":"Vapaa"},"content":{"rendered":"\t\t<div data-elementor-type=\"wp-page\" data-elementor-id=\"2073\" class=\"elementor elementor-2073\" data-elementor-post-type=\"page\">\n\t\t\t\t\t\t<section class=\"elementor-section elementor-top-section elementor-element elementor-element-a8021bc animated-slow elementor-section-boxed elementor-section-height-default elementor-section-height-default elementor-invisible\" data-id=\"a8021bc\" data-element_type=\"section\" data-e-type=\"section\" data-settings=\"{&quot;motion_fx_motion_fx_scrolling&quot;:&quot;yes&quot;,&quot;animation&quot;:&quot;fadeIn&quot;,&quot;motion_fx_devices&quot;:[&quot;desktop&quot;,&quot;tablet&quot;,&quot;mobile&quot;]}\">\n\t\t\t\t\t\t\t<div class=\"elementor-background-overlay\"><\/div>\n\t\t\t\t\t\t\t<div class=\"elementor-container elementor-column-gap-default\">\n\t\t\t\t\t<div class=\"elementor-column elementor-col-50 elementor-top-column elementor-element elementor-element-48d5e79\" data-id=\"48d5e79\" data-element_type=\"column\" data-e-type=\"column\">\n\t\t\t<div class=\"elementor-widget-wrap elementor-element-populated\">\n\t\t\t\t\t\t<div class=\"elementor-element elementor-element-a68e854 elementor-widget elementor-widget-heading\" data-id=\"a68e854\" data-element_type=\"widget\" data-e-type=\"widget\" data-widget_type=\"heading.default\">\n\t\t\t\t<div class=\"elementor-widget-container\">\n\t\t\t\t\t<h2 class=\"elementor-heading-title elementor-size-default\">Vapaan kanan munat<\/h2>\t\t\t\t<\/div>\n\t\t\t\t<\/div>\n\t\t\t\t<div class=\"elementor-element elementor-element-74f2c32 elementor-widget elementor-widget-text-editor\" data-id=\"74f2c32\" data-element_type=\"widget\" data-e-type=\"widget\" data-widget_type=\"text-editor.default\">\n\t\t\t\t<div class=\"elementor-widget-container\">\n\t\t\t\t\t\t\t\t\t<p>Vapaan kanan munat on tuotettu nykyaikaisissa lattia- tai kerroslattiakanaloissa, joissa kanat voivat lennell\u00e4 vapaasti, munia pesiin, kiikuskella tai hyppi\u00e4 orrelta toiselle, luoda omia sosiaalisia verkostoja sek\u00e4 perustaa kuppikuntia eli viett\u00e4\u00e4 oikeaa kananel\u00e4m\u00e4\u00e4.<br \/><br \/>Vapaan kanan munat myyd\u00e4\u00e4n k\u00e4teviss\u00e4 6, 8, 10 ja 15 munan kartonkipakkauksissa tai ymp\u00e4rist\u00f6yst\u00e4v\u00e4llisess\u00e4 l\u00e4pin\u00e4kyviss\u00e4 15 ja 20 munan 100 % kierr\u00e4tyskennoissa.<\/p><p>Isomman n\u00e4l\u00e4n tai vaikka juhlien yll\u00e4tt\u00e4ess\u00e4 valikoimastamme l\u00f6ytyy my\u00f6s suuri 24 munan pakkaus.<\/p>\t\t\t\t\t\t\t\t<\/div>\n\t\t\t\t<\/div>\n\t\t\t\t\t<\/div>\n\t\t<\/div>\n\t\t\t\t<div class=\"elementor-column elementor-col-50 elementor-top-column elementor-element elementor-element-be082ad\" data-id=\"be082ad\" data-element_type=\"column\" data-e-type=\"column\">\n\t\t\t<div class=\"elementor-widget-wrap elementor-element-populated\">\n\t\t\t\t\t\t<div class=\"elementor-element elementor-element-5dd5b7b elementor-widget elementor-widget-image\" data-id=\"5dd5b7b\" data-element_type=\"widget\" data-e-type=\"widget\" data-widget_type=\"image.default\">\n\t\t\t\t<div class=\"elementor-widget-container\">\n\t\t\t\t\t\t\t\t\t\t\t\t\t\t\t<img fetchpriority=\"high\" decoding=\"async\" width=\"768\" height=\"512\" src=\"https:\/\/satamuna.fi\/wp-content\/uploads\/2021\/02\/SATAMUNA_VAPAA_6-1-768x512.jpg\" class=\"attachment-medium_large size-medium_large wp-image-1911\" alt=\"\" srcset=\"https:\/\/satamuna.fi\/wp-content\/uploads\/2021\/02\/SATAMUNA_VAPAA_6-1-768x512.jpg 768w, https:\/\/satamuna.fi\/wp-content\/uploads\/2021\/02\/SATAMUNA_VAPAA_6-1-300x200.jpg 300w, https:\/\/satamuna.fi\/wp-content\/uploads\/2021\/02\/SATAMUNA_VAPAA_6-1.jpg 930w\" sizes=\"(max-width: 768px) 100vw, 768px\" \/>\t\t\t\t\t\t\t\t\t\t\t\t\t\t\t<\/div>\n\t\t\t\t<\/div>\n\t\t\t\t<div class=\"elementor-element elementor-element-468e009 elementor-widget elementor-widget-image\" data-id=\"468e009\" data-element_type=\"widget\" data-e-type=\"widget\" data-widget_type=\"image.default\">\n\t\t\t\t<div class=\"elementor-widget-container\">\n\t\t\t\t\t\t\t\t\t\t\t\t\t\t\t<img decoding=\"async\" width=\"930\" height=\"620\" src=\"https:\/\/satamuna.fi\/wp-content\/uploads\/2021\/02\/SATAMUNA_VAPAA_8_.jpg\" class=\"attachment-large size-large wp-image-1909\" alt=\"\" srcset=\"https:\/\/satamuna.fi\/wp-content\/uploads\/2021\/02\/SATAMUNA_VAPAA_8_.jpg 930w, https:\/\/satamuna.fi\/wp-content\/uploads\/2021\/02\/SATAMUNA_VAPAA_8_-300x200.jpg 300w, https:\/\/satamuna.fi\/wp-content\/uploads\/2021\/02\/SATAMUNA_VAPAA_8_-768x512.jpg 768w\" sizes=\"(max-width: 930px) 100vw, 930px\" \/>\t\t\t\t\t\t\t\t\t\t\t\t\t\t\t<\/div>\n\t\t\t\t<\/div>\n\t\t\t\t<div class=\"elementor-element elementor-element-b93567e elementor-widget elementor-widget-image\" data-id=\"b93567e\" data-element_type=\"widget\" data-e-type=\"widget\" data-widget_type=\"image.default\">\n\t\t\t\t<div class=\"elementor-widget-container\">\n\t\t\t\t\t\t\t\t\t\t\t\t\t\t\t<img decoding=\"async\" width=\"768\" height=\"512\" src=\"https:\/\/satamuna.fi\/wp-content\/uploads\/2021\/02\/SATAMUNA_VAPAA_10-768x512.jpg\" class=\"attachment-medium_large size-medium_large wp-image-1900\" alt=\"\" srcset=\"https:\/\/satamuna.fi\/wp-content\/uploads\/2021\/02\/SATAMUNA_VAPAA_10-768x512.jpg 768w, https:\/\/satamuna.fi\/wp-content\/uploads\/2021\/02\/SATAMUNA_VAPAA_10-300x200.jpg 300w, https:\/\/satamuna.fi\/wp-content\/uploads\/2021\/02\/SATAMUNA_VAPAA_10.jpg 930w\" sizes=\"(max-width: 768px) 100vw, 768px\" \/>\t\t\t\t\t\t\t\t\t\t\t\t\t\t\t<\/div>\n\t\t\t\t<\/div>\n\t\t\t\t<div class=\"elementor-element elementor-element-ec53637 elementor-widget elementor-widget-image\" data-id=\"ec53637\" data-element_type=\"widget\" data-e-type=\"widget\" data-widget_type=\"image.default\">\n\t\t\t\t<div class=\"elementor-widget-container\">\n\t\t\t\t\t\t\t\t\t\t\t\t\t\t\t<img loading=\"lazy\" decoding=\"async\" width=\"768\" height=\"512\" src=\"https:\/\/satamuna.fi\/wp-content\/uploads\/2022\/02\/SATAMUNA_VAPAA_15_KART-768x512.jpg\" class=\"attachment-medium_large size-medium_large wp-image-2886\" alt=\"\" srcset=\"https:\/\/satamuna.fi\/wp-content\/uploads\/2022\/02\/SATAMUNA_VAPAA_15_KART-768x512.jpg 768w, https:\/\/satamuna.fi\/wp-content\/uploads\/2022\/02\/SATAMUNA_VAPAA_15_KART-300x200.jpg 300w, https:\/\/satamuna.fi\/wp-content\/uploads\/2022\/02\/SATAMUNA_VAPAA_15_KART-18x12.jpg 18w, https:\/\/satamuna.fi\/wp-content\/uploads\/2022\/02\/SATAMUNA_VAPAA_15_KART.jpg 930w\" sizes=\"(max-width: 768px) 100vw, 768px\" \/>\t\t\t\t\t\t\t\t\t\t\t\t\t\t\t<\/div>\n\t\t\t\t<\/div>\n\t\t\t\t<div class=\"elementor-element elementor-element-00e5f42 elementor-widget elementor-widget-image\" data-id=\"00e5f42\" data-element_type=\"widget\" data-e-type=\"widget\" data-widget_type=\"image.default\">\n\t\t\t\t<div class=\"elementor-widget-container\">\n\t\t\t\t\t\t\t\t\t\t\t\t\t\t\t<img loading=\"lazy\" decoding=\"async\" width=\"768\" height=\"512\" src=\"https:\/\/satamuna.fi\/wp-content\/uploads\/2021\/02\/SATAMUNA_VAPAA_15-768x512.jpg\" class=\"attachment-medium_large size-medium_large wp-image-1901\" alt=\"\" srcset=\"https:\/\/satamuna.fi\/wp-content\/uploads\/2021\/02\/SATAMUNA_VAPAA_15-768x512.jpg 768w, https:\/\/satamuna.fi\/wp-content\/uploads\/2021\/02\/SATAMUNA_VAPAA_15-300x200.jpg 300w, https:\/\/satamuna.fi\/wp-content\/uploads\/2021\/02\/SATAMUNA_VAPAA_15.jpg 930w\" sizes=\"(max-width: 768px) 100vw, 768px\" \/>\t\t\t\t\t\t\t\t\t\t\t\t\t\t\t<\/div>\n\t\t\t\t<\/div>\n\t\t\t\t<div class=\"elementor-element elementor-element-d518b24 elementor-widget elementor-widget-image\" data-id=\"d518b24\" data-element_type=\"widget\" data-e-type=\"widget\" data-widget_type=\"image.default\">\n\t\t\t\t<div class=\"elementor-widget-container\">\n\t\t\t\t\t\t\t\t\t\t\t\t\t\t\t<img loading=\"lazy\" decoding=\"async\" width=\"768\" height=\"512\" src=\"https:\/\/satamuna.fi\/wp-content\/uploads\/2022\/02\/SATAMUNA_VAPAA_20-768x512.jpg\" class=\"attachment-medium_large size-medium_large wp-image-2868\" alt=\"\" srcset=\"https:\/\/satamuna.fi\/wp-content\/uploads\/2022\/02\/SATAMUNA_VAPAA_20-768x512.jpg 768w, https:\/\/satamuna.fi\/wp-content\/uploads\/2022\/02\/SATAMUNA_VAPAA_20-300x200.jpg 300w, https:\/\/satamuna.fi\/wp-content\/uploads\/2022\/02\/SATAMUNA_VAPAA_20-18x12.jpg 18w, https:\/\/satamuna.fi\/wp-content\/uploads\/2022\/02\/SATAMUNA_VAPAA_20.jpg 930w\" sizes=\"(max-width: 768px) 100vw, 768px\" \/>\t\t\t\t\t\t\t\t\t\t\t\t\t\t\t<\/div>\n\t\t\t\t<\/div>\n\t\t\t\t<div class=\"elementor-element elementor-element-ae5bce9 elementor-widget elementor-widget-image\" data-id=\"ae5bce9\" data-element_type=\"widget\" data-e-type=\"widget\" data-widget_type=\"image.default\">\n\t\t\t\t<div class=\"elementor-widget-container\">\n\t\t\t\t\t\t\t\t\t\t\t\t\t\t\t<img loading=\"lazy\" decoding=\"async\" width=\"768\" height=\"512\" src=\"https:\/\/satamuna.fi\/wp-content\/uploads\/2021\/02\/SATAMUNA_VAPAA_24-768x512.jpg\" class=\"attachment-medium_large size-medium_large wp-image-1902\" alt=\"\" srcset=\"https:\/\/satamuna.fi\/wp-content\/uploads\/2021\/02\/SATAMUNA_VAPAA_24-768x512.jpg 768w, https:\/\/satamuna.fi\/wp-content\/uploads\/2021\/02\/SATAMUNA_VAPAA_24-300x200.jpg 300w, https:\/\/satamuna.fi\/wp-content\/uploads\/2021\/02\/SATAMUNA_VAPAA_24.jpg 930w\" sizes=\"(max-width: 768px) 100vw, 768px\" \/>\t\t\t\t\t\t\t\t\t\t\t\t\t\t\t<\/div>\n\t\t\t\t<\/div>\n\t\t\t\t\t<\/div>\n\t\t<\/div>\n\t\t\t\t\t<\/div>\n\t\t<\/section>\n\t\t\t\t<\/div>\n\t\t","protected":false},"excerpt":{"rendered":"<p>Vapaan kanan munat Vapaan kanan munat on tuotettu nykyaikaisissa lattia- tai kerroslattiakanaloissa, joissa kanat voivat lennell\u00e4 vapaasti, munia pesiin, kiikuskella tai hyppi\u00e4 orrelta toiselle, luoda omia sosiaalisia verkostoja sek\u00e4 perustaa kuppikuntia eli viett\u00e4\u00e4 oikeaa kananel\u00e4m\u00e4\u00e4. Vapaan kanan munat myyd\u00e4\u00e4n k\u00e4teviss\u00e4 6, 8, 10 ja 15 munan kartonkipakkauksissa tai ymp\u00e4rist\u00f6yst\u00e4v\u00e4llisess\u00e4 l\u00e4pin\u00e4kyviss\u00e4 15 ja 20 munan 100&hellip;&nbsp;<a href=\"https:\/\/satamuna.fi\/en\/vapaa\/\" rel=\"bookmark\">Read More &raquo;<span class=\"screen-reader-text\">Vapaa<\/span><\/a><\/p>","protected":false},"author":1,"featured_media":0,"parent":0,"menu_order":0,"comment_status":"closed","ping_status":"closed","template":"page-templates\/template-pagebuilder-full-width.php","meta":{"neve_meta_sidebar":"full-width","neve_meta_container":"","neve_meta_enable_content_width":"on","neve_meta_content_width":100,"neve_meta_title_alignment":"","neve_meta_author_avatar":"","neve_post_elements_order":"","neve_meta_disable_header":"","neve_meta_disable_footer":"","neve_meta_disable_title":"","footnotes":""},"class_list":["post-2073","page","type-page","status-publish","hentry"],"yoast_head":"<!-- This site is optimized with the Yoast SEO plugin v27.3 - https:\/\/yoast.com\/product\/yoast-seo-wordpress\/ -->\n<title>Vapaa - SATAMUNA<\/title>\n<meta name=\"robots\" content=\"index, follow, max-snippet:-1, max-image-preview:large, max-video-preview:-1\" \/>\n<link rel=\"canonical\" href=\"https:\/\/satamuna.fi\/en\/vapaa\/\" \/>\n<meta property=\"og:locale\" content=\"en_GB\" \/>\n<meta property=\"og:type\" content=\"article\" \/>\n<meta property=\"og:title\" content=\"Vapaa - SATAMUNA\" \/>\n<meta property=\"og:description\" content=\"Vapaan kanan munat Vapaan kanan munat on tuotettu nykyaikaisissa lattia- tai kerroslattiakanaloissa, joissa kanat voivat lennell\u00e4 vapaasti, munia pesiin, kiikuskella tai hyppi\u00e4 orrelta toiselle, luoda omia sosiaalisia verkostoja sek\u00e4 perustaa kuppikuntia eli viett\u00e4\u00e4 oikeaa kananel\u00e4m\u00e4\u00e4. Vapaan kanan munat myyd\u00e4\u00e4n k\u00e4teviss\u00e4 6, 8, 10 ja 15 munan kartonkipakkauksissa tai ymp\u00e4rist\u00f6yst\u00e4v\u00e4llisess\u00e4 l\u00e4pin\u00e4kyviss\u00e4 15 ja 20 munan 100&hellip;&nbsp;Read More &raquo;Vapaa\" \/>\n<meta property=\"og:url\" content=\"https:\/\/satamuna.fi\/en\/vapaa\/\" \/>\n<meta property=\"og:site_name\" content=\"SATAMUNA\" \/>\n<meta property=\"article:modified_time\" content=\"2022-02-11T12:04:02+00:00\" \/>\n<meta property=\"og:image\" content=\"https:\/\/satamuna.fi\/wp-content\/uploads\/2021\/02\/SATAMUNA_VAPAA_6-1-768x512.jpg\" \/>\n<meta name=\"twitter:card\" content=\"summary_large_image\" \/>\n<script type=\"application\/ld+json\" class=\"yoast-schema-graph\">{\"@context\":\"https:\\\/\\\/schema.org\",\"@graph\":[{\"@type\":\"WebPage\",\"@id\":\"https:\\\/\\\/satamuna.fi\\\/vapaa\\\/\",\"url\":\"https:\\\/\\\/satamuna.fi\\\/vapaa\\\/\",\"name\":\"Vapaa - SATAMUNA\",\"isPartOf\":{\"@id\":\"https:\\\/\\\/satamuna.fi\\\/en\\\/#website\"},\"primaryImageOfPage\":{\"@id\":\"https:\\\/\\\/satamuna.fi\\\/vapaa\\\/#primaryimage\"},\"image\":{\"@id\":\"https:\\\/\\\/satamuna.fi\\\/vapaa\\\/#primaryimage\"},\"thumbnailUrl\":\"https:\\\/\\\/satamuna.fi\\\/wp-content\\\/uploads\\\/2021\\\/02\\\/SATAMUNA_VAPAA_6-1-768x512.jpg\",\"datePublished\":\"2021-02-02T14:24:34+00:00\",\"dateModified\":\"2022-02-11T12:04:02+00:00\",\"breadcrumb\":{\"@id\":\"https:\\\/\\\/satamuna.fi\\\/vapaa\\\/#breadcrumb\"},\"inLanguage\":\"en-GB\",\"potentialAction\":[{\"@type\":\"ReadAction\",\"target\":[\"https:\\\/\\\/satamuna.fi\\\/vapaa\\\/\"]}]},{\"@type\":\"ImageObject\",\"inLanguage\":\"en-GB\",\"@id\":\"https:\\\/\\\/satamuna.fi\\\/vapaa\\\/#primaryimage\",\"url\":\"https:\\\/\\\/satamuna.fi\\\/wp-content\\\/uploads\\\/2021\\\/02\\\/SATAMUNA_VAPAA_6-1-768x512.jpg\",\"contentUrl\":\"https:\\\/\\\/satamuna.fi\\\/wp-content\\\/uploads\\\/2021\\\/02\\\/SATAMUNA_VAPAA_6-1-768x512.jpg\"},{\"@type\":\"BreadcrumbList\",\"@id\":\"https:\\\/\\\/satamuna.fi\\\/vapaa\\\/#breadcrumb\",\"itemListElement\":[{\"@type\":\"ListItem\",\"position\":1,\"name\":\"Etusivu\",\"item\":\"https:\\\/\\\/satamuna.fi\\\/\"},{\"@type\":\"ListItem\",\"position\":2,\"name\":\"Vapaa\"}]},{\"@type\":\"WebSite\",\"@id\":\"https:\\\/\\\/satamuna.fi\\\/en\\\/#website\",\"url\":\"https:\\\/\\\/satamuna.fi\\\/en\\\/\",\"name\":\"SATAMUNA\",\"description\":\"Se oikea soikea\",\"publisher\":{\"@id\":\"https:\\\/\\\/satamuna.fi\\\/en\\\/#organization\"},\"potentialAction\":[{\"@type\":\"SearchAction\",\"target\":{\"@type\":\"EntryPoint\",\"urlTemplate\":\"https:\\\/\\\/satamuna.fi\\\/en\\\/?s={search_term_string}\"},\"query-input\":{\"@type\":\"PropertyValueSpecification\",\"valueRequired\":true,\"valueName\":\"search_term_string\"}}],\"inLanguage\":\"en-GB\"},{\"@type\":\"Organization\",\"@id\":\"https:\\\/\\\/satamuna.fi\\\/en\\\/#organization\",\"name\":\"SATAMUNA\",\"url\":\"https:\\\/\\\/satamuna.fi\\\/en\\\/\",\"logo\":{\"@type\":\"ImageObject\",\"inLanguage\":\"en-GB\",\"@id\":\"https:\\\/\\\/satamuna.fi\\\/en\\\/#\\\/schema\\\/logo\\\/image\\\/\",\"url\":\"https:\\\/\\\/satamuna.fi\\\/wp-content\\\/uploads\\\/2021\\\/01\\\/SATAMUNA_LOGO_WWW.png\",\"contentUrl\":\"https:\\\/\\\/satamuna.fi\\\/wp-content\\\/uploads\\\/2021\\\/01\\\/SATAMUNA_LOGO_WWW.png\",\"width\":500,\"height\":140,\"caption\":\"SATAMUNA\"},\"image\":{\"@id\":\"https:\\\/\\\/satamuna.fi\\\/en\\\/#\\\/schema\\\/logo\\\/image\\\/\"}}]}<\/script>\n<!-- \/ Yoast SEO plugin. -->","yoast_head_json":{"title":"Vapaa - SATAMUNA","robots":{"index":"index","follow":"follow","max-snippet":"max-snippet:-1","max-image-preview":"max-image-preview:large","max-video-preview":"max-video-preview:-1"},"canonical":"https:\/\/satamuna.fi\/en\/vapaa\/","og_locale":"en_GB","og_type":"article","og_title":"Vapaa - SATAMUNA","og_description":"Vapaan kanan munat Vapaan kanan munat on tuotettu nykyaikaisissa lattia- tai kerroslattiakanaloissa, joissa kanat voivat lennell\u00e4 vapaasti, munia pesiin, kiikuskella tai hyppi\u00e4 orrelta toiselle, luoda omia sosiaalisia verkostoja sek\u00e4 perustaa kuppikuntia eli viett\u00e4\u00e4 oikeaa kananel\u00e4m\u00e4\u00e4. Vapaan kanan munat myyd\u00e4\u00e4n k\u00e4teviss\u00e4 6, 8, 10 ja 15 munan kartonkipakkauksissa tai ymp\u00e4rist\u00f6yst\u00e4v\u00e4llisess\u00e4 l\u00e4pin\u00e4kyviss\u00e4 15 ja 20 munan 100&hellip;&nbsp;Read More &raquo;Vapaa","og_url":"https:\/\/satamuna.fi\/en\/vapaa\/","og_site_name":"SATAMUNA","article_modified_time":"2022-02-11T12:04:02+00:00","og_image":[{"url":"https:\/\/satamuna.fi\/wp-content\/uploads\/2021\/02\/SATAMUNA_VAPAA_6-1-768x512.jpg","type":"","width":"","height":""}],"twitter_card":"summary_large_image","schema":{"@context":"https:\/\/schema.org","@graph":[{"@type":"WebPage","@id":"https:\/\/satamuna.fi\/vapaa\/","url":"https:\/\/satamuna.fi\/vapaa\/","name":"Vapaa - SATAMUNA","isPartOf":{"@id":"https:\/\/satamuna.fi\/en\/#website"},"primaryImageOfPage":{"@id":"https:\/\/satamuna.fi\/vapaa\/#primaryimage"},"image":{"@id":"https:\/\/satamuna.fi\/vapaa\/#primaryimage"},"thumbnailUrl":"https:\/\/satamuna.fi\/wp-content\/uploads\/2021\/02\/SATAMUNA_VAPAA_6-1-768x512.jpg","datePublished":"2021-02-02T14:24:34+00:00","dateModified":"2022-02-11T12:04:02+00:00","breadcrumb":{"@id":"https:\/\/satamuna.fi\/vapaa\/#breadcrumb"},"inLanguage":"en-GB","potentialAction":[{"@type":"ReadAction","target":["https:\/\/satamuna.fi\/vapaa\/"]}]},{"@type":"ImageObject","inLanguage":"en-GB","@id":"https:\/\/satamuna.fi\/vapaa\/#primaryimage","url":"https:\/\/satamuna.fi\/wp-content\/uploads\/2021\/02\/SATAMUNA_VAPAA_6-1-768x512.jpg","contentUrl":"https:\/\/satamuna.fi\/wp-content\/uploads\/2021\/02\/SATAMUNA_VAPAA_6-1-768x512.jpg"},{"@type":"BreadcrumbList","@id":"https:\/\/satamuna.fi\/vapaa\/#breadcrumb","itemListElement":[{"@type":"ListItem","position":1,"name":"Etusivu","item":"https:\/\/satamuna.fi\/"},{"@type":"ListItem","position":2,"name":"Vapaa"}]},{"@type":"WebSite","@id":"https:\/\/satamuna.fi\/en\/#website","url":"https:\/\/satamuna.fi\/en\/","name":"SATAMUNA","description":"Se oikea soikea","publisher":{"@id":"https:\/\/satamuna.fi\/en\/#organization"},"potentialAction":[{"@type":"SearchAction","target":{"@type":"EntryPoint","urlTemplate":"https:\/\/satamuna.fi\/en\/?s={search_term_string}"},"query-input":{"@type":"PropertyValueSpecification","valueRequired":true,"valueName":"search_term_string"}}],"inLanguage":"en-GB"},{"@type":"Organization","@id":"https:\/\/satamuna.fi\/en\/#organization","name":"SATAMUNA","url":"https:\/\/satamuna.fi\/en\/","logo":{"@type":"ImageObject","inLanguage":"en-GB","@id":"https:\/\/satamuna.fi\/en\/#\/schema\/logo\/image\/","url":"https:\/\/satamuna.fi\/wp-content\/uploads\/2021\/01\/SATAMUNA_LOGO_WWW.png","contentUrl":"https:\/\/satamuna.fi\/wp-content\/uploads\/2021\/01\/SATAMUNA_LOGO_WWW.png","width":500,"height":140,"caption":"SATAMUNA"},"image":{"@id":"https:\/\/satamuna.fi\/en\/#\/schema\/logo\/image\/"}}]}},"_links":{"self":[{"href":"https:\/\/satamuna.fi\/en\/wp-json\/wp\/v2\/pages\/2073","targetHints":{"allow":["GET"]}}],"collection":[{"href":"https:\/\/satamuna.fi\/en\/wp-json\/wp\/v2\/pages"}],"about":[{"href":"https:\/\/satamuna.fi\/en\/wp-json\/wp\/v2\/types\/page"}],"author":[{"embeddable":true,"href":"https:\/\/satamuna.fi\/en\/wp-json\/wp\/v2\/users\/1"}],"replies":[{"embeddable":true,"href":"https:\/\/satamuna.fi\/en\/wp-json\/wp\/v2\/comments?post=2073"}],"version-history":[{"count":20,"href":"https:\/\/satamuna.fi\/en\/wp-json\/wp\/v2\/pages\/2073\/revisions"}],"predecessor-version":[{"id":2898,"href":"https:\/\/satamuna.fi\/en\/wp-json\/wp\/v2\/pages\/2073\/revisions\/2898"}],"wp:attachment":[{"href":"https:\/\/satamuna.fi\/en\/wp-json\/wp\/v2\/media?parent=2073"}],"curies":[{"name":"wp","href":"https:\/\/api.w.org\/{rel}","templated":true}]}}