{"id":1570,"date":"2021-02-01T06:43:13","date_gmt":"2021-02-01T06:43:13","guid":{"rendered":"https:\/\/satamuna-fi.hel6.wp-cloud.dev\/?page_id=1570"},"modified":"2025-01-14T11:04:59","modified_gmt":"2025-01-14T09:04:59","slug":"historia","status":"publish","type":"page","link":"https:\/\/satamuna.fi\/en\/historia\/","title":{"rendered":"Historia"},"content":{"rendered":"\t\t<div data-elementor-type=\"wp-page\" data-elementor-id=\"1570\" class=\"elementor elementor-1570\" data-elementor-post-type=\"page\">\n\t\t\t\t\t\t<section class=\"elementor-section elementor-top-section elementor-element elementor-element-72d3ad3 elementor-section-boxed elementor-section-height-default elementor-section-height-default\" data-id=\"72d3ad3\" data-element_type=\"section\" data-e-type=\"section\">\n\t\t\t\t\t\t<div class=\"elementor-container elementor-column-gap-default\">\n\t\t\t\t\t<div class=\"elementor-column elementor-col-100 elementor-top-column elementor-element elementor-element-a1cf230\" data-id=\"a1cf230\" data-element_type=\"column\" data-e-type=\"column\">\n\t\t\t<div class=\"elementor-widget-wrap elementor-element-populated\">\n\t\t\t\t\t\t<div class=\"elementor-element elementor-element-3cb27d3 elementor-widget elementor-widget-image\" data-id=\"3cb27d3\" data-element_type=\"widget\" data-e-type=\"widget\" data-widget_type=\"image.default\">\n\t\t\t\t<div class=\"elementor-widget-container\">\n\t\t\t\t\t\t\t\t\t\t\t\t\t\t\t<img fetchpriority=\"high\" decoding=\"async\" width=\"1440\" height=\"531\" src=\"https:\/\/satamuna.fi\/wp-content\/uploads\/2021\/02\/SATAMUNA_KUKKO.jpg\" class=\"attachment-1536x1536 size-1536x1536 wp-image-1572\" alt=\"\" srcset=\"https:\/\/satamuna.fi\/wp-content\/uploads\/2021\/02\/SATAMUNA_KUKKO.jpg 1440w, https:\/\/satamuna.fi\/wp-content\/uploads\/2021\/02\/SATAMUNA_KUKKO-300x111.jpg 300w, https:\/\/satamuna.fi\/wp-content\/uploads\/2021\/02\/SATAMUNA_KUKKO-1024x378.jpg 1024w, https:\/\/satamuna.fi\/wp-content\/uploads\/2021\/02\/SATAMUNA_KUKKO-768x283.jpg 768w\" sizes=\"(max-width: 1440px) 100vw, 1440px\" \/>\t\t\t\t\t\t\t\t\t\t\t\t\t\t\t<\/div>\n\t\t\t\t<\/div>\n\t\t\t\t\t<\/div>\n\t\t<\/div>\n\t\t\t\t\t<\/div>\n\t\t<\/section>\n\t\t\t\t<section class=\"elementor-section elementor-top-section elementor-element elementor-element-ad77e41 animated-slow elementor-section-boxed elementor-section-height-default elementor-section-height-default elementor-invisible\" data-id=\"ad77e41\" data-element_type=\"section\" data-e-type=\"section\" data-settings=\"{&quot;motion_fx_motion_fx_scrolling&quot;:&quot;yes&quot;,&quot;animation&quot;:&quot;fadeIn&quot;,&quot;motion_fx_devices&quot;:[&quot;desktop&quot;,&quot;tablet&quot;,&quot;mobile&quot;]}\">\n\t\t\t\t\t\t<div class=\"elementor-container elementor-column-gap-default\">\n\t\t\t\t\t<div class=\"elementor-column elementor-col-100 elementor-top-column elementor-element elementor-element-db545bf\" data-id=\"db545bf\" data-element_type=\"column\" data-e-type=\"column\">\n\t\t\t<div class=\"elementor-widget-wrap elementor-element-populated\">\n\t\t\t\t\t\t<div class=\"elementor-element elementor-element-3b17edd elementor-widget elementor-widget-heading\" data-id=\"3b17edd\" data-element_type=\"widget\" data-e-type=\"widget\" data-widget_type=\"heading.default\">\n\t\t\t\t<div class=\"elementor-widget-container\">\n\t\t\t\t\t<h2 class=\"elementor-heading-title elementor-size-default\">Pitk\u00e4n linjan munapakkaamo<\/h2>\t\t\t\t<\/div>\n\t\t\t\t<\/div>\n\t\t\t\t\t<\/div>\n\t\t<\/div>\n\t\t\t\t\t<\/div>\n\t\t<\/section>\n\t\t\t\t<section class=\"elementor-section elementor-top-section elementor-element elementor-element-1d9e9f3 animated-slow elementor-section-boxed elementor-section-height-default elementor-section-height-default elementor-invisible\" data-id=\"1d9e9f3\" data-element_type=\"section\" data-e-type=\"section\" data-settings=\"{&quot;motion_fx_motion_fx_scrolling&quot;:&quot;yes&quot;,&quot;animation&quot;:&quot;fadeIn&quot;,&quot;motion_fx_devices&quot;:[&quot;desktop&quot;,&quot;tablet&quot;,&quot;mobile&quot;]}\">\n\t\t\t\t\t\t<div class=\"elementor-container elementor-column-gap-default\">\n\t\t\t\t\t<div class=\"elementor-column elementor-col-50 elementor-top-column elementor-element elementor-element-611bda3\" data-id=\"611bda3\" data-element_type=\"column\" data-e-type=\"column\">\n\t\t\t<div class=\"elementor-widget-wrap elementor-element-populated\">\n\t\t\t\t\t\t<div class=\"elementor-element elementor-element-a3427f6 elementor-widget elementor-widget-text-editor\" data-id=\"a3427f6\" data-element_type=\"widget\" data-e-type=\"widget\" data-widget_type=\"text-editor.default\">\n\t\t\t\t<div class=\"elementor-widget-container\">\n\t\t\t\t\t\t\t\t\t<p><strong>Tarinamme alkaa vuonna 1906<br \/><br \/><\/strong><i>Kustaa Vihtori ja Maria Alexandra Tuominen<\/i> aloittivat kanatalouden harjoittamisen ja siipikarjatuotannon 1900-luvun alussa.. Suvussa oli laajalti muitakin kanatalouden harjoittajia, kuten Porin Kyl\u00e4saareessa sijainnut Ruususen jalostuskanala ja Paneliassa sijainnut Maijalan siitoskanala.<br \/><br \/>Vuonna 1934 <i>Tuomisten tyt\u00e4r Hanna otti puolisokseen Lauri Haaviston. <\/i>Lauri ja Hanna laajensivat liiketoimintaa rakentaen mm. merkitt\u00e4v\u00e4n suuren 1 000-paikkaisen kanalan. Edes Laurin osallistuminen rintamamiespalvelukseen ei keskeytt\u00e4nyt kanatalouden harjoittamista.<br \/><br \/>Vuonna 1973 tehtiin ensimm\u00e4inen sukupolvenvaihdos. <i>Sukupolvenvaihdoksen my\u00f6t\u00e4 ohjakset otti Laurin ja Hannan nuorin poika Jarmo Haavisto yhdess\u00e4 vaimonsa Hilpan kanssa. <\/i>Jarmon k\u00e4siss\u00e4 perheyritys kasvoi laajamittaisesti.<br \/><br \/>1980- ja -90-luvun taitteessa aloitettiin mm. kana-aineksen maahantuonti Kanadasta ja Ranskasta ja vuonna 1994 aloitettiin siipikarja-aineksen vientitoiminta \u2013 ensimm\u00e4isen\u00e4 Suomessa.<br \/><br \/><b>Kohti tulevaa<br \/><br \/><\/b>Vuonna 2007 suvussa suoritettiin toinen sukupolvenvaihdos. <i>T\u00e4ll\u00f6in toiminta siirtyi Jarmon ja Hilpan vanhemmalle pojalle Marko Haavistolle. <\/i>Hilppa ja Jarmo olivat ehtineet edellisen kolmen vuosikymmenen aikana mm. rakentaa yli 5 000 neli\u00f6t\u00e4 siipikarjasuojia, luoda alalle kattavan alihankkijoiden yhteisty\u00f6verkoston sek\u00e4 perustaa muun toiminnan oheen kanalalaitteiden ja munanpakkauskoneiden maahantuontia harjoittavan <i>PanEgg Oy<\/i>:n. Lis\u00e4ksi Jarmo toimi my\u00f6s kansainv\u00e4lisiss\u00e4 siipikarja-alan teht\u00e4viss\u00e4 <i>AEH<\/i>:n hallituksessa.<br \/><br \/>Marko Haavisto oli ennen sukupolvenvaihdosta aloittanut jo ruokamunien tuotannon vuonna 2000 Eurajoella. Vuonna 2001 h\u00e4n aloitti noin 30 neli\u00f6n tiloissa parin sadan kilon p\u00e4ivitt\u00e4isell\u00e4 kapasiteetilla varsinaisen munien pakkaamisen v\u00e4hitt\u00e4iskauppapuolelle nimell\u00e4 <i>Munapakkaamo Marko Haavisto<\/i>.<br \/><br \/>Vuonna 2002 munapakkaamon liiketoiminta laajeni ja se siirrettiin toimimaan Kiukaisten Eurakoskelle. T\u00e4ll\u00f6in kananmunia alettiin hankkia my\u00f6s sopimustuottajilta.<\/p><div>\u00a0<\/div>\t\t\t\t\t\t\t\t<\/div>\n\t\t\t\t<\/div>\n\t\t\t\t\t<\/div>\n\t\t<\/div>\n\t\t\t\t<div class=\"elementor-column elementor-col-50 elementor-top-column elementor-element elementor-element-de96d66\" data-id=\"de96d66\" data-element_type=\"column\" data-e-type=\"column\">\n\t\t\t<div class=\"elementor-widget-wrap elementor-element-populated\">\n\t\t\t\t\t\t<div class=\"elementor-element elementor-element-88ec7b2 elementor-widget elementor-widget-text-editor\" data-id=\"88ec7b2\" data-element_type=\"widget\" data-e-type=\"widget\" data-widget_type=\"text-editor.default\">\n\t\t\t\t<div class=\"elementor-widget-container\">\n\t\t\t\t\t\t\t\t\t<p><b>Yhti\u00f6itt\u00e4misen my\u00f6t\u00e4 Satamunaksi<\/b><\/p><p>\u00a0<\/p><p>Vuonna 2005 kananmunien suosiollisen kysynn\u00e4n kasvun vuoksi munien pakkauksen liiketoiminta p\u00e4\u00e4tettiin yhti\u00f6itt\u00e4\u00e4. <i>Samalla yrityksen nimeksi tuli Satamuna Oy sek\u00e4 yhti\u00f6n osakkaaksi my\u00f6s Hilpan ja Jarmon nuorempi poika Toni Haavisto. <\/i><\/p><p>\u00a0<\/p><p>Samana vuonna Satamunalle rakennettiin lis\u00e4ksi upouudet, vajaan 2 000 neli\u00f6n toimitilat Euran Paneliaan. <i>Samanaikaisesti tuotevalikoimaa laajennettiin k\u00e4sitt\u00e4m\u00e4\u00e4n kaikki munalaadut: perinteiset kananmunat, vapaankanan munat, funktionaaliset Omega-munat ja luomukananmunat.<\/i><\/p><p>\u00a0<\/p><p>Vuonna 2009 Satamuna laajensi tuotevalikoimaansa munavalmisteiden puolelle aloittaen keitt\u00e4m\u00e4\u00e4n ja kuoritsemaan kananmunia my\u00f6s suurkeitti\u00f6asiakkaiden tarpeisiin.<\/p><p>\u00a0<\/p><p>Vuonna 2010 Satamuna ennakoi vuonna 2012 voimaan astuvaa el\u00e4inten hyvinvointidirektiivi\u00e4. T\u00e4ll\u00f6in Satamunalle rakennettiin oma vapaankanan munia tuottava kanala. Koska kanalan eettiset olosuhteet tehtiin vaativammin, kuin mit\u00e4 Suomessa edellytet\u00e4\u00e4n, saatiin yksik\u00f6lle my\u00f6s <i>KAT-sertifikaatti, <\/i>mik\u00e4 mahdollistaa kananmunien toimitukset my\u00f6s keskieurooppalaisiin ruokap\u00f6ytiin. Samalla sertifikaatti my\u00f6nnettiin my\u00f6s Satamunan pakkaamolle.<\/p><p>\u00a0<\/p><p>Vuosien 2010 ja 2020 v\u00e4lill\u00e4 Satamuna on tuplannut pakkaamon toimitilat, rakentanut viisi lattiakanalaa. Satamuna onkin v. 2020 suomen suurin lattiamunien tuottaja.<\/p><p>\u00a0<\/p><p><b>Satamuna nyt ja huomenna<\/b><\/p><p>\u00a0<\/p><p>Haaviston perheen <i>Haaviston Siitoskanala <\/i>toimittaa siipikarja-ainesta lukuisille asiakkaille niin kotimaahan kuin my\u00f6s ulkomaille, yli 20 eri maahan. Perhe maahantuo kana-ainesta Saksasta ja Alankomaista sek\u00e4 harjoittaa kanala- ja munanpakkauslaitteiden maahantuontia eri Euroopan maista PanEgg Oy:n nimiss\u00e4.<\/p><p>\u00a0<\/p><p>Tulevaisuudessakin Satamuna aikoo edelleen panostaa voimakkaasti tuotekehitykseen ja jatkaa laadukkaan kananmunapakkaamon pitk\u00e4\u00e4 perinnett\u00e4.<\/p>\t\t\t\t\t\t\t\t<\/div>\n\t\t\t\t<\/div>\n\t\t\t\t\t<\/div>\n\t\t<\/div>\n\t\t\t\t\t<\/div>\n\t\t<\/section>\n\t\t\t\t<section class=\"elementor-section elementor-top-section elementor-element elementor-element-8c3fb66 elementor-section-boxed elementor-section-height-default elementor-section-height-default\" data-id=\"8c3fb66\" data-element_type=\"section\" data-e-type=\"section\">\n\t\t\t\t\t\t<div class=\"elementor-container elementor-column-gap-default\">\n\t\t\t\t\t<div class=\"elementor-column elementor-col-100 elementor-top-column elementor-element elementor-element-6507fc1\" data-id=\"6507fc1\" data-element_type=\"column\" data-e-type=\"column\">\n\t\t\t<div class=\"elementor-widget-wrap elementor-element-populated\">\n\t\t\t\t\t\t<div class=\"elementor-element elementor-element-8e84c57 elementor-widget-divider--view-line elementor-widget elementor-widget-divider\" data-id=\"8e84c57\" data-element_type=\"widget\" data-e-type=\"widget\" data-widget_type=\"divider.default\">\n\t\t\t\t<div class=\"elementor-widget-container\">\n\t\t\t\t\t\t\t<div class=\"elementor-divider\">\n\t\t\t<span class=\"elementor-divider-separator\">\n\t\t\t\t\t\t<\/span>\n\t\t<\/div>\n\t\t\t\t\t\t<\/div>\n\t\t\t\t<\/div>\n\t\t\t\t\t<\/div>\n\t\t<\/div>\n\t\t\t\t\t<\/div>\n\t\t<\/section>\n\t\t\t\t<\/div>\n\t\t","protected":false},"excerpt":{"rendered":"<p>Pitk\u00e4n linjan munapakkaamo Tarinamme alkaa vuonna 1906 Kustaa Vihtori ja Maria Alexandra Tuominen aloittivat kanatalouden harjoittamisen ja siipikarjatuotannon 1900-luvun alussa.. Suvussa oli laajalti muitakin kanatalouden harjoittajia, kuten Porin Kyl\u00e4saareessa sijainnut Ruususen jalostuskanala ja Paneliassa sijainnut Maijalan siitoskanala. Vuonna 1934 Tuomisten tyt\u00e4r Hanna otti puolisokseen Lauri Haaviston. Lauri ja Hanna laajensivat liiketoimintaa rakentaen mm. merkitt\u00e4v\u00e4n suuren&hellip;&nbsp;<a href=\"https:\/\/satamuna.fi\/en\/historia\/\" rel=\"bookmark\">Read More &raquo;<span class=\"screen-reader-text\">Historia<\/span><\/a><\/p>","protected":false},"author":1,"featured_media":0,"parent":0,"menu_order":0,"comment_status":"closed","ping_status":"closed","template":"page-templates\/template-pagebuilder-full-width.php","meta":{"neve_meta_sidebar":"full-width","neve_meta_container":"","neve_meta_enable_content_width":"on","neve_meta_content_width":100,"neve_meta_title_alignment":"","neve_meta_author_avatar":"","neve_post_elements_order":"","neve_meta_disable_header":"","neve_meta_disable_footer":"","neve_meta_disable_title":"","footnotes":""},"class_list":["post-1570","page","type-page","status-publish","hentry"],"yoast_head":"<!-- This site is optimized with the Yoast SEO plugin v27.3 - https:\/\/yoast.com\/product\/yoast-seo-wordpress\/ -->\n<title>Historia - SATAMUNA<\/title>\n<meta name=\"robots\" content=\"index, follow, max-snippet:-1, max-image-preview:large, max-video-preview:-1\" \/>\n<link rel=\"canonical\" href=\"https:\/\/satamuna.fi\/en\/historia\/\" \/>\n<meta property=\"og:locale\" content=\"en_GB\" \/>\n<meta property=\"og:type\" content=\"article\" \/>\n<meta property=\"og:title\" content=\"Historia - SATAMUNA\" \/>\n<meta property=\"og:description\" content=\"Pitk\u00e4n linjan munapakkaamo Tarinamme alkaa vuonna 1906 Kustaa Vihtori ja Maria Alexandra Tuominen aloittivat kanatalouden harjoittamisen ja siipikarjatuotannon 1900-luvun alussa.. Suvussa oli laajalti muitakin kanatalouden harjoittajia, kuten Porin Kyl\u00e4saareessa sijainnut Ruususen jalostuskanala ja Paneliassa sijainnut Maijalan siitoskanala. Vuonna 1934 Tuomisten tyt\u00e4r Hanna otti puolisokseen Lauri Haaviston. Lauri ja Hanna laajensivat liiketoimintaa rakentaen mm. merkitt\u00e4v\u00e4n suuren&hellip;&nbsp;Read More &raquo;Historia\" \/>\n<meta property=\"og:url\" content=\"https:\/\/satamuna.fi\/en\/historia\/\" \/>\n<meta property=\"og:site_name\" content=\"SATAMUNA\" \/>\n<meta property=\"article:modified_time\" content=\"2025-01-14T09:04:59+00:00\" \/>\n<meta property=\"og:image\" content=\"https:\/\/satamuna.fi\/wp-content\/uploads\/2021\/02\/SATAMUNA_KUKKO.jpg\" \/>\n\t<meta property=\"og:image:width\" content=\"1440\" \/>\n\t<meta property=\"og:image:height\" content=\"531\" \/>\n\t<meta property=\"og:image:type\" content=\"image\/jpeg\" \/>\n<meta name=\"twitter:card\" content=\"summary_large_image\" \/>\n<meta name=\"twitter:label1\" content=\"Estimated reading time\" \/>\n\t<meta name=\"twitter:data1\" content=\"3 minutes\" \/>\n<script type=\"application\/ld+json\" class=\"yoast-schema-graph\">{\"@context\":\"https:\\\/\\\/schema.org\",\"@graph\":[{\"@type\":\"WebPage\",\"@id\":\"https:\\\/\\\/satamuna.fi\\\/historia\\\/\",\"url\":\"https:\\\/\\\/satamuna.fi\\\/historia\\\/\",\"name\":\"Historia - SATAMUNA\",\"isPartOf\":{\"@id\":\"https:\\\/\\\/satamuna.fi\\\/en\\\/#website\"},\"primaryImageOfPage\":{\"@id\":\"https:\\\/\\\/satamuna.fi\\\/historia\\\/#primaryimage\"},\"image\":{\"@id\":\"https:\\\/\\\/satamuna.fi\\\/historia\\\/#primaryimage\"},\"thumbnailUrl\":\"https:\\\/\\\/satamuna.fi\\\/wp-content\\\/uploads\\\/2021\\\/02\\\/SATAMUNA_KUKKO.jpg\",\"datePublished\":\"2021-02-01T06:43:13+00:00\",\"dateModified\":\"2025-01-14T09:04:59+00:00\",\"breadcrumb\":{\"@id\":\"https:\\\/\\\/satamuna.fi\\\/historia\\\/#breadcrumb\"},\"inLanguage\":\"en-GB\",\"potentialAction\":[{\"@type\":\"ReadAction\",\"target\":[\"https:\\\/\\\/satamuna.fi\\\/historia\\\/\"]}]},{\"@type\":\"ImageObject\",\"inLanguage\":\"en-GB\",\"@id\":\"https:\\\/\\\/satamuna.fi\\\/historia\\\/#primaryimage\",\"url\":\"https:\\\/\\\/satamuna.fi\\\/wp-content\\\/uploads\\\/2021\\\/02\\\/SATAMUNA_KUKKO.jpg\",\"contentUrl\":\"https:\\\/\\\/satamuna.fi\\\/wp-content\\\/uploads\\\/2021\\\/02\\\/SATAMUNA_KUKKO.jpg\"},{\"@type\":\"BreadcrumbList\",\"@id\":\"https:\\\/\\\/satamuna.fi\\\/historia\\\/#breadcrumb\",\"itemListElement\":[{\"@type\":\"ListItem\",\"position\":1,\"name\":\"Etusivu\",\"item\":\"https:\\\/\\\/satamuna.fi\\\/\"},{\"@type\":\"ListItem\",\"position\":2,\"name\":\"Historia\"}]},{\"@type\":\"WebSite\",\"@id\":\"https:\\\/\\\/satamuna.fi\\\/en\\\/#website\",\"url\":\"https:\\\/\\\/satamuna.fi\\\/en\\\/\",\"name\":\"SATAMUNA\",\"description\":\"Se oikea soikea\",\"publisher\":{\"@id\":\"https:\\\/\\\/satamuna.fi\\\/en\\\/#organization\"},\"potentialAction\":[{\"@type\":\"SearchAction\",\"target\":{\"@type\":\"EntryPoint\",\"urlTemplate\":\"https:\\\/\\\/satamuna.fi\\\/en\\\/?s={search_term_string}\"},\"query-input\":{\"@type\":\"PropertyValueSpecification\",\"valueRequired\":true,\"valueName\":\"search_term_string\"}}],\"inLanguage\":\"en-GB\"},{\"@type\":\"Organization\",\"@id\":\"https:\\\/\\\/satamuna.fi\\\/en\\\/#organization\",\"name\":\"SATAMUNA\",\"url\":\"https:\\\/\\\/satamuna.fi\\\/en\\\/\",\"logo\":{\"@type\":\"ImageObject\",\"inLanguage\":\"en-GB\",\"@id\":\"https:\\\/\\\/satamuna.fi\\\/en\\\/#\\\/schema\\\/logo\\\/image\\\/\",\"url\":\"https:\\\/\\\/satamuna.fi\\\/wp-content\\\/uploads\\\/2021\\\/01\\\/SATAMUNA_LOGO_WWW.png\",\"contentUrl\":\"https:\\\/\\\/satamuna.fi\\\/wp-content\\\/uploads\\\/2021\\\/01\\\/SATAMUNA_LOGO_WWW.png\",\"width\":500,\"height\":140,\"caption\":\"SATAMUNA\"},\"image\":{\"@id\":\"https:\\\/\\\/satamuna.fi\\\/en\\\/#\\\/schema\\\/logo\\\/image\\\/\"}}]}<\/script>\n<!-- \/ Yoast SEO plugin. -->","yoast_head_json":{"title":"Historia - SATAMUNA","robots":{"index":"index","follow":"follow","max-snippet":"max-snippet:-1","max-image-preview":"max-image-preview:large","max-video-preview":"max-video-preview:-1"},"canonical":"https:\/\/satamuna.fi\/en\/historia\/","og_locale":"en_GB","og_type":"article","og_title":"Historia - SATAMUNA","og_description":"Pitk\u00e4n linjan munapakkaamo Tarinamme alkaa vuonna 1906 Kustaa Vihtori ja Maria Alexandra Tuominen aloittivat kanatalouden harjoittamisen ja siipikarjatuotannon 1900-luvun alussa.. Suvussa oli laajalti muitakin kanatalouden harjoittajia, kuten Porin Kyl\u00e4saareessa sijainnut Ruususen jalostuskanala ja Paneliassa sijainnut Maijalan siitoskanala. Vuonna 1934 Tuomisten tyt\u00e4r Hanna otti puolisokseen Lauri Haaviston. Lauri ja Hanna laajensivat liiketoimintaa rakentaen mm. merkitt\u00e4v\u00e4n suuren&hellip;&nbsp;Read More &raquo;Historia","og_url":"https:\/\/satamuna.fi\/en\/historia\/","og_site_name":"SATAMUNA","article_modified_time":"2025-01-14T09:04:59+00:00","og_image":[{"width":1440,"height":531,"url":"https:\/\/satamuna.fi\/wp-content\/uploads\/2021\/02\/SATAMUNA_KUKKO.jpg","type":"image\/jpeg"}],"twitter_card":"summary_large_image","twitter_misc":{"Estimated reading time":"3 minutes"},"schema":{"@context":"https:\/\/schema.org","@graph":[{"@type":"WebPage","@id":"https:\/\/satamuna.fi\/historia\/","url":"https:\/\/satamuna.fi\/historia\/","name":"Historia - SATAMUNA","isPartOf":{"@id":"https:\/\/satamuna.fi\/en\/#website"},"primaryImageOfPage":{"@id":"https:\/\/satamuna.fi\/historia\/#primaryimage"},"image":{"@id":"https:\/\/satamuna.fi\/historia\/#primaryimage"},"thumbnailUrl":"https:\/\/satamuna.fi\/wp-content\/uploads\/2021\/02\/SATAMUNA_KUKKO.jpg","datePublished":"2021-02-01T06:43:13+00:00","dateModified":"2025-01-14T09:04:59+00:00","breadcrumb":{"@id":"https:\/\/satamuna.fi\/historia\/#breadcrumb"},"inLanguage":"en-GB","potentialAction":[{"@type":"ReadAction","target":["https:\/\/satamuna.fi\/historia\/"]}]},{"@type":"ImageObject","inLanguage":"en-GB","@id":"https:\/\/satamuna.fi\/historia\/#primaryimage","url":"https:\/\/satamuna.fi\/wp-content\/uploads\/2021\/02\/SATAMUNA_KUKKO.jpg","contentUrl":"https:\/\/satamuna.fi\/wp-content\/uploads\/2021\/02\/SATAMUNA_KUKKO.jpg"},{"@type":"BreadcrumbList","@id":"https:\/\/satamuna.fi\/historia\/#breadcrumb","itemListElement":[{"@type":"ListItem","position":1,"name":"Etusivu","item":"https:\/\/satamuna.fi\/"},{"@type":"ListItem","position":2,"name":"Historia"}]},{"@type":"WebSite","@id":"https:\/\/satamuna.fi\/en\/#website","url":"https:\/\/satamuna.fi\/en\/","name":"SATAMUNA","description":"Se oikea soikea","publisher":{"@id":"https:\/\/satamuna.fi\/en\/#organization"},"potentialAction":[{"@type":"SearchAction","target":{"@type":"EntryPoint","urlTemplate":"https:\/\/satamuna.fi\/en\/?s={search_term_string}"},"query-input":{"@type":"PropertyValueSpecification","valueRequired":true,"valueName":"search_term_string"}}],"inLanguage":"en-GB"},{"@type":"Organization","@id":"https:\/\/satamuna.fi\/en\/#organization","name":"SATAMUNA","url":"https:\/\/satamuna.fi\/en\/","logo":{"@type":"ImageObject","inLanguage":"en-GB","@id":"https:\/\/satamuna.fi\/en\/#\/schema\/logo\/image\/","url":"https:\/\/satamuna.fi\/wp-content\/uploads\/2021\/01\/SATAMUNA_LOGO_WWW.png","contentUrl":"https:\/\/satamuna.fi\/wp-content\/uploads\/2021\/01\/SATAMUNA_LOGO_WWW.png","width":500,"height":140,"caption":"SATAMUNA"},"image":{"@id":"https:\/\/satamuna.fi\/en\/#\/schema\/logo\/image\/"}}]}},"_links":{"self":[{"href":"https:\/\/satamuna.fi\/en\/wp-json\/wp\/v2\/pages\/1570","targetHints":{"allow":["GET"]}}],"collection":[{"href":"https:\/\/satamuna.fi\/en\/wp-json\/wp\/v2\/pages"}],"about":[{"href":"https:\/\/satamuna.fi\/en\/wp-json\/wp\/v2\/types\/page"}],"author":[{"embeddable":true,"href":"https:\/\/satamuna.fi\/en\/wp-json\/wp\/v2\/users\/1"}],"replies":[{"embeddable":true,"href":"https:\/\/satamuna.fi\/en\/wp-json\/wp\/v2\/comments?post=1570"}],"version-history":[{"count":20,"href":"https:\/\/satamuna.fi\/en\/wp-json\/wp\/v2\/pages\/1570\/revisions"}],"predecessor-version":[{"id":3421,"href":"https:\/\/satamuna.fi\/en\/wp-json\/wp\/v2\/pages\/1570\/revisions\/3421"}],"wp:attachment":[{"href":"https:\/\/satamuna.fi\/en\/wp-json\/wp\/v2\/media?parent=1570"}],"curies":[{"name":"wp","href":"https:\/\/api.w.org\/{rel}","templated":true}]}}