{"id":32,"date":"2020-01-17T15:28:09","date_gmt":"2020-01-17T15:28:09","guid":{"rendered":"https:\/\/demosites.io\/web-agency\/?page_id=32"},"modified":"2022-11-01T12:10:58","modified_gmt":"2022-11-01T10:10:58","slug":"100-kierratyskenno","status":"publish","type":"page","link":"https:\/\/satamuna.fi\/da\/100-kierratyskenno\/","title":{"rendered":"100% genbrug \u00e6ggebakker"},"content":{"rendered":"\t\t<div data-elementor-type=\"wp-page\" data-elementor-id=\"32\" class=\"elementor elementor-32\" data-elementor-post-type=\"page\">\n\t\t\t\t\t\t<section class=\"elementor-section elementor-top-section elementor-element elementor-element-36c0229 elementor-section-boxed elementor-section-height-default elementor-section-height-default\" data-id=\"36c0229\" data-element_type=\"section\" data-e-type=\"section\">\n\t\t\t\t\t\t<div class=\"elementor-container elementor-column-gap-default\">\n\t\t\t\t\t<div class=\"elementor-column elementor-col-100 elementor-top-column elementor-element elementor-element-f54e37b\" data-id=\"f54e37b\" data-element_type=\"column\" data-e-type=\"column\">\n\t\t\t<div class=\"elementor-widget-wrap elementor-element-populated\">\n\t\t\t\t\t\t<div class=\"elementor-element elementor-element-4ab4b81 elementor-widget-divider--view-line elementor-widget elementor-widget-divider\" data-id=\"4ab4b81\" data-element_type=\"widget\" data-e-type=\"widget\" data-widget_type=\"divider.default\">\n\t\t\t\t<div class=\"elementor-widget-container\">\n\t\t\t\t\t\t\t<div class=\"elementor-divider\">\n\t\t\t<span class=\"elementor-divider-separator\">\n\t\t\t\t\t\t<\/span>\n\t\t<\/div>\n\t\t\t\t\t\t<\/div>\n\t\t\t\t<\/div>\n\t\t\t\t\t<\/div>\n\t\t<\/div>\n\t\t\t\t\t<\/div>\n\t\t<\/section>\n\t\t\t\t<section class=\"elementor-section elementor-top-section elementor-element elementor-element-95dfe33 elementor-section-boxed elementor-section-height-default elementor-section-height-default elementor-invisible\" data-id=\"95dfe33\" data-element_type=\"section\" data-e-type=\"section\" data-settings=\"{&quot;motion_fx_motion_fx_scrolling&quot;:&quot;yes&quot;,&quot;animation&quot;:&quot;fadeIn&quot;,&quot;motion_fx_devices&quot;:[&quot;desktop&quot;,&quot;tablet&quot;,&quot;mobile&quot;]}\">\n\t\t\t\t\t\t<div class=\"elementor-container elementor-column-gap-default\">\n\t\t\t\t\t<div class=\"elementor-column elementor-col-50 elementor-top-column elementor-element elementor-element-a926e3d\" data-id=\"a926e3d\" data-element_type=\"column\" data-e-type=\"column\">\n\t\t\t<div class=\"elementor-widget-wrap elementor-element-populated\">\n\t\t\t\t\t\t<div class=\"elementor-element elementor-element-8813a04 elementor-widget elementor-widget-image\" data-id=\"8813a04\" data-element_type=\"widget\" data-e-type=\"widget\" data-widget_type=\"image.default\">\n\t\t\t\t<div class=\"elementor-widget-container\">\n\t\t\t\t\t\t\t\t\t\t\t\t\t\t\t<img fetchpriority=\"high\" decoding=\"async\" width=\"1024\" height=\"963\" src=\"https:\/\/satamuna.fi\/wp-content\/uploads\/2021\/01\/empty-plastic-egg-box-isolated-on-white-with-clipping-path-e1611939820739-1024x963.jpg\" class=\"attachment-large size-large wp-image-987\" alt=\"empty plastic egg box isolated on white with clipping path\" srcset=\"https:\/\/satamuna.fi\/wp-content\/uploads\/2021\/01\/empty-plastic-egg-box-isolated-on-white-with-clipping-path-e1611939820739-1024x963.jpg 1024w, https:\/\/satamuna.fi\/wp-content\/uploads\/2021\/01\/empty-plastic-egg-box-isolated-on-white-with-clipping-path-e1611939820739-300x282.jpg 300w, https:\/\/satamuna.fi\/wp-content\/uploads\/2021\/01\/empty-plastic-egg-box-isolated-on-white-with-clipping-path-e1611939820739-768x722.jpg 768w, https:\/\/satamuna.fi\/wp-content\/uploads\/2021\/01\/empty-plastic-egg-box-isolated-on-white-with-clipping-path-e1611939820739-1536x1444.jpg 1536w, https:\/\/satamuna.fi\/wp-content\/uploads\/2021\/01\/empty-plastic-egg-box-isolated-on-white-with-clipping-path-e1611939820739.jpg 2000w\" sizes=\"(max-width: 1024px) 100vw, 1024px\" \/>\t\t\t\t\t\t\t\t\t\t\t\t\t\t\t<\/div>\n\t\t\t\t<\/div>\n\t\t\t\t\t<\/div>\n\t\t<\/div>\n\t\t\t\t<div class=\"elementor-column elementor-col-50 elementor-top-column elementor-element elementor-element-46c5b2b\" data-id=\"46c5b2b\" data-element_type=\"column\" data-e-type=\"column\">\n\t\t\t<div class=\"elementor-widget-wrap elementor-element-populated\">\n\t\t\t\t\t\t<div class=\"elementor-element elementor-element-c1fcd64 elementor-widget elementor-widget-image\" data-id=\"c1fcd64\" data-element_type=\"widget\" data-e-type=\"widget\" data-widget_type=\"image.default\">\n\t\t\t\t<div class=\"elementor-widget-container\">\n\t\t\t\t\t\t\t\t\t\t\t\t\t\t\t<img decoding=\"async\" width=\"77\" height=\"100\" src=\"https:\/\/satamuna.fi\/wp-content\/uploads\/2021\/01\/KIERRA\u0308TYS_PS_06-1.png\" class=\"attachment-thumbnail size-thumbnail wp-image-1064\" alt=\"\" \/>\t\t\t\t\t\t\t\t\t\t\t\t\t\t\t<\/div>\n\t\t\t\t<\/div>\n\t\t\t\t<div class=\"elementor-element elementor-element-b052411 elementor-widget elementor-widget-heading\" data-id=\"b052411\" data-element_type=\"widget\" data-e-type=\"widget\" data-widget_type=\"heading.default\">\n\t\t\t\t<div class=\"elementor-widget-container\">\n\t\t\t\t\t<h2 class=\"elementor-heading-title elementor-size-default\">100% kierr\u00e4tyskenno<\/h2>\t\t\t\t<\/div>\n\t\t\t\t<\/div>\n\t\t\t\t<div class=\"elementor-element elementor-element-cebed55 elementor-widget elementor-widget-text-editor\" data-id=\"cebed55\" data-element_type=\"widget\" data-e-type=\"widget\" data-widget_type=\"text-editor.default\">\n\t\t\t\t<div class=\"elementor-widget-container\">\n\t\t\t\t\t\t\t\t\t<p>Meilt\u00e4 kysyt\u00e4\u00e4n v\u00e4lill\u00e4, miksi ihmeess\u00e4 muniamme on pakattu muovisiin kennoihin? Vastaus on helppo, mutta kenties yll\u00e4tt\u00e4v\u00e4. <br \/><b><\/b><\/p><p><b>K\u00e4ytt\u00e4m\u00e4mme muovirasiat itse asiassa kuormittavat ymp\u00e4rist\u00f6\u00e4 v\u00e4hemm\u00e4n kuin muut pakkausmateriaalit.<\/b><\/p><p>\u00a0<\/p><p>Kyseiset muovikennot on valmistettu 100 % kierr\u00e4tysmuovista eli uusiok\u00e4ytetyist\u00e4 juomapulloista. Valmistusvaiheessa kuluu n\u00e4in ollen hyvin v\u00e4h\u00e4n vett\u00e4 ja energiaa.<\/p><p>\u00a0<\/p><p>Kuljetettaessa muovipakkaus vie nelj\u00e4sosan tilasta verrattuna kartonkipakkaukseen, jolloin s\u00e4\u00e4styy merkitt\u00e4vi\u00e4 m\u00e4\u00e4ri\u00e4 ajokilometrej\u00e4 ja liikenteen CO2-p\u00e4\u00e4st\u00f6j\u00e4, kun samaan kuormaan mahtuu enemm\u00e4n tavaraa.<\/p><p>\u00a0<\/p><p>Yksi t\u00e4rke\u00e4 pointti on my\u00f6s se, ett\u00e4 muovikennossa munat pysyv\u00e4t hyvin ehj\u00e4n\u00e4, sill\u00e4 jokainen hukkaan heitetty muna kuormittaa ymp\u00e4rist\u00f6\u00e4 moninkertaisesti enemm\u00e4n kuin pakkauksen\u00a0 valmistaminen kierr\u00e4tysmuovista.<\/p><p>\u00a0<\/p><p>Totta kai viime k\u00e4dess\u00e4 kuluttaja viel\u00e4 vaikuttaa siihen, mihin k\u00e4ytetty kenno lopulta p\u00e4\u00e4tyy. <\/p><p>\u00a0<\/p><p><i>Ymp\u00e4rist\u00f6n kannalta kest\u00e4v\u00e4 munatuotanto on meille t\u00e4rke\u00e4 asia, jota haluamme my\u00f6s omilla valinnoillamme tukea.<\/i><\/p>\t\t\t\t\t\t\t\t<\/div>\n\t\t\t\t<\/div>\n\t\t\t\t\t<\/div>\n\t\t<\/div>\n\t\t\t\t\t<\/div>\n\t\t<\/section>\n\t\t\t\t<section class=\"elementor-section elementor-top-section elementor-element elementor-element-fa05419 elementor-section-boxed elementor-section-height-default elementor-section-height-default\" data-id=\"fa05419\" data-element_type=\"section\" data-e-type=\"section\">\n\t\t\t\t\t\t<div class=\"elementor-container elementor-column-gap-default\">\n\t\t\t\t\t<div class=\"elementor-column elementor-col-100 elementor-top-column elementor-element elementor-element-2a7e0b2\" data-id=\"2a7e0b2\" data-element_type=\"column\" data-e-type=\"column\">\n\t\t\t<div class=\"elementor-widget-wrap elementor-element-populated\">\n\t\t\t\t\t\t<div class=\"elementor-element elementor-element-fa22e57 elementor-widget-divider--view-line elementor-widget elementor-widget-divider\" data-id=\"fa22e57\" data-element_type=\"widget\" data-e-type=\"widget\" data-widget_type=\"divider.default\">\n\t\t\t\t<div class=\"elementor-widget-container\">\n\t\t\t\t\t\t\t<div class=\"elementor-divider\">\n\t\t\t<span class=\"elementor-divider-separator\">\n\t\t\t\t\t\t<\/span>\n\t\t<\/div>\n\t\t\t\t\t\t<\/div>\n\t\t\t\t<\/div>\n\t\t\t\t\t<\/div>\n\t\t<\/div>\n\t\t\t\t\t<\/div>\n\t\t<\/section>\n\t\t\t\t<\/div>\n\t\t","protected":false},"excerpt":{"rendered":"<p>100% kierr\u00e4tyskenno Meilt\u00e4 kysyt\u00e4\u00e4n v\u00e4lill\u00e4, miksi ihmeess\u00e4 muniamme on pakattu muovisiin kennoihin? Vastaus on helppo, mutta kenties yll\u00e4tt\u00e4v\u00e4. K\u00e4ytt\u00e4m\u00e4mme muovirasiat itse asiassa kuormittavat ymp\u00e4rist\u00f6\u00e4 v\u00e4hemm\u00e4n kuin muut pakkausmateriaalit. Kyseiset muovikennot on valmistettu 100 % kierr\u00e4tysmuovista eli uusiok\u00e4ytetyist\u00e4 juomapulloista. Valmistusvaiheessa kuluu n\u00e4in ollen hyvin v\u00e4h\u00e4n vett\u00e4 ja energiaa. Kuljetettaessa muovipakkaus vie nelj\u00e4sosan tilasta verrattuna kartonkipakkaukseen, jolloin&hellip;&nbsp;<a href=\"https:\/\/satamuna.fi\/da\/100-kierratyskenno\/\" rel=\"bookmark\">L\u00e6s mere &raquo;<span class=\"screen-reader-text\">100% genbrug \u00e6ggebakker<\/span><\/a><\/p>","protected":false},"author":1,"featured_media":0,"parent":0,"menu_order":0,"comment_status":"closed","ping_status":"closed","template":"elementor_header_footer","meta":{"neve_meta_sidebar":"full-width","neve_meta_container":"","neve_meta_enable_content_width":"on","neve_meta_content_width":100,"neve_meta_title_alignment":"","neve_meta_author_avatar":"","neve_post_elements_order":"","neve_meta_disable_header":"","neve_meta_disable_footer":"","neve_meta_disable_title":"","footnotes":""},"class_list":["post-32","page","type-page","status-publish","hentry"],"yoast_head":"<!-- This site is optimized with the Yoast SEO plugin v27.3 - https:\/\/yoast.com\/product\/yoast-seo-wordpress\/ -->\n<title>100% kierr\u00e4tyskenno - SATAMUNA<\/title>\n<meta name=\"robots\" content=\"index, follow, max-snippet:-1, max-image-preview:large, max-video-preview:-1\" \/>\n<link rel=\"canonical\" href=\"https:\/\/satamuna.fi\/da\/100-kierratyskenno\/\" \/>\n<meta property=\"og:locale\" content=\"da_DK\" \/>\n<meta property=\"og:type\" content=\"article\" \/>\n<meta property=\"og:title\" content=\"100% kierr\u00e4tyskenno - SATAMUNA\" \/>\n<meta property=\"og:description\" content=\"100% kierr\u00e4tyskenno Meilt\u00e4 kysyt\u00e4\u00e4n v\u00e4lill\u00e4, miksi ihmeess\u00e4 muniamme on pakattu muovisiin kennoihin? Vastaus on helppo, mutta kenties yll\u00e4tt\u00e4v\u00e4. K\u00e4ytt\u00e4m\u00e4mme muovirasiat itse asiassa kuormittavat ymp\u00e4rist\u00f6\u00e4 v\u00e4hemm\u00e4n kuin muut pakkausmateriaalit. Kyseiset muovikennot on valmistettu 100 % kierr\u00e4tysmuovista eli uusiok\u00e4ytetyist\u00e4 juomapulloista. Valmistusvaiheessa kuluu n\u00e4in ollen hyvin v\u00e4h\u00e4n vett\u00e4 ja energiaa. Kuljetettaessa muovipakkaus vie nelj\u00e4sosan tilasta verrattuna kartonkipakkaukseen, jolloin&hellip;&nbsp;L\u00e6s mere &raquo;100% kierr\u00e4tyskenno\" \/>\n<meta property=\"og:url\" content=\"https:\/\/satamuna.fi\/da\/100-kierratyskenno\/\" \/>\n<meta property=\"og:site_name\" content=\"SATAMUNA\" \/>\n<meta property=\"article:modified_time\" content=\"2022-11-01T10:10:58+00:00\" \/>\n<meta property=\"og:image\" content=\"https:\/\/satamuna-fi.hel6.wp-cloud.dev\/wp-content\/uploads\/2021\/01\/empty-plastic-egg-box-isolated-on-white-with-clipping-path-e1611939820739-1024x963.jpg\" \/>\n<meta name=\"twitter:card\" content=\"summary_large_image\" \/>\n<meta name=\"twitter:label1\" content=\"Estimeret l\u00e6setid\" \/>\n\t<meta name=\"twitter:data1\" content=\"1 minut\" \/>\n<script type=\"application\/ld+json\" class=\"yoast-schema-graph\">{\"@context\":\"https:\\\/\\\/schema.org\",\"@graph\":[{\"@type\":\"WebPage\",\"@id\":\"https:\\\/\\\/satamuna.fi\\\/da\\\/100-kierratyskenno\\\/\",\"url\":\"https:\\\/\\\/satamuna.fi\\\/da\\\/100-kierratyskenno\\\/\",\"name\":\"100% kierr\u00e4tyskenno - SATAMUNA\",\"isPartOf\":{\"@id\":\"https:\\\/\\\/satamuna.fi\\\/en\\\/#website\"},\"primaryImageOfPage\":{\"@id\":\"https:\\\/\\\/satamuna.fi\\\/da\\\/100-kierratyskenno\\\/#primaryimage\"},\"image\":{\"@id\":\"https:\\\/\\\/satamuna.fi\\\/da\\\/100-kierratyskenno\\\/#primaryimage\"},\"thumbnailUrl\":\"https:\\\/\\\/satamuna-fi.hel6.wp-cloud.dev\\\/wp-content\\\/uploads\\\/2021\\\/01\\\/empty-plastic-egg-box-isolated-on-white-with-clipping-path-e1611939820739-1024x963.jpg\",\"datePublished\":\"2020-01-17T15:28:09+00:00\",\"dateModified\":\"2022-11-01T10:10:58+00:00\",\"breadcrumb\":{\"@id\":\"https:\\\/\\\/satamuna.fi\\\/da\\\/100-kierratyskenno\\\/#breadcrumb\"},\"inLanguage\":\"da-DK\",\"potentialAction\":[{\"@type\":\"ReadAction\",\"target\":[\"https:\\\/\\\/satamuna.fi\\\/da\\\/100-kierratyskenno\\\/\"]}]},{\"@type\":\"ImageObject\",\"inLanguage\":\"da-DK\",\"@id\":\"https:\\\/\\\/satamuna.fi\\\/da\\\/100-kierratyskenno\\\/#primaryimage\",\"url\":\"https:\\\/\\\/satamuna-fi.hel6.wp-cloud.dev\\\/wp-content\\\/uploads\\\/2021\\\/01\\\/empty-plastic-egg-box-isolated-on-white-with-clipping-path-e1611939820739-1024x963.jpg\",\"contentUrl\":\"https:\\\/\\\/satamuna-fi.hel6.wp-cloud.dev\\\/wp-content\\\/uploads\\\/2021\\\/01\\\/empty-plastic-egg-box-isolated-on-white-with-clipping-path-e1611939820739-1024x963.jpg\"},{\"@type\":\"BreadcrumbList\",\"@id\":\"https:\\\/\\\/satamuna.fi\\\/da\\\/100-kierratyskenno\\\/#breadcrumb\",\"itemListElement\":[{\"@type\":\"ListItem\",\"position\":1,\"name\":\"Etusivu\",\"item\":\"https:\\\/\\\/satamuna.fi\\\/\"},{\"@type\":\"ListItem\",\"position\":2,\"name\":\"100% kierr\u00e4tyskenno\"}]},{\"@type\":\"WebSite\",\"@id\":\"https:\\\/\\\/satamuna.fi\\\/en\\\/#website\",\"url\":\"https:\\\/\\\/satamuna.fi\\\/en\\\/\",\"name\":\"SATAMUNA\",\"description\":\"Se oikea soikea\",\"publisher\":{\"@id\":\"https:\\\/\\\/satamuna.fi\\\/en\\\/#organization\"},\"potentialAction\":[{\"@type\":\"SearchAction\",\"target\":{\"@type\":\"EntryPoint\",\"urlTemplate\":\"https:\\\/\\\/satamuna.fi\\\/en\\\/?s={search_term_string}\"},\"query-input\":{\"@type\":\"PropertyValueSpecification\",\"valueRequired\":true,\"valueName\":\"search_term_string\"}}],\"inLanguage\":\"da-DK\"},{\"@type\":\"Organization\",\"@id\":\"https:\\\/\\\/satamuna.fi\\\/en\\\/#organization\",\"name\":\"SATAMUNA\",\"url\":\"https:\\\/\\\/satamuna.fi\\\/en\\\/\",\"logo\":{\"@type\":\"ImageObject\",\"inLanguage\":\"da-DK\",\"@id\":\"https:\\\/\\\/satamuna.fi\\\/en\\\/#\\\/schema\\\/logo\\\/image\\\/\",\"url\":\"https:\\\/\\\/satamuna.fi\\\/wp-content\\\/uploads\\\/2021\\\/01\\\/SATAMUNA_LOGO_WWW.png\",\"contentUrl\":\"https:\\\/\\\/satamuna.fi\\\/wp-content\\\/uploads\\\/2021\\\/01\\\/SATAMUNA_LOGO_WWW.png\",\"width\":500,\"height\":140,\"caption\":\"SATAMUNA\"},\"image\":{\"@id\":\"https:\\\/\\\/satamuna.fi\\\/en\\\/#\\\/schema\\\/logo\\\/image\\\/\"}}]}<\/script>\n<!-- \/ Yoast SEO plugin. -->","yoast_head_json":{"title":"100% kierr\u00e4tyskenno - SATAMUNA","robots":{"index":"index","follow":"follow","max-snippet":"max-snippet:-1","max-image-preview":"max-image-preview:large","max-video-preview":"max-video-preview:-1"},"canonical":"https:\/\/satamuna.fi\/da\/100-kierratyskenno\/","og_locale":"da_DK","og_type":"article","og_title":"100% kierr\u00e4tyskenno - SATAMUNA","og_description":"100% kierr\u00e4tyskenno Meilt\u00e4 kysyt\u00e4\u00e4n v\u00e4lill\u00e4, miksi ihmeess\u00e4 muniamme on pakattu muovisiin kennoihin? Vastaus on helppo, mutta kenties yll\u00e4tt\u00e4v\u00e4. K\u00e4ytt\u00e4m\u00e4mme muovirasiat itse asiassa kuormittavat ymp\u00e4rist\u00f6\u00e4 v\u00e4hemm\u00e4n kuin muut pakkausmateriaalit. Kyseiset muovikennot on valmistettu 100 % kierr\u00e4tysmuovista eli uusiok\u00e4ytetyist\u00e4 juomapulloista. Valmistusvaiheessa kuluu n\u00e4in ollen hyvin v\u00e4h\u00e4n vett\u00e4 ja energiaa. Kuljetettaessa muovipakkaus vie nelj\u00e4sosan tilasta verrattuna kartonkipakkaukseen, jolloin&hellip;&nbsp;L\u00e6s mere &raquo;100% kierr\u00e4tyskenno","og_url":"https:\/\/satamuna.fi\/da\/100-kierratyskenno\/","og_site_name":"SATAMUNA","article_modified_time":"2022-11-01T10:10:58+00:00","og_image":[{"url":"https:\/\/satamuna-fi.hel6.wp-cloud.dev\/wp-content\/uploads\/2021\/01\/empty-plastic-egg-box-isolated-on-white-with-clipping-path-e1611939820739-1024x963.jpg","type":"","width":"","height":""}],"twitter_card":"summary_large_image","twitter_misc":{"Estimeret l\u00e6setid":"1 minut"},"schema":{"@context":"https:\/\/schema.org","@graph":[{"@type":"WebPage","@id":"https:\/\/satamuna.fi\/da\/100-kierratyskenno\/","url":"https:\/\/satamuna.fi\/da\/100-kierratyskenno\/","name":"100% kierr\u00e4tyskenno - SATAMUNA","isPartOf":{"@id":"https:\/\/satamuna.fi\/en\/#website"},"primaryImageOfPage":{"@id":"https:\/\/satamuna.fi\/da\/100-kierratyskenno\/#primaryimage"},"image":{"@id":"https:\/\/satamuna.fi\/da\/100-kierratyskenno\/#primaryimage"},"thumbnailUrl":"https:\/\/satamuna-fi.hel6.wp-cloud.dev\/wp-content\/uploads\/2021\/01\/empty-plastic-egg-box-isolated-on-white-with-clipping-path-e1611939820739-1024x963.jpg","datePublished":"2020-01-17T15:28:09+00:00","dateModified":"2022-11-01T10:10:58+00:00","breadcrumb":{"@id":"https:\/\/satamuna.fi\/da\/100-kierratyskenno\/#breadcrumb"},"inLanguage":"da-DK","potentialAction":[{"@type":"ReadAction","target":["https:\/\/satamuna.fi\/da\/100-kierratyskenno\/"]}]},{"@type":"ImageObject","inLanguage":"da-DK","@id":"https:\/\/satamuna.fi\/da\/100-kierratyskenno\/#primaryimage","url":"https:\/\/satamuna-fi.hel6.wp-cloud.dev\/wp-content\/uploads\/2021\/01\/empty-plastic-egg-box-isolated-on-white-with-clipping-path-e1611939820739-1024x963.jpg","contentUrl":"https:\/\/satamuna-fi.hel6.wp-cloud.dev\/wp-content\/uploads\/2021\/01\/empty-plastic-egg-box-isolated-on-white-with-clipping-path-e1611939820739-1024x963.jpg"},{"@type":"BreadcrumbList","@id":"https:\/\/satamuna.fi\/da\/100-kierratyskenno\/#breadcrumb","itemListElement":[{"@type":"ListItem","position":1,"name":"Etusivu","item":"https:\/\/satamuna.fi\/"},{"@type":"ListItem","position":2,"name":"100% kierr\u00e4tyskenno"}]},{"@type":"WebSite","@id":"https:\/\/satamuna.fi\/en\/#website","url":"https:\/\/satamuna.fi\/en\/","name":"SATAMUNA","description":"Se oikea soikea","publisher":{"@id":"https:\/\/satamuna.fi\/en\/#organization"},"potentialAction":[{"@type":"SearchAction","target":{"@type":"EntryPoint","urlTemplate":"https:\/\/satamuna.fi\/en\/?s={search_term_string}"},"query-input":{"@type":"PropertyValueSpecification","valueRequired":true,"valueName":"search_term_string"}}],"inLanguage":"da-DK"},{"@type":"Organization","@id":"https:\/\/satamuna.fi\/en\/#organization","name":"SATAMUNA","url":"https:\/\/satamuna.fi\/en\/","logo":{"@type":"ImageObject","inLanguage":"da-DK","@id":"https:\/\/satamuna.fi\/en\/#\/schema\/logo\/image\/","url":"https:\/\/satamuna.fi\/wp-content\/uploads\/2021\/01\/SATAMUNA_LOGO_WWW.png","contentUrl":"https:\/\/satamuna.fi\/wp-content\/uploads\/2021\/01\/SATAMUNA_LOGO_WWW.png","width":500,"height":140,"caption":"SATAMUNA"},"image":{"@id":"https:\/\/satamuna.fi\/en\/#\/schema\/logo\/image\/"}}]}},"_links":{"self":[{"href":"https:\/\/satamuna.fi\/da\/wp-json\/wp\/v2\/pages\/32","targetHints":{"allow":["GET"]}}],"collection":[{"href":"https:\/\/satamuna.fi\/da\/wp-json\/wp\/v2\/pages"}],"about":[{"href":"https:\/\/satamuna.fi\/da\/wp-json\/wp\/v2\/types\/page"}],"author":[{"embeddable":true,"href":"https:\/\/satamuna.fi\/da\/wp-json\/wp\/v2\/users\/1"}],"replies":[{"embeddable":true,"href":"https:\/\/satamuna.fi\/da\/wp-json\/wp\/v2\/comments?post=32"}],"version-history":[{"count":20,"href":"https:\/\/satamuna.fi\/da\/wp-json\/wp\/v2\/pages\/32\/revisions"}],"predecessor-version":[{"id":3097,"href":"https:\/\/satamuna.fi\/da\/wp-json\/wp\/v2\/pages\/32\/revisions\/3097"}],"wp:attachment":[{"href":"https:\/\/satamuna.fi\/da\/wp-json\/wp\/v2\/media?parent=32"}],"curies":[{"name":"wp","href":"https:\/\/api.w.org\/{rel}","templated":true}]}}