{"id":2176,"date":"2021-02-02T15:40:09","date_gmt":"2021-02-02T15:40:09","guid":{"rendered":"https:\/\/satamuna-fi.hel6.wp-cloud.dev\/?page_id=2176"},"modified":"2021-02-02T15:44:22","modified_gmt":"2021-02-02T15:44:22","slug":"laidun","status":"publish","type":"page","link":"https:\/\/satamuna.fi\/da\/laidun\/","title":{"rendered":"Laidun"},"content":{"rendered":"\t\t<div data-elementor-type=\"wp-page\" data-elementor-id=\"2176\" class=\"elementor elementor-2176\" data-elementor-post-type=\"page\">\n\t\t\t\t\t\t<section class=\"elementor-section elementor-top-section elementor-element elementor-element-69f2d25 animated-slow elementor-section-boxed elementor-section-height-default elementor-section-height-default elementor-invisible\" data-id=\"69f2d25\" data-element_type=\"section\" data-e-type=\"section\" data-settings=\"{&quot;background_background&quot;:&quot;classic&quot;,&quot;motion_fx_motion_fx_scrolling&quot;:&quot;yes&quot;,&quot;animation&quot;:&quot;fadeIn&quot;,&quot;motion_fx_devices&quot;:[&quot;desktop&quot;,&quot;tablet&quot;,&quot;mobile&quot;]}\">\n\t\t\t\t\t\t<div class=\"elementor-container elementor-column-gap-default\">\n\t\t\t\t\t<div class=\"elementor-column elementor-col-50 elementor-top-column elementor-element elementor-element-22390a5\" data-id=\"22390a5\" data-element_type=\"column\" data-e-type=\"column\">\n\t\t\t<div class=\"elementor-widget-wrap elementor-element-populated\">\n\t\t\t\t\t\t<div class=\"elementor-element elementor-element-e00cabe elementor-widget elementor-widget-heading\" data-id=\"e00cabe\" data-element_type=\"widget\" data-e-type=\"widget\" data-widget_type=\"heading.default\">\n\t\t\t\t<div class=\"elementor-widget-container\">\n\t\t\t\t\t<h2 class=\"elementor-heading-title elementor-size-default\">Laidunkanojen munat<\/h2>\t\t\t\t<\/div>\n\t\t\t\t<\/div>\n\t\t\t\t<div class=\"elementor-element elementor-element-6e9c7d9 elementor-widget elementor-widget-text-editor\" data-id=\"6e9c7d9\" data-element_type=\"widget\" data-e-type=\"widget\" data-widget_type=\"text-editor.default\">\n\t\t\t\t<div class=\"elementor-widget-container\">\n\t\t\t\t\t\t\t\t\tLaidunkanojen munat tunnistat keltaisesta pakkauksesta. Laidunkanojen munat ovat oiva valinta eettiselle kuluttajalle. Tuotantotapa on viel\u00e4 melko uusi Suomessa. <br><br>Laidunkanat eli ns. free range -kanat liikkuvat vapaasti kanalassa ja voivat my\u00f6s ulkoilla vapaasti laitumella p\u00e4iv\u00e4saikaan. Laidunkanojen elinolosuhteet muistuttavat paljolti luomukanojen elinoloja, mutta ravinnokseen laidunkanat sy\u00f6v\u00e4t tavanomaisesti tuotettua rehua, t\u00e4ynn\u00e4 t\u00e4rkeit\u00e4 ravintoaineita. <br><br>Satamunan Laidunkanojen munat myyd\u00e4\u00e4n k\u00e4teviss\u00e4 6 ja 15 munan pakkauksissa.\t\t\t\t\t\t\t\t<\/div>\n\t\t\t\t<\/div>\n\t\t\t\t\t<\/div>\n\t\t<\/div>\n\t\t\t\t<div class=\"elementor-column elementor-col-50 elementor-top-column elementor-element elementor-element-d446874\" data-id=\"d446874\" data-element_type=\"column\" data-e-type=\"column\">\n\t\t\t<div class=\"elementor-widget-wrap elementor-element-populated\">\n\t\t\t\t\t\t<div class=\"elementor-element elementor-element-a617184 elementor-widget elementor-widget-image\" data-id=\"a617184\" data-element_type=\"widget\" data-e-type=\"widget\" data-widget_type=\"image.default\">\n\t\t\t\t<div class=\"elementor-widget-container\">\n\t\t\t\t\t\t\t\t\t\t\t\t\t\t\t<img fetchpriority=\"high\" decoding=\"async\" width=\"768\" height=\"512\" src=\"https:\/\/satamuna.fi\/wp-content\/uploads\/2021\/02\/SATAMUNA_LAIDUN_6-1-768x512.jpg\" class=\"attachment-medium_large size-medium_large wp-image-1910\" alt=\"\" srcset=\"https:\/\/satamuna.fi\/wp-content\/uploads\/2021\/02\/SATAMUNA_LAIDUN_6-1-768x512.jpg 768w, https:\/\/satamuna.fi\/wp-content\/uploads\/2021\/02\/SATAMUNA_LAIDUN_6-1-300x200.jpg 300w, https:\/\/satamuna.fi\/wp-content\/uploads\/2021\/02\/SATAMUNA_LAIDUN_6-1.jpg 930w\" sizes=\"(max-width: 768px) 100vw, 768px\" \/>\t\t\t\t\t\t\t\t\t\t\t\t\t\t\t<\/div>\n\t\t\t\t<\/div>\n\t\t\t\t<div class=\"elementor-element elementor-element-707aea3 elementor-widget elementor-widget-image\" data-id=\"707aea3\" data-element_type=\"widget\" data-e-type=\"widget\" data-widget_type=\"image.default\">\n\t\t\t\t<div class=\"elementor-widget-container\">\n\t\t\t\t\t\t\t\t\t\t\t\t\t\t\t<img decoding=\"async\" width=\"768\" height=\"512\" src=\"https:\/\/satamuna.fi\/wp-content\/uploads\/2021\/02\/SATAMUNA_LAIDUN_15-768x512.jpg\" class=\"attachment-medium_large size-medium_large wp-image-1889\" alt=\"\" srcset=\"https:\/\/satamuna.fi\/wp-content\/uploads\/2021\/02\/SATAMUNA_LAIDUN_15-768x512.jpg 768w, https:\/\/satamuna.fi\/wp-content\/uploads\/2021\/02\/SATAMUNA_LAIDUN_15-300x200.jpg 300w, https:\/\/satamuna.fi\/wp-content\/uploads\/2021\/02\/SATAMUNA_LAIDUN_15.jpg 930w\" sizes=\"(max-width: 768px) 100vw, 768px\" \/>\t\t\t\t\t\t\t\t\t\t\t\t\t\t\t<\/div>\n\t\t\t\t<\/div>\n\t\t\t\t\t<\/div>\n\t\t<\/div>\n\t\t\t\t\t<\/div>\n\t\t<\/section>\n\t\t\t\t<\/div>\n\t\t","protected":false},"excerpt":{"rendered":"<p>Laidunkanojen munat Laidunkanojen munat tunnistat keltaisesta pakkauksesta. Laidunkanojen munat ovat oiva valinta eettiselle kuluttajalle. Tuotantotapa on viel\u00e4 melko uusi Suomessa. Laidunkanat eli ns. free range -kanat liikkuvat vapaasti kanalassa ja voivat my\u00f6s ulkoilla vapaasti laitumella p\u00e4iv\u00e4saikaan. Laidunkanojen elinolosuhteet muistuttavat paljolti luomukanojen elinoloja, mutta ravinnokseen laidunkanat sy\u00f6v\u00e4t tavanomaisesti tuotettua rehua, t\u00e4ynn\u00e4 t\u00e4rkeit\u00e4 ravintoaineita. Satamunan Laidunkanojen munat&hellip;&nbsp;<a href=\"https:\/\/satamuna.fi\/da\/laidun\/\" rel=\"bookmark\">L\u00e6s mere &raquo;<span class=\"screen-reader-text\">Laidun<\/span><\/a><\/p>","protected":false},"author":1,"featured_media":0,"parent":0,"menu_order":0,"comment_status":"closed","ping_status":"closed","template":"page-templates\/template-pagebuilder-full-width.php","meta":{"neve_meta_sidebar":"full-width","neve_meta_container":"","neve_meta_enable_content_width":"on","neve_meta_content_width":100,"neve_meta_title_alignment":"","neve_meta_author_avatar":"","neve_post_elements_order":"","neve_meta_disable_header":"","neve_meta_disable_footer":"","neve_meta_disable_title":"","footnotes":""},"class_list":["post-2176","page","type-page","status-publish","hentry"],"yoast_head":"<!-- This site is optimized with the Yoast SEO plugin v27.3 - https:\/\/yoast.com\/product\/yoast-seo-wordpress\/ -->\n<title>Laidun - SATAMUNA<\/title>\n<meta name=\"robots\" content=\"index, follow, max-snippet:-1, max-image-preview:large, max-video-preview:-1\" \/>\n<link rel=\"canonical\" href=\"https:\/\/satamuna.fi\/da\/laidun\/\" \/>\n<meta property=\"og:locale\" content=\"da_DK\" \/>\n<meta property=\"og:type\" content=\"article\" \/>\n<meta property=\"og:title\" content=\"Laidun - SATAMUNA\" \/>\n<meta property=\"og:description\" content=\"Laidunkanojen munat Laidunkanojen munat tunnistat keltaisesta pakkauksesta. Laidunkanojen munat ovat oiva valinta eettiselle kuluttajalle. Tuotantotapa on viel\u00e4 melko uusi Suomessa. Laidunkanat eli ns. free range -kanat liikkuvat vapaasti kanalassa ja voivat my\u00f6s ulkoilla vapaasti laitumella p\u00e4iv\u00e4saikaan. Laidunkanojen elinolosuhteet muistuttavat paljolti luomukanojen elinoloja, mutta ravinnokseen laidunkanat sy\u00f6v\u00e4t tavanomaisesti tuotettua rehua, t\u00e4ynn\u00e4 t\u00e4rkeit\u00e4 ravintoaineita. Satamunan Laidunkanojen munat&hellip;&nbsp;L\u00e6s mere &raquo;Laidun\" \/>\n<meta property=\"og:url\" content=\"https:\/\/satamuna.fi\/da\/laidun\/\" \/>\n<meta property=\"og:site_name\" content=\"SATAMUNA\" \/>\n<meta property=\"article:modified_time\" content=\"2021-02-02T15:44:22+00:00\" \/>\n<meta property=\"og:image\" content=\"https:\/\/satamuna-fi.hel6.wp-cloud.dev\/wp-content\/uploads\/2021\/02\/SATAMUNA_LAIDUN_6-1-768x512.jpg\" \/>\n<meta name=\"twitter:card\" content=\"summary_large_image\" \/>\n<script type=\"application\/ld+json\" class=\"yoast-schema-graph\">{\"@context\":\"https:\\\/\\\/schema.org\",\"@graph\":[{\"@type\":\"WebPage\",\"@id\":\"https:\\\/\\\/satamuna.fi\\\/laidun\\\/\",\"url\":\"https:\\\/\\\/satamuna.fi\\\/laidun\\\/\",\"name\":\"Laidun - SATAMUNA\",\"isPartOf\":{\"@id\":\"https:\\\/\\\/satamuna.fi\\\/en\\\/#website\"},\"primaryImageOfPage\":{\"@id\":\"https:\\\/\\\/satamuna.fi\\\/laidun\\\/#primaryimage\"},\"image\":{\"@id\":\"https:\\\/\\\/satamuna.fi\\\/laidun\\\/#primaryimage\"},\"thumbnailUrl\":\"https:\\\/\\\/satamuna-fi.hel6.wp-cloud.dev\\\/wp-content\\\/uploads\\\/2021\\\/02\\\/SATAMUNA_LAIDUN_6-1-768x512.jpg\",\"datePublished\":\"2021-02-02T15:40:09+00:00\",\"dateModified\":\"2021-02-02T15:44:22+00:00\",\"breadcrumb\":{\"@id\":\"https:\\\/\\\/satamuna.fi\\\/laidun\\\/#breadcrumb\"},\"inLanguage\":\"da-DK\",\"potentialAction\":[{\"@type\":\"ReadAction\",\"target\":[\"https:\\\/\\\/satamuna.fi\\\/laidun\\\/\"]}]},{\"@type\":\"ImageObject\",\"inLanguage\":\"da-DK\",\"@id\":\"https:\\\/\\\/satamuna.fi\\\/laidun\\\/#primaryimage\",\"url\":\"https:\\\/\\\/satamuna-fi.hel6.wp-cloud.dev\\\/wp-content\\\/uploads\\\/2021\\\/02\\\/SATAMUNA_LAIDUN_6-1-768x512.jpg\",\"contentUrl\":\"https:\\\/\\\/satamuna-fi.hel6.wp-cloud.dev\\\/wp-content\\\/uploads\\\/2021\\\/02\\\/SATAMUNA_LAIDUN_6-1-768x512.jpg\"},{\"@type\":\"BreadcrumbList\",\"@id\":\"https:\\\/\\\/satamuna.fi\\\/laidun\\\/#breadcrumb\",\"itemListElement\":[{\"@type\":\"ListItem\",\"position\":1,\"name\":\"Etusivu\",\"item\":\"https:\\\/\\\/satamuna.fi\\\/\"},{\"@type\":\"ListItem\",\"position\":2,\"name\":\"Laidun\"}]},{\"@type\":\"WebSite\",\"@id\":\"https:\\\/\\\/satamuna.fi\\\/en\\\/#website\",\"url\":\"https:\\\/\\\/satamuna.fi\\\/en\\\/\",\"name\":\"SATAMUNA\",\"description\":\"Se oikea soikea\",\"publisher\":{\"@id\":\"https:\\\/\\\/satamuna.fi\\\/en\\\/#organization\"},\"potentialAction\":[{\"@type\":\"SearchAction\",\"target\":{\"@type\":\"EntryPoint\",\"urlTemplate\":\"https:\\\/\\\/satamuna.fi\\\/en\\\/?s={search_term_string}\"},\"query-input\":{\"@type\":\"PropertyValueSpecification\",\"valueRequired\":true,\"valueName\":\"search_term_string\"}}],\"inLanguage\":\"da-DK\"},{\"@type\":\"Organization\",\"@id\":\"https:\\\/\\\/satamuna.fi\\\/en\\\/#organization\",\"name\":\"SATAMUNA\",\"url\":\"https:\\\/\\\/satamuna.fi\\\/en\\\/\",\"logo\":{\"@type\":\"ImageObject\",\"inLanguage\":\"da-DK\",\"@id\":\"https:\\\/\\\/satamuna.fi\\\/en\\\/#\\\/schema\\\/logo\\\/image\\\/\",\"url\":\"https:\\\/\\\/satamuna.fi\\\/wp-content\\\/uploads\\\/2021\\\/01\\\/SATAMUNA_LOGO_WWW.png\",\"contentUrl\":\"https:\\\/\\\/satamuna.fi\\\/wp-content\\\/uploads\\\/2021\\\/01\\\/SATAMUNA_LOGO_WWW.png\",\"width\":500,\"height\":140,\"caption\":\"SATAMUNA\"},\"image\":{\"@id\":\"https:\\\/\\\/satamuna.fi\\\/en\\\/#\\\/schema\\\/logo\\\/image\\\/\"}}]}<\/script>\n<!-- \/ Yoast SEO plugin. -->","yoast_head_json":{"title":"Laidun - SATAMUNA","robots":{"index":"index","follow":"follow","max-snippet":"max-snippet:-1","max-image-preview":"max-image-preview:large","max-video-preview":"max-video-preview:-1"},"canonical":"https:\/\/satamuna.fi\/da\/laidun\/","og_locale":"da_DK","og_type":"article","og_title":"Laidun - SATAMUNA","og_description":"Laidunkanojen munat Laidunkanojen munat tunnistat keltaisesta pakkauksesta. Laidunkanojen munat ovat oiva valinta eettiselle kuluttajalle. Tuotantotapa on viel\u00e4 melko uusi Suomessa. Laidunkanat eli ns. free range -kanat liikkuvat vapaasti kanalassa ja voivat my\u00f6s ulkoilla vapaasti laitumella p\u00e4iv\u00e4saikaan. Laidunkanojen elinolosuhteet muistuttavat paljolti luomukanojen elinoloja, mutta ravinnokseen laidunkanat sy\u00f6v\u00e4t tavanomaisesti tuotettua rehua, t\u00e4ynn\u00e4 t\u00e4rkeit\u00e4 ravintoaineita. Satamunan Laidunkanojen munat&hellip;&nbsp;L\u00e6s mere &raquo;Laidun","og_url":"https:\/\/satamuna.fi\/da\/laidun\/","og_site_name":"SATAMUNA","article_modified_time":"2021-02-02T15:44:22+00:00","og_image":[{"url":"https:\/\/satamuna-fi.hel6.wp-cloud.dev\/wp-content\/uploads\/2021\/02\/SATAMUNA_LAIDUN_6-1-768x512.jpg","type":"","width":"","height":""}],"twitter_card":"summary_large_image","schema":{"@context":"https:\/\/schema.org","@graph":[{"@type":"WebPage","@id":"https:\/\/satamuna.fi\/laidun\/","url":"https:\/\/satamuna.fi\/laidun\/","name":"Laidun - SATAMUNA","isPartOf":{"@id":"https:\/\/satamuna.fi\/en\/#website"},"primaryImageOfPage":{"@id":"https:\/\/satamuna.fi\/laidun\/#primaryimage"},"image":{"@id":"https:\/\/satamuna.fi\/laidun\/#primaryimage"},"thumbnailUrl":"https:\/\/satamuna-fi.hel6.wp-cloud.dev\/wp-content\/uploads\/2021\/02\/SATAMUNA_LAIDUN_6-1-768x512.jpg","datePublished":"2021-02-02T15:40:09+00:00","dateModified":"2021-02-02T15:44:22+00:00","breadcrumb":{"@id":"https:\/\/satamuna.fi\/laidun\/#breadcrumb"},"inLanguage":"da-DK","potentialAction":[{"@type":"ReadAction","target":["https:\/\/satamuna.fi\/laidun\/"]}]},{"@type":"ImageObject","inLanguage":"da-DK","@id":"https:\/\/satamuna.fi\/laidun\/#primaryimage","url":"https:\/\/satamuna-fi.hel6.wp-cloud.dev\/wp-content\/uploads\/2021\/02\/SATAMUNA_LAIDUN_6-1-768x512.jpg","contentUrl":"https:\/\/satamuna-fi.hel6.wp-cloud.dev\/wp-content\/uploads\/2021\/02\/SATAMUNA_LAIDUN_6-1-768x512.jpg"},{"@type":"BreadcrumbList","@id":"https:\/\/satamuna.fi\/laidun\/#breadcrumb","itemListElement":[{"@type":"ListItem","position":1,"name":"Etusivu","item":"https:\/\/satamuna.fi\/"},{"@type":"ListItem","position":2,"name":"Laidun"}]},{"@type":"WebSite","@id":"https:\/\/satamuna.fi\/en\/#website","url":"https:\/\/satamuna.fi\/en\/","name":"SATAMUNA","description":"Se oikea soikea","publisher":{"@id":"https:\/\/satamuna.fi\/en\/#organization"},"potentialAction":[{"@type":"SearchAction","target":{"@type":"EntryPoint","urlTemplate":"https:\/\/satamuna.fi\/en\/?s={search_term_string}"},"query-input":{"@type":"PropertyValueSpecification","valueRequired":true,"valueName":"search_term_string"}}],"inLanguage":"da-DK"},{"@type":"Organization","@id":"https:\/\/satamuna.fi\/en\/#organization","name":"SATAMUNA","url":"https:\/\/satamuna.fi\/en\/","logo":{"@type":"ImageObject","inLanguage":"da-DK","@id":"https:\/\/satamuna.fi\/en\/#\/schema\/logo\/image\/","url":"https:\/\/satamuna.fi\/wp-content\/uploads\/2021\/01\/SATAMUNA_LOGO_WWW.png","contentUrl":"https:\/\/satamuna.fi\/wp-content\/uploads\/2021\/01\/SATAMUNA_LOGO_WWW.png","width":500,"height":140,"caption":"SATAMUNA"},"image":{"@id":"https:\/\/satamuna.fi\/en\/#\/schema\/logo\/image\/"}}]}},"_links":{"self":[{"href":"https:\/\/satamuna.fi\/da\/wp-json\/wp\/v2\/pages\/2176","targetHints":{"allow":["GET"]}}],"collection":[{"href":"https:\/\/satamuna.fi\/da\/wp-json\/wp\/v2\/pages"}],"about":[{"href":"https:\/\/satamuna.fi\/da\/wp-json\/wp\/v2\/types\/page"}],"author":[{"embeddable":true,"href":"https:\/\/satamuna.fi\/da\/wp-json\/wp\/v2\/users\/1"}],"replies":[{"embeddable":true,"href":"https:\/\/satamuna.fi\/da\/wp-json\/wp\/v2\/comments?post=2176"}],"version-history":[{"count":16,"href":"https:\/\/satamuna.fi\/da\/wp-json\/wp\/v2\/pages\/2176\/revisions"}],"predecessor-version":[{"id":2192,"href":"https:\/\/satamuna.fi\/da\/wp-json\/wp\/v2\/pages\/2176\/revisions\/2192"}],"wp:attachment":[{"href":"https:\/\/satamuna.fi\/da\/wp-json\/wp\/v2\/media?parent=2176"}],"curies":[{"name":"wp","href":"https:\/\/api.w.org\/{rel}","templated":true}]}}