{"id":2150,"date":"2021-02-02T15:28:18","date_gmt":"2021-02-02T15:28:18","guid":{"rendered":"https:\/\/satamuna-fi.hel6.wp-cloud.dev\/?page_id=2150"},"modified":"2021-02-02T16:00:20","modified_gmt":"2021-02-02T16:00:20","slug":"perinteinen","status":"publish","type":"page","link":"https:\/\/satamuna.fi\/da\/perinteinen\/","title":{"rendered":"Perinteinen"},"content":{"rendered":"\t\t<div data-elementor-type=\"wp-page\" data-elementor-id=\"2150\" class=\"elementor elementor-2150\" data-elementor-post-type=\"page\">\n\t\t\t\t\t\t<section class=\"elementor-section elementor-top-section elementor-element elementor-element-b6541c1 animated-slow elementor-section-boxed elementor-section-height-default elementor-section-height-default elementor-invisible\" data-id=\"b6541c1\" data-element_type=\"section\" data-e-type=\"section\" data-settings=\"{&quot;background_background&quot;:&quot;classic&quot;,&quot;motion_fx_motion_fx_scrolling&quot;:&quot;yes&quot;,&quot;animation&quot;:&quot;fadeIn&quot;,&quot;motion_fx_devices&quot;:[&quot;desktop&quot;,&quot;tablet&quot;,&quot;mobile&quot;]}\">\n\t\t\t\t\t\t<div class=\"elementor-container elementor-column-gap-default\">\n\t\t\t\t\t<div class=\"elementor-column elementor-col-50 elementor-top-column elementor-element elementor-element-53788e6\" data-id=\"53788e6\" data-element_type=\"column\" data-e-type=\"column\">\n\t\t\t<div class=\"elementor-widget-wrap elementor-element-populated\">\n\t\t\t\t\t\t<div class=\"elementor-element elementor-element-0eacb59 elementor-widget elementor-widget-heading\" data-id=\"0eacb59\" data-element_type=\"widget\" data-e-type=\"widget\" data-widget_type=\"heading.default\">\n\t\t\t\t<div class=\"elementor-widget-container\">\n\t\t\t\t\t<h2 class=\"elementor-heading-title elementor-size-default\">Perinteiset kananmunat<\/h2>\t\t\t\t<\/div>\n\t\t\t\t<\/div>\n\t\t\t\t<div class=\"elementor-element elementor-element-16dc282 elementor-widget elementor-widget-text-editor\" data-id=\"16dc282\" data-element_type=\"widget\" data-e-type=\"widget\" data-widget_type=\"text-editor.default\">\n\t\t\t\t<div class=\"elementor-widget-container\">\n\t\t\t\t\t\t\t\t\t<p>Satamunan perinteiset kananmunat tunnistat isosta Suomen lipusta, joka kuvaa hyvin kotimaista laadukasta peruselintarviketta. Perinteiset kananmunat ovat oiva valinta perusk\u00e4ytt\u00f6\u00f6n \u2013 p\u00e4\u00e4titp\u00e4 sitten leipoa, laittaa ruokaa, tehd\u00e4 kokkelia, munakasta tai nauttia kananmunia muuten vain. <br><br>Perinteiset kananmunat on tuotettu pienryhm\u00e4- eli virikeh\u00e4kkikanaloissa. N\u00e4iss\u00e4 uudenaikaisissa varustelluissa kanaloissa kanoilla on k\u00e4yt\u00f6ss\u00e4\u00e4n orret, kuoputusalue sek\u00e4 pes\u00e4. Kanoille on varattu my\u00f6s aiempaa enemm\u00e4n tilaa liikkua.<br><br>Perinteiset kananmunat on pakattu 10 ja 15 koteloihin.<\/p>\t\t\t\t\t\t\t\t<\/div>\n\t\t\t\t<\/div>\n\t\t\t\t\t<\/div>\n\t\t<\/div>\n\t\t\t\t<div class=\"elementor-column elementor-col-50 elementor-top-column elementor-element elementor-element-a4099a8\" data-id=\"a4099a8\" data-element_type=\"column\" data-e-type=\"column\">\n\t\t\t<div class=\"elementor-widget-wrap elementor-element-populated\">\n\t\t\t\t\t\t<div class=\"elementor-element elementor-element-67c64d2 elementor-widget elementor-widget-image\" data-id=\"67c64d2\" data-element_type=\"widget\" data-e-type=\"widget\" data-widget_type=\"image.default\">\n\t\t\t\t<div class=\"elementor-widget-container\">\n\t\t\t\t\t\t\t\t\t\t\t\t\t\t\t<img fetchpriority=\"high\" decoding=\"async\" width=\"930\" height=\"620\" src=\"https:\/\/satamuna.fi\/wp-content\/uploads\/2021\/02\/SATAMUNA_PERINTEINEN_10.jpg\" class=\"attachment-large size-large wp-image-1894\" alt=\"\" srcset=\"https:\/\/satamuna.fi\/wp-content\/uploads\/2021\/02\/SATAMUNA_PERINTEINEN_10.jpg 930w, https:\/\/satamuna.fi\/wp-content\/uploads\/2021\/02\/SATAMUNA_PERINTEINEN_10-300x200.jpg 300w, https:\/\/satamuna.fi\/wp-content\/uploads\/2021\/02\/SATAMUNA_PERINTEINEN_10-768x512.jpg 768w\" sizes=\"(max-width: 930px) 100vw, 930px\" \/>\t\t\t\t\t\t\t\t\t\t\t\t\t\t\t<\/div>\n\t\t\t\t<\/div>\n\t\t\t\t<div class=\"elementor-element elementor-element-f526e23 elementor-widget elementor-widget-image\" data-id=\"f526e23\" data-element_type=\"widget\" data-e-type=\"widget\" data-widget_type=\"image.default\">\n\t\t\t\t<div class=\"elementor-widget-container\">\n\t\t\t\t\t\t\t\t\t\t\t\t\t\t\t<img decoding=\"async\" width=\"930\" height=\"620\" src=\"https:\/\/satamuna.fi\/wp-content\/uploads\/2021\/02\/SATAMUNA_PERINTEINEN_15.jpg\" class=\"attachment-large size-large wp-image-1895\" alt=\"\" srcset=\"https:\/\/satamuna.fi\/wp-content\/uploads\/2021\/02\/SATAMUNA_PERINTEINEN_15.jpg 930w, https:\/\/satamuna.fi\/wp-content\/uploads\/2021\/02\/SATAMUNA_PERINTEINEN_15-300x200.jpg 300w, https:\/\/satamuna.fi\/wp-content\/uploads\/2021\/02\/SATAMUNA_PERINTEINEN_15-768x512.jpg 768w\" sizes=\"(max-width: 930px) 100vw, 930px\" \/>\t\t\t\t\t\t\t\t\t\t\t\t\t\t\t<\/div>\n\t\t\t\t<\/div>\n\t\t\t\t\t<\/div>\n\t\t<\/div>\n\t\t\t\t\t<\/div>\n\t\t<\/section>\n\t\t\t\t<\/div>\n\t\t","protected":false},"excerpt":{"rendered":"<p>Perinteiset kananmunat Satamunan perinteiset kananmunat tunnistat isosta Suomen lipusta, joka kuvaa hyvin kotimaista laadukasta peruselintarviketta. Perinteiset kananmunat ovat oiva valinta perusk\u00e4ytt\u00f6\u00f6n \u2013 p\u00e4\u00e4titp\u00e4 sitten leipoa, laittaa ruokaa, tehd\u00e4 kokkelia, munakasta tai nauttia kananmunia muuten vain. Perinteiset kananmunat on tuotettu pienryhm\u00e4- eli virikeh\u00e4kkikanaloissa. N\u00e4iss\u00e4 uudenaikaisissa varustelluissa kanaloissa kanoilla on k\u00e4yt\u00f6ss\u00e4\u00e4n orret, kuoputusalue sek\u00e4 pes\u00e4. Kanoille on&hellip;&nbsp;<a href=\"https:\/\/satamuna.fi\/da\/perinteinen\/\" rel=\"bookmark\">L\u00e6s mere &raquo;<span class=\"screen-reader-text\">Perinteinen<\/span><\/a><\/p>","protected":false},"author":1,"featured_media":0,"parent":0,"menu_order":0,"comment_status":"closed","ping_status":"closed","template":"page-templates\/template-pagebuilder-full-width.php","meta":{"neve_meta_sidebar":"full-width","neve_meta_container":"","neve_meta_enable_content_width":"on","neve_meta_content_width":100,"neve_meta_title_alignment":"","neve_meta_author_avatar":"","neve_post_elements_order":"","neve_meta_disable_header":"","neve_meta_disable_footer":"","neve_meta_disable_title":"","footnotes":""},"class_list":["post-2150","page","type-page","status-publish","hentry"],"yoast_head":"<!-- This site is optimized with the Yoast SEO plugin v27.3 - https:\/\/yoast.com\/product\/yoast-seo-wordpress\/ -->\n<title>Perinteinen - SATAMUNA<\/title>\n<meta name=\"robots\" content=\"index, follow, max-snippet:-1, max-image-preview:large, max-video-preview:-1\" \/>\n<link rel=\"canonical\" href=\"https:\/\/satamuna.fi\/da\/perinteinen\/\" \/>\n<meta property=\"og:locale\" content=\"da_DK\" \/>\n<meta property=\"og:type\" content=\"article\" \/>\n<meta property=\"og:title\" content=\"Perinteinen - SATAMUNA\" \/>\n<meta property=\"og:description\" content=\"Perinteiset kananmunat Satamunan perinteiset kananmunat tunnistat isosta Suomen lipusta, joka kuvaa hyvin kotimaista laadukasta peruselintarviketta. Perinteiset kananmunat ovat oiva valinta perusk\u00e4ytt\u00f6\u00f6n \u2013 p\u00e4\u00e4titp\u00e4 sitten leipoa, laittaa ruokaa, tehd\u00e4 kokkelia, munakasta tai nauttia kananmunia muuten vain. Perinteiset kananmunat on tuotettu pienryhm\u00e4- eli virikeh\u00e4kkikanaloissa. N\u00e4iss\u00e4 uudenaikaisissa varustelluissa kanaloissa kanoilla on k\u00e4yt\u00f6ss\u00e4\u00e4n orret, kuoputusalue sek\u00e4 pes\u00e4. Kanoille on&hellip;&nbsp;L\u00e6s mere &raquo;Perinteinen\" \/>\n<meta property=\"og:url\" content=\"https:\/\/satamuna.fi\/da\/perinteinen\/\" \/>\n<meta property=\"og:site_name\" content=\"SATAMUNA\" \/>\n<meta property=\"article:modified_time\" content=\"2021-02-02T16:00:20+00:00\" \/>\n<meta property=\"og:image\" content=\"https:\/\/satamuna-fi.hel6.wp-cloud.dev\/wp-content\/uploads\/2021\/02\/SATAMUNA_PERINTEINEN_10.jpg\" \/>\n<meta name=\"twitter:card\" content=\"summary_large_image\" \/>\n<script type=\"application\/ld+json\" class=\"yoast-schema-graph\">{\"@context\":\"https:\\\/\\\/schema.org\",\"@graph\":[{\"@type\":\"WebPage\",\"@id\":\"https:\\\/\\\/satamuna.fi\\\/da\\\/perinteinen\\\/\",\"url\":\"https:\\\/\\\/satamuna.fi\\\/da\\\/perinteinen\\\/\",\"name\":\"Perinteinen - SATAMUNA\",\"isPartOf\":{\"@id\":\"https:\\\/\\\/satamuna.fi\\\/en\\\/#website\"},\"primaryImageOfPage\":{\"@id\":\"https:\\\/\\\/satamuna.fi\\\/da\\\/perinteinen\\\/#primaryimage\"},\"image\":{\"@id\":\"https:\\\/\\\/satamuna.fi\\\/da\\\/perinteinen\\\/#primaryimage\"},\"thumbnailUrl\":\"https:\\\/\\\/satamuna-fi.hel6.wp-cloud.dev\\\/wp-content\\\/uploads\\\/2021\\\/02\\\/SATAMUNA_PERINTEINEN_10.jpg\",\"datePublished\":\"2021-02-02T15:28:18+00:00\",\"dateModified\":\"2021-02-02T16:00:20+00:00\",\"breadcrumb\":{\"@id\":\"https:\\\/\\\/satamuna.fi\\\/da\\\/perinteinen\\\/#breadcrumb\"},\"inLanguage\":\"da-DK\",\"potentialAction\":[{\"@type\":\"ReadAction\",\"target\":[\"https:\\\/\\\/satamuna.fi\\\/da\\\/perinteinen\\\/\"]}]},{\"@type\":\"ImageObject\",\"inLanguage\":\"da-DK\",\"@id\":\"https:\\\/\\\/satamuna.fi\\\/da\\\/perinteinen\\\/#primaryimage\",\"url\":\"https:\\\/\\\/satamuna-fi.hel6.wp-cloud.dev\\\/wp-content\\\/uploads\\\/2021\\\/02\\\/SATAMUNA_PERINTEINEN_10.jpg\",\"contentUrl\":\"https:\\\/\\\/satamuna-fi.hel6.wp-cloud.dev\\\/wp-content\\\/uploads\\\/2021\\\/02\\\/SATAMUNA_PERINTEINEN_10.jpg\"},{\"@type\":\"BreadcrumbList\",\"@id\":\"https:\\\/\\\/satamuna.fi\\\/da\\\/perinteinen\\\/#breadcrumb\",\"itemListElement\":[{\"@type\":\"ListItem\",\"position\":1,\"name\":\"Etusivu\",\"item\":\"https:\\\/\\\/satamuna.fi\\\/\"},{\"@type\":\"ListItem\",\"position\":2,\"name\":\"Perinteinen\"}]},{\"@type\":\"WebSite\",\"@id\":\"https:\\\/\\\/satamuna.fi\\\/en\\\/#website\",\"url\":\"https:\\\/\\\/satamuna.fi\\\/en\\\/\",\"name\":\"SATAMUNA\",\"description\":\"Se oikea soikea\",\"publisher\":{\"@id\":\"https:\\\/\\\/satamuna.fi\\\/en\\\/#organization\"},\"potentialAction\":[{\"@type\":\"SearchAction\",\"target\":{\"@type\":\"EntryPoint\",\"urlTemplate\":\"https:\\\/\\\/satamuna.fi\\\/en\\\/?s={search_term_string}\"},\"query-input\":{\"@type\":\"PropertyValueSpecification\",\"valueRequired\":true,\"valueName\":\"search_term_string\"}}],\"inLanguage\":\"da-DK\"},{\"@type\":\"Organization\",\"@id\":\"https:\\\/\\\/satamuna.fi\\\/en\\\/#organization\",\"name\":\"SATAMUNA\",\"url\":\"https:\\\/\\\/satamuna.fi\\\/en\\\/\",\"logo\":{\"@type\":\"ImageObject\",\"inLanguage\":\"da-DK\",\"@id\":\"https:\\\/\\\/satamuna.fi\\\/en\\\/#\\\/schema\\\/logo\\\/image\\\/\",\"url\":\"https:\\\/\\\/satamuna.fi\\\/wp-content\\\/uploads\\\/2021\\\/01\\\/SATAMUNA_LOGO_WWW.png\",\"contentUrl\":\"https:\\\/\\\/satamuna.fi\\\/wp-content\\\/uploads\\\/2021\\\/01\\\/SATAMUNA_LOGO_WWW.png\",\"width\":500,\"height\":140,\"caption\":\"SATAMUNA\"},\"image\":{\"@id\":\"https:\\\/\\\/satamuna.fi\\\/en\\\/#\\\/schema\\\/logo\\\/image\\\/\"}}]}<\/script>\n<!-- \/ Yoast SEO plugin. -->","yoast_head_json":{"title":"Perinteinen - SATAMUNA","robots":{"index":"index","follow":"follow","max-snippet":"max-snippet:-1","max-image-preview":"max-image-preview:large","max-video-preview":"max-video-preview:-1"},"canonical":"https:\/\/satamuna.fi\/da\/perinteinen\/","og_locale":"da_DK","og_type":"article","og_title":"Perinteinen - SATAMUNA","og_description":"Perinteiset kananmunat Satamunan perinteiset kananmunat tunnistat isosta Suomen lipusta, joka kuvaa hyvin kotimaista laadukasta peruselintarviketta. Perinteiset kananmunat ovat oiva valinta perusk\u00e4ytt\u00f6\u00f6n \u2013 p\u00e4\u00e4titp\u00e4 sitten leipoa, laittaa ruokaa, tehd\u00e4 kokkelia, munakasta tai nauttia kananmunia muuten vain. Perinteiset kananmunat on tuotettu pienryhm\u00e4- eli virikeh\u00e4kkikanaloissa. N\u00e4iss\u00e4 uudenaikaisissa varustelluissa kanaloissa kanoilla on k\u00e4yt\u00f6ss\u00e4\u00e4n orret, kuoputusalue sek\u00e4 pes\u00e4. Kanoille on&hellip;&nbsp;L\u00e6s mere &raquo;Perinteinen","og_url":"https:\/\/satamuna.fi\/da\/perinteinen\/","og_site_name":"SATAMUNA","article_modified_time":"2021-02-02T16:00:20+00:00","og_image":[{"url":"https:\/\/satamuna-fi.hel6.wp-cloud.dev\/wp-content\/uploads\/2021\/02\/SATAMUNA_PERINTEINEN_10.jpg","type":"","width":"","height":""}],"twitter_card":"summary_large_image","schema":{"@context":"https:\/\/schema.org","@graph":[{"@type":"WebPage","@id":"https:\/\/satamuna.fi\/da\/perinteinen\/","url":"https:\/\/satamuna.fi\/da\/perinteinen\/","name":"Perinteinen - SATAMUNA","isPartOf":{"@id":"https:\/\/satamuna.fi\/en\/#website"},"primaryImageOfPage":{"@id":"https:\/\/satamuna.fi\/da\/perinteinen\/#primaryimage"},"image":{"@id":"https:\/\/satamuna.fi\/da\/perinteinen\/#primaryimage"},"thumbnailUrl":"https:\/\/satamuna-fi.hel6.wp-cloud.dev\/wp-content\/uploads\/2021\/02\/SATAMUNA_PERINTEINEN_10.jpg","datePublished":"2021-02-02T15:28:18+00:00","dateModified":"2021-02-02T16:00:20+00:00","breadcrumb":{"@id":"https:\/\/satamuna.fi\/da\/perinteinen\/#breadcrumb"},"inLanguage":"da-DK","potentialAction":[{"@type":"ReadAction","target":["https:\/\/satamuna.fi\/da\/perinteinen\/"]}]},{"@type":"ImageObject","inLanguage":"da-DK","@id":"https:\/\/satamuna.fi\/da\/perinteinen\/#primaryimage","url":"https:\/\/satamuna-fi.hel6.wp-cloud.dev\/wp-content\/uploads\/2021\/02\/SATAMUNA_PERINTEINEN_10.jpg","contentUrl":"https:\/\/satamuna-fi.hel6.wp-cloud.dev\/wp-content\/uploads\/2021\/02\/SATAMUNA_PERINTEINEN_10.jpg"},{"@type":"BreadcrumbList","@id":"https:\/\/satamuna.fi\/da\/perinteinen\/#breadcrumb","itemListElement":[{"@type":"ListItem","position":1,"name":"Etusivu","item":"https:\/\/satamuna.fi\/"},{"@type":"ListItem","position":2,"name":"Perinteinen"}]},{"@type":"WebSite","@id":"https:\/\/satamuna.fi\/en\/#website","url":"https:\/\/satamuna.fi\/en\/","name":"SATAMUNA","description":"Se oikea soikea","publisher":{"@id":"https:\/\/satamuna.fi\/en\/#organization"},"potentialAction":[{"@type":"SearchAction","target":{"@type":"EntryPoint","urlTemplate":"https:\/\/satamuna.fi\/en\/?s={search_term_string}"},"query-input":{"@type":"PropertyValueSpecification","valueRequired":true,"valueName":"search_term_string"}}],"inLanguage":"da-DK"},{"@type":"Organization","@id":"https:\/\/satamuna.fi\/en\/#organization","name":"SATAMUNA","url":"https:\/\/satamuna.fi\/en\/","logo":{"@type":"ImageObject","inLanguage":"da-DK","@id":"https:\/\/satamuna.fi\/en\/#\/schema\/logo\/image\/","url":"https:\/\/satamuna.fi\/wp-content\/uploads\/2021\/01\/SATAMUNA_LOGO_WWW.png","contentUrl":"https:\/\/satamuna.fi\/wp-content\/uploads\/2021\/01\/SATAMUNA_LOGO_WWW.png","width":500,"height":140,"caption":"SATAMUNA"},"image":{"@id":"https:\/\/satamuna.fi\/en\/#\/schema\/logo\/image\/"}}]}},"_links":{"self":[{"href":"https:\/\/satamuna.fi\/da\/wp-json\/wp\/v2\/pages\/2150","targetHints":{"allow":["GET"]}}],"collection":[{"href":"https:\/\/satamuna.fi\/da\/wp-json\/wp\/v2\/pages"}],"about":[{"href":"https:\/\/satamuna.fi\/da\/wp-json\/wp\/v2\/types\/page"}],"author":[{"embeddable":true,"href":"https:\/\/satamuna.fi\/da\/wp-json\/wp\/v2\/users\/1"}],"replies":[{"embeddable":true,"href":"https:\/\/satamuna.fi\/da\/wp-json\/wp\/v2\/comments?post=2150"}],"version-history":[{"count":28,"href":"https:\/\/satamuna.fi\/da\/wp-json\/wp\/v2\/pages\/2150\/revisions"}],"predecessor-version":[{"id":2229,"href":"https:\/\/satamuna.fi\/da\/wp-json\/wp\/v2\/pages\/2150\/revisions\/2229"}],"wp:attachment":[{"href":"https:\/\/satamuna.fi\/da\/wp-json\/wp\/v2\/media?parent=2150"}],"curies":[{"name":"wp","href":"https:\/\/api.w.org\/{rel}","templated":true}]}}