{"id":2106,"date":"2021-02-02T14:50:47","date_gmt":"2021-02-02T14:50:47","guid":{"rendered":"https:\/\/satamuna-fi.hel6.wp-cloud.dev\/?page_id=2106"},"modified":"2022-02-11T11:42:26","modified_gmt":"2022-02-11T09:42:26","slug":"luomu","status":"publish","type":"page","link":"https:\/\/satamuna.fi\/da\/luomu\/","title":{"rendered":"Luomu"},"content":{"rendered":"\t\t<div data-elementor-type=\"wp-page\" data-elementor-id=\"2106\" class=\"elementor elementor-2106\" data-elementor-post-type=\"page\">\n\t\t\t\t\t\t<section class=\"elementor-section elementor-top-section elementor-element elementor-element-19cfd39 animated-slow elementor-section-boxed elementor-section-height-default elementor-section-height-default elementor-invisible\" data-id=\"19cfd39\" data-element_type=\"section\" data-e-type=\"section\" data-settings=\"{&quot;background_background&quot;:&quot;classic&quot;,&quot;motion_fx_motion_fx_scrolling&quot;:&quot;yes&quot;,&quot;animation&quot;:&quot;fadeIn&quot;,&quot;motion_fx_devices&quot;:[&quot;desktop&quot;,&quot;tablet&quot;,&quot;mobile&quot;]}\">\n\t\t\t\t\t\t\t<div class=\"elementor-background-overlay\"><\/div>\n\t\t\t\t\t\t\t<div class=\"elementor-container elementor-column-gap-default\">\n\t\t\t\t\t<div class=\"elementor-column elementor-col-50 elementor-top-column elementor-element elementor-element-21f53a5\" data-id=\"21f53a5\" data-element_type=\"column\" data-e-type=\"column\">\n\t\t\t<div class=\"elementor-widget-wrap elementor-element-populated\">\n\t\t\t\t\t\t<div class=\"elementor-element elementor-element-774cdca elementor-widget elementor-widget-heading\" data-id=\"774cdca\" data-element_type=\"widget\" data-e-type=\"widget\" data-widget_type=\"heading.default\">\n\t\t\t\t<div class=\"elementor-widget-container\">\n\t\t\t\t\t<h2 class=\"elementor-heading-title elementor-size-default\">Luomukanan munat<\/h2>\t\t\t\t<\/div>\n\t\t\t\t<\/div>\n\t\t\t\t<div class=\"elementor-element elementor-element-caac885 elementor-widget elementor-widget-text-editor\" data-id=\"caac885\" data-element_type=\"widget\" data-e-type=\"widget\" data-widget_type=\"text-editor.default\">\n\t\t\t\t<div class=\"elementor-widget-container\">\n\t\t\t\t\t\t\t\t\t<p>Tunnistat luomumunamme vihre\u00e4st\u00e4 pakkauksesta ja luomutuotantoa <br \/>kuvaavasta lehdyk\u00e4st\u00e4. <br \/><br \/>Kanat el\u00e4v\u00e4t vapaana kanalassa, kuten vapaan kanan munia munivat kanatkin, mutta luomukanaloissa on lis\u00e4ksi ikkunat. Samoin luomukanoille on mahdollistettu laiduntaminen ulkosalla kes\u00e4aikaan. Ruoakseen luomukanat nauttivat kotimaista luomutuotettua rehua.<br \/><br \/>Luomukanan munista Satamuna tarjoaa monipuolisen kokovalikoiman pienemmist\u00e4 4 ja 6 rasioista aina 10 ja 12 munan koteloihin.<\/p>\t\t\t\t\t\t\t\t<\/div>\n\t\t\t\t<\/div>\n\t\t\t\t\t<\/div>\n\t\t<\/div>\n\t\t\t\t<div class=\"elementor-column elementor-col-50 elementor-top-column elementor-element elementor-element-3fc3fd4\" data-id=\"3fc3fd4\" data-element_type=\"column\" data-e-type=\"column\">\n\t\t\t<div class=\"elementor-widget-wrap elementor-element-populated\">\n\t\t\t\t\t\t<div class=\"elementor-element elementor-element-9ba65a7 elementor-widget elementor-widget-image\" data-id=\"9ba65a7\" data-element_type=\"widget\" data-e-type=\"widget\" data-widget_type=\"image.default\">\n\t\t\t\t<div class=\"elementor-widget-container\">\n\t\t\t\t\t\t\t\t\t\t\t\t\t\t\t<img fetchpriority=\"high\" decoding=\"async\" width=\"930\" height=\"620\" src=\"https:\/\/satamuna.fi\/wp-content\/uploads\/2021\/02\/SATAMUNA_LUOMU_4.jpg\" class=\"attachment-large size-large wp-image-1890\" alt=\"\" srcset=\"https:\/\/satamuna.fi\/wp-content\/uploads\/2021\/02\/SATAMUNA_LUOMU_4.jpg 930w, https:\/\/satamuna.fi\/wp-content\/uploads\/2021\/02\/SATAMUNA_LUOMU_4-300x200.jpg 300w, https:\/\/satamuna.fi\/wp-content\/uploads\/2021\/02\/SATAMUNA_LUOMU_4-768x512.jpg 768w\" sizes=\"(max-width: 930px) 100vw, 930px\" \/>\t\t\t\t\t\t\t\t\t\t\t\t\t\t\t<\/div>\n\t\t\t\t<\/div>\n\t\t\t\t<div class=\"elementor-element elementor-element-7c3cdb8 elementor-widget elementor-widget-image\" data-id=\"7c3cdb8\" data-element_type=\"widget\" data-e-type=\"widget\" data-widget_type=\"image.default\">\n\t\t\t\t<div class=\"elementor-widget-container\">\n\t\t\t\t\t\t\t\t\t\t\t\t\t\t\t<img decoding=\"async\" width=\"930\" height=\"620\" src=\"https:\/\/satamuna.fi\/wp-content\/uploads\/2021\/02\/SATAMUNA_LUOMU_6-1.jpg\" class=\"attachment-large size-large wp-image-1912\" alt=\"\" srcset=\"https:\/\/satamuna.fi\/wp-content\/uploads\/2021\/02\/SATAMUNA_LUOMU_6-1.jpg 930w, https:\/\/satamuna.fi\/wp-content\/uploads\/2021\/02\/SATAMUNA_LUOMU_6-1-300x200.jpg 300w, https:\/\/satamuna.fi\/wp-content\/uploads\/2021\/02\/SATAMUNA_LUOMU_6-1-768x512.jpg 768w\" sizes=\"(max-width: 930px) 100vw, 930px\" \/>\t\t\t\t\t\t\t\t\t\t\t\t\t\t\t<\/div>\n\t\t\t\t<\/div>\n\t\t\t\t<div class=\"elementor-element elementor-element-d64c57e elementor-widget elementor-widget-image\" data-id=\"d64c57e\" data-element_type=\"widget\" data-e-type=\"widget\" data-widget_type=\"image.default\">\n\t\t\t\t<div class=\"elementor-widget-container\">\n\t\t\t\t\t\t\t\t\t\t\t\t\t\t\t<img decoding=\"async\" width=\"930\" height=\"620\" src=\"https:\/\/satamuna.fi\/wp-content\/uploads\/2021\/02\/SATAMUNA_LUOMU_10.jpg\" class=\"attachment-large size-large wp-image-1892\" alt=\"\" srcset=\"https:\/\/satamuna.fi\/wp-content\/uploads\/2021\/02\/SATAMUNA_LUOMU_10.jpg 930w, https:\/\/satamuna.fi\/wp-content\/uploads\/2021\/02\/SATAMUNA_LUOMU_10-300x200.jpg 300w, https:\/\/satamuna.fi\/wp-content\/uploads\/2021\/02\/SATAMUNA_LUOMU_10-768x512.jpg 768w\" sizes=\"(max-width: 930px) 100vw, 930px\" \/>\t\t\t\t\t\t\t\t\t\t\t\t\t\t\t<\/div>\n\t\t\t\t<\/div>\n\t\t\t\t<div class=\"elementor-element elementor-element-183a206 elementor-widget elementor-widget-image\" data-id=\"183a206\" data-element_type=\"widget\" data-e-type=\"widget\" data-widget_type=\"image.default\">\n\t\t\t\t<div class=\"elementor-widget-container\">\n\t\t\t\t\t\t\t\t\t\t\t\t\t\t\t<img loading=\"lazy\" decoding=\"async\" width=\"930\" height=\"620\" src=\"https:\/\/satamuna.fi\/wp-content\/uploads\/2021\/02\/SATAMUNA_LUOMU_12.jpg\" class=\"attachment-large size-large wp-image-1893\" alt=\"\" srcset=\"https:\/\/satamuna.fi\/wp-content\/uploads\/2021\/02\/SATAMUNA_LUOMU_12.jpg 930w, https:\/\/satamuna.fi\/wp-content\/uploads\/2021\/02\/SATAMUNA_LUOMU_12-300x200.jpg 300w, https:\/\/satamuna.fi\/wp-content\/uploads\/2021\/02\/SATAMUNA_LUOMU_12-768x512.jpg 768w\" sizes=\"(max-width: 930px) 100vw, 930px\" \/>\t\t\t\t\t\t\t\t\t\t\t\t\t\t\t<\/div>\n\t\t\t\t<\/div>\n\t\t\t\t<div class=\"elementor-element elementor-element-283f6e4 elementor-widget elementor-widget-image\" data-id=\"283f6e4\" data-element_type=\"widget\" data-e-type=\"widget\" data-widget_type=\"image.default\">\n\t\t\t\t<div class=\"elementor-widget-container\">\n\t\t\t\t\t\t\t\t\t\t\t\t\t\t\t<img loading=\"lazy\" decoding=\"async\" width=\"930\" height=\"620\" src=\"https:\/\/satamuna.fi\/wp-content\/uploads\/2022\/02\/SATAMUNA_LUOMU_M6.jpg\" class=\"attachment-large size-large wp-image-2864\" alt=\"\" srcset=\"https:\/\/satamuna.fi\/wp-content\/uploads\/2022\/02\/SATAMUNA_LUOMU_M6.jpg 930w, https:\/\/satamuna.fi\/wp-content\/uploads\/2022\/02\/SATAMUNA_LUOMU_M6-300x200.jpg 300w, https:\/\/satamuna.fi\/wp-content\/uploads\/2022\/02\/SATAMUNA_LUOMU_M6-768x512.jpg 768w, https:\/\/satamuna.fi\/wp-content\/uploads\/2022\/02\/SATAMUNA_LUOMU_M6-18x12.jpg 18w\" sizes=\"(max-width: 930px) 100vw, 930px\" \/>\t\t\t\t\t\t\t\t\t\t\t\t\t\t\t<\/div>\n\t\t\t\t<\/div>\n\t\t\t\t\t<\/div>\n\t\t<\/div>\n\t\t\t\t\t<\/div>\n\t\t<\/section>\n\t\t\t\t<\/div>\n\t\t","protected":false},"excerpt":{"rendered":"<p>Luomukanan munat Tunnistat luomumunamme vihre\u00e4st\u00e4 pakkauksesta ja luomutuotantoa kuvaavasta lehdyk\u00e4st\u00e4. Kanat el\u00e4v\u00e4t vapaana kanalassa, kuten vapaan kanan munia munivat kanatkin, mutta luomukanaloissa on lis\u00e4ksi ikkunat. Samoin luomukanoille on mahdollistettu laiduntaminen ulkosalla kes\u00e4aikaan. Ruoakseen luomukanat nauttivat kotimaista luomutuotettua rehua. Luomukanan munista Satamuna tarjoaa monipuolisen kokovalikoiman pienemmist\u00e4 4 ja 6 rasioista aina 10 ja 12 munan koteloihin.<\/p>","protected":false},"author":1,"featured_media":0,"parent":0,"menu_order":0,"comment_status":"closed","ping_status":"closed","template":"page-templates\/template-pagebuilder-full-width.php","meta":{"neve_meta_sidebar":"full-width","neve_meta_container":"","neve_meta_enable_content_width":"on","neve_meta_content_width":100,"neve_meta_title_alignment":"","neve_meta_author_avatar":"","neve_post_elements_order":"","neve_meta_disable_header":"","neve_meta_disable_footer":"","neve_meta_disable_title":"","footnotes":""},"class_list":["post-2106","page","type-page","status-publish","hentry"],"yoast_head":"<!-- This site is optimized with the Yoast SEO plugin v27.3 - https:\/\/yoast.com\/product\/yoast-seo-wordpress\/ -->\n<title>Luomu - SATAMUNA<\/title>\n<meta name=\"robots\" content=\"index, follow, max-snippet:-1, max-image-preview:large, max-video-preview:-1\" \/>\n<link rel=\"canonical\" href=\"https:\/\/satamuna.fi\/da\/luomu\/\" \/>\n<meta property=\"og:locale\" content=\"da_DK\" \/>\n<meta property=\"og:type\" content=\"article\" \/>\n<meta property=\"og:title\" content=\"Luomu - SATAMUNA\" \/>\n<meta property=\"og:description\" content=\"Luomukanan munat Tunnistat luomumunamme vihre\u00e4st\u00e4 pakkauksesta ja luomutuotantoa kuvaavasta lehdyk\u00e4st\u00e4. Kanat el\u00e4v\u00e4t vapaana kanalassa, kuten vapaan kanan munia munivat kanatkin, mutta luomukanaloissa on lis\u00e4ksi ikkunat. Samoin luomukanoille on mahdollistettu laiduntaminen ulkosalla kes\u00e4aikaan. Ruoakseen luomukanat nauttivat kotimaista luomutuotettua rehua. Luomukanan munista Satamuna tarjoaa monipuolisen kokovalikoiman pienemmist\u00e4 4 ja 6 rasioista aina 10 ja 12 munan koteloihin.\" \/>\n<meta property=\"og:url\" content=\"https:\/\/satamuna.fi\/da\/luomu\/\" \/>\n<meta property=\"og:site_name\" content=\"SATAMUNA\" \/>\n<meta property=\"article:modified_time\" content=\"2022-02-11T09:42:26+00:00\" \/>\n<meta property=\"og:image\" content=\"https:\/\/satamuna.fi\/wp-content\/uploads\/2021\/02\/SATAMUNA_LUOMU_4.jpg\" \/>\n<meta name=\"twitter:card\" content=\"summary_large_image\" \/>\n<script type=\"application\/ld+json\" class=\"yoast-schema-graph\">{\"@context\":\"https:\\\/\\\/schema.org\",\"@graph\":[{\"@type\":\"WebPage\",\"@id\":\"https:\\\/\\\/satamuna.fi\\\/luomu\\\/\",\"url\":\"https:\\\/\\\/satamuna.fi\\\/luomu\\\/\",\"name\":\"Luomu - SATAMUNA\",\"isPartOf\":{\"@id\":\"https:\\\/\\\/satamuna.fi\\\/en\\\/#website\"},\"primaryImageOfPage\":{\"@id\":\"https:\\\/\\\/satamuna.fi\\\/luomu\\\/#primaryimage\"},\"image\":{\"@id\":\"https:\\\/\\\/satamuna.fi\\\/luomu\\\/#primaryimage\"},\"thumbnailUrl\":\"https:\\\/\\\/satamuna.fi\\\/wp-content\\\/uploads\\\/2021\\\/02\\\/SATAMUNA_LUOMU_4.jpg\",\"datePublished\":\"2021-02-02T14:50:47+00:00\",\"dateModified\":\"2022-02-11T09:42:26+00:00\",\"breadcrumb\":{\"@id\":\"https:\\\/\\\/satamuna.fi\\\/luomu\\\/#breadcrumb\"},\"inLanguage\":\"da-DK\",\"potentialAction\":[{\"@type\":\"ReadAction\",\"target\":[\"https:\\\/\\\/satamuna.fi\\\/luomu\\\/\"]}]},{\"@type\":\"ImageObject\",\"inLanguage\":\"da-DK\",\"@id\":\"https:\\\/\\\/satamuna.fi\\\/luomu\\\/#primaryimage\",\"url\":\"https:\\\/\\\/satamuna.fi\\\/wp-content\\\/uploads\\\/2021\\\/02\\\/SATAMUNA_LUOMU_4.jpg\",\"contentUrl\":\"https:\\\/\\\/satamuna.fi\\\/wp-content\\\/uploads\\\/2021\\\/02\\\/SATAMUNA_LUOMU_4.jpg\"},{\"@type\":\"BreadcrumbList\",\"@id\":\"https:\\\/\\\/satamuna.fi\\\/luomu\\\/#breadcrumb\",\"itemListElement\":[{\"@type\":\"ListItem\",\"position\":1,\"name\":\"Etusivu\",\"item\":\"https:\\\/\\\/satamuna.fi\\\/\"},{\"@type\":\"ListItem\",\"position\":2,\"name\":\"Luomu\"}]},{\"@type\":\"WebSite\",\"@id\":\"https:\\\/\\\/satamuna.fi\\\/en\\\/#website\",\"url\":\"https:\\\/\\\/satamuna.fi\\\/en\\\/\",\"name\":\"SATAMUNA\",\"description\":\"Se oikea soikea\",\"publisher\":{\"@id\":\"https:\\\/\\\/satamuna.fi\\\/en\\\/#organization\"},\"potentialAction\":[{\"@type\":\"SearchAction\",\"target\":{\"@type\":\"EntryPoint\",\"urlTemplate\":\"https:\\\/\\\/satamuna.fi\\\/en\\\/?s={search_term_string}\"},\"query-input\":{\"@type\":\"PropertyValueSpecification\",\"valueRequired\":true,\"valueName\":\"search_term_string\"}}],\"inLanguage\":\"da-DK\"},{\"@type\":\"Organization\",\"@id\":\"https:\\\/\\\/satamuna.fi\\\/en\\\/#organization\",\"name\":\"SATAMUNA\",\"url\":\"https:\\\/\\\/satamuna.fi\\\/en\\\/\",\"logo\":{\"@type\":\"ImageObject\",\"inLanguage\":\"da-DK\",\"@id\":\"https:\\\/\\\/satamuna.fi\\\/en\\\/#\\\/schema\\\/logo\\\/image\\\/\",\"url\":\"https:\\\/\\\/satamuna.fi\\\/wp-content\\\/uploads\\\/2021\\\/01\\\/SATAMUNA_LOGO_WWW.png\",\"contentUrl\":\"https:\\\/\\\/satamuna.fi\\\/wp-content\\\/uploads\\\/2021\\\/01\\\/SATAMUNA_LOGO_WWW.png\",\"width\":500,\"height\":140,\"caption\":\"SATAMUNA\"},\"image\":{\"@id\":\"https:\\\/\\\/satamuna.fi\\\/en\\\/#\\\/schema\\\/logo\\\/image\\\/\"}}]}<\/script>\n<!-- \/ Yoast SEO plugin. -->","yoast_head_json":{"title":"Luomu - SATAMUNA","robots":{"index":"index","follow":"follow","max-snippet":"max-snippet:-1","max-image-preview":"max-image-preview:large","max-video-preview":"max-video-preview:-1"},"canonical":"https:\/\/satamuna.fi\/da\/luomu\/","og_locale":"da_DK","og_type":"article","og_title":"Luomu - SATAMUNA","og_description":"Luomukanan munat Tunnistat luomumunamme vihre\u00e4st\u00e4 pakkauksesta ja luomutuotantoa kuvaavasta lehdyk\u00e4st\u00e4. Kanat el\u00e4v\u00e4t vapaana kanalassa, kuten vapaan kanan munia munivat kanatkin, mutta luomukanaloissa on lis\u00e4ksi ikkunat. Samoin luomukanoille on mahdollistettu laiduntaminen ulkosalla kes\u00e4aikaan. Ruoakseen luomukanat nauttivat kotimaista luomutuotettua rehua. Luomukanan munista Satamuna tarjoaa monipuolisen kokovalikoiman pienemmist\u00e4 4 ja 6 rasioista aina 10 ja 12 munan koteloihin.","og_url":"https:\/\/satamuna.fi\/da\/luomu\/","og_site_name":"SATAMUNA","article_modified_time":"2022-02-11T09:42:26+00:00","og_image":[{"url":"https:\/\/satamuna.fi\/wp-content\/uploads\/2021\/02\/SATAMUNA_LUOMU_4.jpg","type":"","width":"","height":""}],"twitter_card":"summary_large_image","schema":{"@context":"https:\/\/schema.org","@graph":[{"@type":"WebPage","@id":"https:\/\/satamuna.fi\/luomu\/","url":"https:\/\/satamuna.fi\/luomu\/","name":"Luomu - SATAMUNA","isPartOf":{"@id":"https:\/\/satamuna.fi\/en\/#website"},"primaryImageOfPage":{"@id":"https:\/\/satamuna.fi\/luomu\/#primaryimage"},"image":{"@id":"https:\/\/satamuna.fi\/luomu\/#primaryimage"},"thumbnailUrl":"https:\/\/satamuna.fi\/wp-content\/uploads\/2021\/02\/SATAMUNA_LUOMU_4.jpg","datePublished":"2021-02-02T14:50:47+00:00","dateModified":"2022-02-11T09:42:26+00:00","breadcrumb":{"@id":"https:\/\/satamuna.fi\/luomu\/#breadcrumb"},"inLanguage":"da-DK","potentialAction":[{"@type":"ReadAction","target":["https:\/\/satamuna.fi\/luomu\/"]}]},{"@type":"ImageObject","inLanguage":"da-DK","@id":"https:\/\/satamuna.fi\/luomu\/#primaryimage","url":"https:\/\/satamuna.fi\/wp-content\/uploads\/2021\/02\/SATAMUNA_LUOMU_4.jpg","contentUrl":"https:\/\/satamuna.fi\/wp-content\/uploads\/2021\/02\/SATAMUNA_LUOMU_4.jpg"},{"@type":"BreadcrumbList","@id":"https:\/\/satamuna.fi\/luomu\/#breadcrumb","itemListElement":[{"@type":"ListItem","position":1,"name":"Etusivu","item":"https:\/\/satamuna.fi\/"},{"@type":"ListItem","position":2,"name":"Luomu"}]},{"@type":"WebSite","@id":"https:\/\/satamuna.fi\/en\/#website","url":"https:\/\/satamuna.fi\/en\/","name":"SATAMUNA","description":"Se oikea soikea","publisher":{"@id":"https:\/\/satamuna.fi\/en\/#organization"},"potentialAction":[{"@type":"SearchAction","target":{"@type":"EntryPoint","urlTemplate":"https:\/\/satamuna.fi\/en\/?s={search_term_string}"},"query-input":{"@type":"PropertyValueSpecification","valueRequired":true,"valueName":"search_term_string"}}],"inLanguage":"da-DK"},{"@type":"Organization","@id":"https:\/\/satamuna.fi\/en\/#organization","name":"SATAMUNA","url":"https:\/\/satamuna.fi\/en\/","logo":{"@type":"ImageObject","inLanguage":"da-DK","@id":"https:\/\/satamuna.fi\/en\/#\/schema\/logo\/image\/","url":"https:\/\/satamuna.fi\/wp-content\/uploads\/2021\/01\/SATAMUNA_LOGO_WWW.png","contentUrl":"https:\/\/satamuna.fi\/wp-content\/uploads\/2021\/01\/SATAMUNA_LOGO_WWW.png","width":500,"height":140,"caption":"SATAMUNA"},"image":{"@id":"https:\/\/satamuna.fi\/en\/#\/schema\/logo\/image\/"}}]}},"_links":{"self":[{"href":"https:\/\/satamuna.fi\/da\/wp-json\/wp\/v2\/pages\/2106","targetHints":{"allow":["GET"]}}],"collection":[{"href":"https:\/\/satamuna.fi\/da\/wp-json\/wp\/v2\/pages"}],"about":[{"href":"https:\/\/satamuna.fi\/da\/wp-json\/wp\/v2\/types\/page"}],"author":[{"embeddable":true,"href":"https:\/\/satamuna.fi\/da\/wp-json\/wp\/v2\/users\/1"}],"replies":[{"embeddable":true,"href":"https:\/\/satamuna.fi\/da\/wp-json\/wp\/v2\/comments?post=2106"}],"version-history":[{"count":20,"href":"https:\/\/satamuna.fi\/da\/wp-json\/wp\/v2\/pages\/2106\/revisions"}],"predecessor-version":[{"id":2874,"href":"https:\/\/satamuna.fi\/da\/wp-json\/wp\/v2\/pages\/2106\/revisions\/2874"}],"wp:attachment":[{"href":"https:\/\/satamuna.fi\/da\/wp-json\/wp\/v2\/media?parent=2106"}],"curies":[{"name":"wp","href":"https:\/\/api.w.org\/{rel}","templated":true}]}}