{"id":2,"date":"2020-01-13T10:40:35","date_gmt":"2020-01-13T10:40:35","guid":{"rendered":"https:\/\/demosites.io\/web-agency\/?page_id=2"},"modified":"2025-01-02T08:45:32","modified_gmt":"2025-01-02T06:45:32","slug":"tuottajat","status":"publish","type":"page","link":"https:\/\/satamuna.fi\/da\/tuottajat\/","title":{"rendered":"Producenter"},"content":{"rendered":"\t\t<div data-elementor-type=\"wp-page\" data-elementor-id=\"2\" class=\"elementor elementor-2\" data-elementor-post-type=\"page\">\n\t\t\t\t\t\t<section class=\"elementor-section elementor-top-section elementor-element elementor-element-53b058b animated-slow elementor-section-boxed elementor-section-height-default elementor-section-height-default elementor-invisible\" data-id=\"53b058b\" data-element_type=\"section\" data-e-type=\"section\" data-settings=\"{&quot;motion_fx_motion_fx_scrolling&quot;:&quot;yes&quot;,&quot;animation&quot;:&quot;fadeIn&quot;,&quot;motion_fx_devices&quot;:[&quot;desktop&quot;,&quot;tablet&quot;,&quot;mobile&quot;]}\">\n\t\t\t\t\t\t<div class=\"elementor-container elementor-column-gap-default\">\n\t\t\t\t\t<div class=\"elementor-column elementor-col-100 elementor-top-column elementor-element elementor-element-8f81959\" data-id=\"8f81959\" data-element_type=\"column\" data-e-type=\"column\">\n\t\t\t<div class=\"elementor-widget-wrap elementor-element-populated\">\n\t\t\t\t\t\t<div class=\"elementor-element elementor-element-297fba6 elementor-widget elementor-widget-video\" data-id=\"297fba6\" data-element_type=\"widget\" data-e-type=\"widget\" data-settings=\"{&quot;video_type&quot;:&quot;hosted&quot;,&quot;autoplay&quot;:&quot;yes&quot;,&quot;mute&quot;:&quot;yes&quot;,&quot;loop&quot;:&quot;yes&quot;,&quot;play_on_mobile&quot;:&quot;yes&quot;}\" data-widget_type=\"video.default\">\n\t\t\t\t<div class=\"elementor-widget-container\">\n\t\t\t\t\t\t\t<div class=\"e-hosted-video elementor-wrapper elementor-open-inline\">\n\t\t\t\t\t<video class=\"elementor-video\" src=\"https:\/\/satamuna.fi\/wp-content\/uploads\/2021\/02\/SATAMUNA-LINJASTO-960x540-1.mp4\" autoplay=\"\" loop=\"\" muted=\"muted\" playsinline=\"\" controlsList=\"nodownload\"><\/video>\n\t\t\t\t<\/div>\n\t\t\t\t\t\t<\/div>\n\t\t\t\t<\/div>\n\t\t\t\t\t<\/div>\n\t\t<\/div>\n\t\t\t\t\t<\/div>\n\t\t<\/section>\n\t\t\t\t<section class=\"elementor-section elementor-top-section elementor-element elementor-element-e2aafe5 animated-slow elementor-section-boxed elementor-section-height-default elementor-section-height-default elementor-invisible\" data-id=\"e2aafe5\" data-element_type=\"section\" data-e-type=\"section\" data-settings=\"{&quot;motion_fx_motion_fx_scrolling&quot;:&quot;yes&quot;,&quot;animation&quot;:&quot;fadeIn&quot;,&quot;motion_fx_devices&quot;:[&quot;desktop&quot;,&quot;tablet&quot;,&quot;mobile&quot;]}\">\n\t\t\t\t\t\t<div class=\"elementor-container elementor-column-gap-default\">\n\t\t\t\t\t<div class=\"elementor-column elementor-col-100 elementor-top-column elementor-element elementor-element-f6c20b2\" data-id=\"f6c20b2\" data-element_type=\"column\" data-e-type=\"column\">\n\t\t\t<div class=\"elementor-widget-wrap elementor-element-populated\">\n\t\t\t\t\t\t<div class=\"elementor-element elementor-element-e72f78d elementor-widget__width-initial elementor-widget elementor-widget-text-editor\" data-id=\"e72f78d\" data-element_type=\"widget\" data-e-type=\"widget\" data-widget_type=\"text-editor.default\">\n\t\t\t\t<div class=\"elementor-widget-container\">\n\t\t\t\t\t\t\t\t\t<p>Jokaisen Satamunan tuottajan tulee noudattaa yleisi\u00e4 el\u00e4inten hyvinvointiin liittyvi\u00e4 s\u00e4\u00e4d\u00f6ksi\u00e4. T\u00e4h\u00e4n kuuluvat mm. n\u00e4ytteiden otot tuotantoerist\u00e4. Suurin osa sopimustuottajistamme on hankkinut kanakantansa perheyritykselt\u00e4mme ja tuottanut kananmunia ohjeidemme mukaisesti ja n\u00e4in t\u00e4ytt\u00e4nyt tiukat laatuvaatimuksemme.<\/p>\t\t\t\t\t\t\t\t<\/div>\n\t\t\t\t<\/div>\n\t\t\t\t\t<\/div>\n\t\t<\/div>\n\t\t\t\t\t<\/div>\n\t\t<\/section>\n\t\t\t\t<section class=\"elementor-section elementor-top-section elementor-element elementor-element-e69373b animated-slow elementor-section-boxed elementor-section-height-default elementor-section-height-default elementor-invisible\" data-id=\"e69373b\" data-element_type=\"section\" data-e-type=\"section\" data-settings=\"{&quot;motion_fx_motion_fx_scrolling&quot;:&quot;yes&quot;,&quot;animation&quot;:&quot;fadeIn&quot;,&quot;motion_fx_devices&quot;:[&quot;desktop&quot;,&quot;tablet&quot;,&quot;mobile&quot;]}\">\n\t\t\t\t\t\t<div class=\"elementor-container elementor-column-gap-default\">\n\t\t\t\t\t<div class=\"elementor-column elementor-col-100 elementor-top-column elementor-element elementor-element-401456f\" data-id=\"401456f\" data-element_type=\"column\" data-e-type=\"column\">\n\t\t\t<div class=\"elementor-widget-wrap elementor-element-populated\">\n\t\t\t\t\t\t<div class=\"elementor-element elementor-element-fc55879 elementor-widget elementor-widget-heading\" data-id=\"fc55879\" data-element_type=\"widget\" data-e-type=\"widget\" data-widget_type=\"heading.default\">\n\t\t\t\t<div class=\"elementor-widget-container\">\n\t\t\t\t\t<h3 class=\"elementor-heading-title elementor-size-default\">Haluatko aloittaa yhteisty\u00f6n kanssamme?<\/h3>\t\t\t\t<\/div>\n\t\t\t\t<\/div>\n\t\t\t\t\t<\/div>\n\t\t<\/div>\n\t\t\t\t\t<\/div>\n\t\t<\/section>\n\t\t\t\t<section class=\"elementor-section elementor-top-section elementor-element elementor-element-3d42585 animated-slow elementor-section-boxed elementor-section-height-default elementor-section-height-default elementor-invisible\" data-id=\"3d42585\" data-element_type=\"section\" data-e-type=\"section\" data-settings=\"{&quot;motion_fx_motion_fx_scrolling&quot;:&quot;yes&quot;,&quot;animation&quot;:&quot;fadeIn&quot;,&quot;motion_fx_devices&quot;:[&quot;desktop&quot;,&quot;tablet&quot;,&quot;mobile&quot;]}\">\n\t\t\t\t\t\t<div class=\"elementor-container elementor-column-gap-default\">\n\t\t\t\t\t<div class=\"elementor-column elementor-col-100 elementor-top-column elementor-element elementor-element-0bf8fa2\" data-id=\"0bf8fa2\" data-element_type=\"column\" data-e-type=\"column\">\n\t\t\t<div class=\"elementor-widget-wrap elementor-element-populated\">\n\t\t\t\t\t\t<div class=\"elementor-element elementor-element-bcab768 elementor-widget elementor-widget-text-editor\" data-id=\"bcab768\" data-element_type=\"widget\" data-e-type=\"widget\" data-widget_type=\"text-editor.default\">\n\t\t\t\t<div class=\"elementor-widget-container\">\n\t\t\t\t\t\t\t\t\t<p>Pystymme olemaan luotettava yhteisty\u00f6kumppani sopimustuottajalle, on kyseess\u00e4 sitten virikeh\u00e4kki-, lattia-, luomu- tai laidunkananmunien tuotanto. T\u00e4st\u00e4 kertoo tasainen liikevaihtomme kasvu sek\u00e4 eritt\u00e4in v\u00e4h\u00e4inen vaihtuvuus sopimustuottajissamme. Vuonna 2020 pakkasimme jo noin\u00a0 15 % Suomessa tuotetuista munista. Hankimme kananmunia koko Suomen alueelta, niin isommilta kuin pienemmilt\u00e4kin tiloilta. Meille mik\u00e4\u00e4n logistinen haaste tai partian koko ei ole ongelma.<br \/><br \/><\/p><p><strong>Mik\u00e4li olet kiinnostunut, soita numeroon<\/strong><strong> +358 2 865 5019<\/strong><\/p>\t\t\t\t\t\t\t\t<\/div>\n\t\t\t\t<\/div>\n\t\t\t\t\t<\/div>\n\t\t<\/div>\n\t\t\t\t\t<\/div>\n\t\t<\/section>\n\t\t\t\t<section class=\"elementor-section elementor-top-section elementor-element elementor-element-c1d1ee3 animated-slow elementor-section-boxed elementor-section-height-default elementor-section-height-default elementor-invisible\" data-id=\"c1d1ee3\" data-element_type=\"section\" data-e-type=\"section\" data-settings=\"{&quot;motion_fx_motion_fx_scrolling&quot;:&quot;yes&quot;,&quot;animation&quot;:&quot;fadeIn&quot;,&quot;motion_fx_devices&quot;:[&quot;desktop&quot;,&quot;tablet&quot;,&quot;mobile&quot;]}\">\n\t\t\t\t\t\t<div class=\"elementor-container elementor-column-gap-default\">\n\t\t\t\t\t<div class=\"elementor-column elementor-col-100 elementor-top-column elementor-element elementor-element-44c3de2\" data-id=\"44c3de2\" data-element_type=\"column\" data-e-type=\"column\">\n\t\t\t<div class=\"elementor-widget-wrap elementor-element-populated\">\n\t\t\t\t\t\t<div class=\"elementor-element elementor-element-60aedc6 elementor-widget elementor-widget-heading\" data-id=\"60aedc6\" data-element_type=\"widget\" data-e-type=\"widget\" data-widget_type=\"heading.default\">\n\t\t\t\t<div class=\"elementor-widget-container\">\n\t\t\t\t\t<h3 class=\"elementor-heading-title elementor-size-default\">T\u00e4ss\u00e4 muutamia hyvi\u00e4 syit\u00e4 toimia tuottajanamme<\/h3>\t\t\t\t<\/div>\n\t\t\t\t<\/div>\n\t\t\t\t\t<\/div>\n\t\t<\/div>\n\t\t\t\t\t<\/div>\n\t\t<\/section>\n\t\t\t\t<section class=\"elementor-section elementor-top-section elementor-element elementor-element-a573fbf animated-slow elementor-section-boxed elementor-section-height-default elementor-section-height-default elementor-invisible\" data-id=\"a573fbf\" data-element_type=\"section\" data-e-type=\"section\" data-settings=\"{&quot;motion_fx_motion_fx_scrolling&quot;:&quot;yes&quot;,&quot;animation&quot;:&quot;fadeIn&quot;,&quot;motion_fx_devices&quot;:[&quot;desktop&quot;,&quot;tablet&quot;,&quot;mobile&quot;]}\">\n\t\t\t\t\t\t<div class=\"elementor-container elementor-column-gap-default\">\n\t\t\t\t\t<div class=\"elementor-column elementor-col-50 elementor-top-column elementor-element elementor-element-694f4bf\" data-id=\"694f4bf\" data-element_type=\"column\" data-e-type=\"column\">\n\t\t\t<div class=\"elementor-widget-wrap\">\n\t\t\t\t\t\t\t<\/div>\n\t\t<\/div>\n\t\t\t\t<div class=\"elementor-column elementor-col-50 elementor-top-column elementor-element elementor-element-bcd0c4b\" data-id=\"bcd0c4b\" data-element_type=\"column\" data-e-type=\"column\">\n\t\t\t<div class=\"elementor-widget-wrap elementor-element-populated\">\n\t\t\t\t\t\t<div class=\"elementor-element elementor-element-fc2b567 elementor-widget elementor-widget-text-editor\" data-id=\"fc2b567\" data-element_type=\"widget\" data-e-type=\"widget\" data-widget_type=\"text-editor.default\">\n\t\t\t\t<div class=\"elementor-widget-container\">\n\t\t\t\t\t\t\t\t\t<p><b>1. Yli sata vuotta yht\u00e4jaksoisesti jatkunut kanatalouden harjoittaminen<\/b> luo taloudellisesti ja tietotaidollisesti vahvan ja turvallisen perustan yhteisty\u00f6lle. Suomen laaja-alaisimman kanatalouden kokemuksen omaavina osaamme opastaa tuottajiamme jokaisessa tuotantoa askarruttavassa asiassa.<\/p><p>\u00a0<\/p><p><b>2. Ideologiamme ei ole markkinaosuustaistossa.<\/b> Markkinoimme sopimustuottajiemme munat mahdollisimman laajalle asiakaspiirille niin koti- kuin ulkomaisillekin asiakkaille. T\u00e4m\u00e4n ansiosta sopimustuottajamme saavat pitk\u00e4ss\u00e4 juoksussa parhaan markkinoilta saatavan hinnan sek\u00e4 turvan markkinah\u00e4iri\u00f6ilt\u00e4, kun munat on jaettu useaan eri koriin. Pakkaamiamme kananmunia l\u00f6ytyy l\u00e4hes jokaisesta Suomen kyl\u00e4st\u00e4, kuin my\u00f6s tarpeiden ja tilanteiden mukaan l\u00e4hes 20 eri maan vientimarkkinoilta. Vuonna 2020 viennin osuus oli miltei 50% suomen kuorimunien viennist\u00e4.<\/p><p>\u00a0<\/p><p><b>3. Kotimaisuus.<\/b> Meid\u00e4n omistuspohjamme on 100% suomalainen. Vaikka kotimainen omistajuus itsess\u00e4\u00e4nkin on jo mainio asia, niin siit\u00e4 on etua my\u00f6s kananmunien markkinoinnissa. Meille ulkolainen osaomistajuus ei luo rajoitteita ulkomaanmyynnille.<\/p><p>\u00a0<\/p><p><b>4. Yritt\u00e4j\u00e4vetoisuus. <\/b>Kun yrityksess\u00e4 ei ole raskasta organisaatiota, niin t\u00e4ten my\u00f6s v\u00e4lik\u00e4si\u00e4 on v\u00e4hemm\u00e4n. Kun markkinatilanteet muuttuvat, olemme nopeasti uusiin tilanteisiin sopeutuvaisia. Meill\u00e4 on aito kiinnostus alaa kohtaan, seuraamme hetki hetkelt\u00e4 maailman markkinan\u00e4kymi\u00e4, satoennusteita, tuotantotilanteita ja kaikkea, mik\u00e4 voi vaikuttaa munantuotantoon.T\u00e4st\u00e4 hyv\u00e4 esimerkki on v. 2010 tunnistettu vastuullisuuslinjaus joka astuu isoilta osin voimaan v. 2025 my\u00f6s suomessa. Onnistuimme v\u00e4ltt\u00e4m\u00e4\u00e4n monet investoinnit ennakoinnilla, jotka uhkaavat j\u00e4\u00e4d\u00e4 vain siirtym\u00e4kauden tuotantomuotoinvestoinniksi.<\/p><p>\u00a0<\/p><p><b>5. Halu kehitt\u00e4\u00e4 alati omaa toimintaa.<\/b> Esimerkkein\u00e4 mainittakoon mm. Webbiportaali. Olemme luoneet jokaiselle sopimustuottajallemme tunnukset webbiportaaliin, jossa partian munien keskipainoa, munam\u00e4\u00e4r\u00e4\u00e4, laatuluokkia yms. tuottaja voi itse seurata heti, kun munat on pakattu, ja n\u00e4in saada reaaliaikaista tietoa tuotannon kehittymisest\u00e4. N\u00e4in on helpompi mietti\u00e4 esim. tulevaa rehustusta. Webbiin tallentuvat my\u00f6s edellisten partioiden tiedot, joten kunkin sopimustuottajan on mahdollista verrata esim. eri tuotantotoimenpidemuutosten vaikutuksia aiempiin vuosiin ja optimoida n\u00e4in paras mahdollinen tuotantotulos.<\/p><p>\u00a0<\/p><p><b>6. Keruumahdollisuudet <\/b>niin rullakoilla kuin lavoilla, perinteisill\u00e4 pahvikennoilla tai uudentyyppisill\u00e4 muovista valmistetuilla keruuj\u00e4rjestelm\u00e4ll\u00e4. Jokaiselle tilalle optimoitu kuljetuskalusto, on sitten kyseess\u00e4 pienempi kuorma-auto, isot tilat mahdollistava puoliper\u00e4vaunu tai erilaisiin keruulenkkeihin soveltuva moduulimittainen yhdistelm\u00e4ajoneuvo.<\/p><p>\u00a0<\/p><p><b>7. Mahdollisuus ja kokemus sertifioida tiloja. <\/b>Pakkaamomme sek\u00e4 osa lattiamunia tuottavista sopimustuottajistamme on sertifioitu Saksalaisten KAT-sertifiointien mukaan. Vaihtelevissa tuotantotilanteissa meill\u00e4 on t\u00e4ydet edellytykset toimittaa kananmunia my\u00f6s keskieurooppalaisten kuluttajien ruokap\u00f6ytiin. Vailla sertifikaattia olevat kananmunat tuotantotavasta riippumatta paljolti kelpaavat vain munamassan raaka-aineiksi, joten n\u00e4in saamme my\u00f6s vientimarkkinoilta paremman edun. Voimme anoa KAT-sertifikaatin my\u00f6s luomutuotettuihin kananmuniin.<\/p><p>\u00a0<\/p><p><b>8. Mik\u00e4li k\u00e4yt\u00f6ss\u00e4si on viel\u00e4 perheyrityksiemme PanEgg Oy:n kautta hankitut kanalalaitteistot tai niiden osat tai Haaviston Siitoskanalan H&amp;N valkoiset tai Bovans ruskeat kanat, niin hy\u00f6dyt my\u00f6s t\u00e4ss\u00e4 pakkaamoyhteisty\u00f6ss\u00e4. <\/b>Me n\u00e4emme v\u00e4litt\u00f6m\u00e4sti mahdolliset laatu- tai kokopoikkeamat tuotannossanne. Saatamme ottaa teihin yhteytt\u00e4 heti, vaikka et itse olisi v\u00e4ltt\u00e4m\u00e4tt\u00e4 edes huomannut muutosta. N\u00e4in mahdolliset harmit tai kehitysideat saadaan heti ratkaistua ja s\u00e4\u00e4stet\u00e4\u00e4n rutkasti euroja. My\u00f6s esim. tarviketoimituksia on helppo yhdist\u00e4\u00e4 keruulenkkeihin, jolloin saadaan nopeat varaosatoimitukset ja edulliset kuljetukset aikaan. Kun tunnemme kanat parhaillaan jopa kaksi sukupolvea taaksep\u00e4in sek\u00e4 laitteiston aina piirustusp\u00f6yd\u00e4lt\u00e4 l\u00e4htien, meid\u00e4n on helppo auttaa ja opastaa sopimustuottajiamme.<\/p><p>\u00a0<\/p>\t\t\t\t\t\t\t\t<\/div>\n\t\t\t\t<\/div>\n\t\t\t\t\t<\/div>\n\t\t<\/div>\n\t\t\t\t\t<\/div>\n\t\t<\/section>\n\t\t\t\t<section class=\"elementor-section elementor-top-section elementor-element elementor-element-c15783f animated-slow elementor-section-boxed elementor-section-height-default elementor-section-height-default elementor-invisible\" data-id=\"c15783f\" data-element_type=\"section\" data-e-type=\"section\" data-settings=\"{&quot;motion_fx_motion_fx_scrolling&quot;:&quot;yes&quot;,&quot;animation&quot;:&quot;fadeIn&quot;,&quot;motion_fx_devices&quot;:[&quot;desktop&quot;,&quot;tablet&quot;,&quot;mobile&quot;]}\">\n\t\t\t\t\t\t<div class=\"elementor-container elementor-column-gap-default\">\n\t\t\t\t\t<div class=\"elementor-column elementor-col-100 elementor-top-column elementor-element elementor-element-51ecba2\" data-id=\"51ecba2\" data-element_type=\"column\" data-e-type=\"column\">\n\t\t\t<div class=\"elementor-widget-wrap elementor-element-populated\">\n\t\t\t\t\t\t<div class=\"elementor-element elementor-element-a04d0e3 elementor-mobile-align-justify elementor-tablet-align-center elementor-widget elementor-widget-button\" data-id=\"a04d0e3\" data-element_type=\"widget\" data-e-type=\"widget\" data-widget_type=\"button.default\">\n\t\t\t\t<div class=\"elementor-widget-container\">\n\t\t\t\t\t\t\t\t\t<div class=\"elementor-button-wrapper\">\n\t\t\t\t\t<a class=\"elementor-button elementor-button-link elementor-size-sm\" href=\"https:\/\/satamuna.fi\/wp-content\/uploads\/2022\/06\/KAT_PAKKAUS_2022.jpg\">\n\t\t\t\t\t\t<span class=\"elementor-button-content-wrapper\">\n\t\t\t\t\t\t\t\t\t<span class=\"elementor-button-text\">KAT-sertifikaatti<\/span>\n\t\t\t\t\t<\/span>\n\t\t\t\t\t<\/a>\n\t\t\t\t<\/div>\n\t\t\t\t\t\t\t\t<\/div>\n\t\t\t\t<\/div>\n\t\t\t\t\t<\/div>\n\t\t<\/div>\n\t\t\t\t\t<\/div>\n\t\t<\/section>\n\t\t\t\t<section class=\"elementor-section elementor-top-section elementor-element elementor-element-0b877bd elementor-section-boxed elementor-section-height-default elementor-section-height-default\" data-id=\"0b877bd\" data-element_type=\"section\" data-e-type=\"section\">\n\t\t\t\t\t\t<div class=\"elementor-container elementor-column-gap-default\">\n\t\t\t\t\t<div class=\"elementor-column elementor-col-100 elementor-top-column elementor-element elementor-element-4db5bdc\" data-id=\"4db5bdc\" data-element_type=\"column\" data-e-type=\"column\">\n\t\t\t<div class=\"elementor-widget-wrap elementor-element-populated\">\n\t\t\t\t\t\t<div class=\"elementor-element elementor-element-6eb6dbe elementor-widget-divider--view-line elementor-widget elementor-widget-divider\" data-id=\"6eb6dbe\" data-element_type=\"widget\" data-e-type=\"widget\" data-widget_type=\"divider.default\">\n\t\t\t\t<div class=\"elementor-widget-container\">\n\t\t\t\t\t\t\t<div class=\"elementor-divider\">\n\t\t\t<span class=\"elementor-divider-separator\">\n\t\t\t\t\t\t<\/span>\n\t\t<\/div>\n\t\t\t\t\t\t<\/div>\n\t\t\t\t<\/div>\n\t\t\t\t\t<\/div>\n\t\t<\/div>\n\t\t\t\t\t<\/div>\n\t\t<\/section>\n\t\t\t\t<\/div>\n\t\t","protected":false},"excerpt":{"rendered":"<p>https:\/\/satamuna.fi\/wp-content\/uploads\/2021\/02\/SATAMUNA-LINJASTO-960&#215;540-1.mp4 Jokaisen Satamunan tuottajan tulee noudattaa yleisi\u00e4 el\u00e4inten hyvinvointiin liittyvi\u00e4 s\u00e4\u00e4d\u00f6ksi\u00e4. T\u00e4h\u00e4n kuuluvat mm. n\u00e4ytteiden otot tuotantoerist\u00e4. Suurin osa sopimustuottajistamme on hankkinut kanakantansa perheyritykselt\u00e4mme ja tuottanut kananmunia ohjeidemme mukaisesti ja n\u00e4in t\u00e4ytt\u00e4nyt tiukat laatuvaatimuksemme. Haluatko aloittaa yhteisty\u00f6n kanssamme? Pystymme olemaan luotettava yhteisty\u00f6kumppani sopimustuottajalle, on kyseess\u00e4 sitten virikeh\u00e4kki-, lattia-, luomu- tai laidunkananmunien tuotanto. T\u00e4st\u00e4 kertoo tasainen&hellip;&nbsp;<a href=\"https:\/\/satamuna.fi\/da\/tuottajat\/\" rel=\"bookmark\">L\u00e6s mere &raquo;<span class=\"screen-reader-text\">Producenter<\/span><\/a><\/p>","protected":false},"author":1,"featured_media":0,"parent":0,"menu_order":0,"comment_status":"closed","ping_status":"closed","template":"","meta":{"neve_meta_sidebar":"","neve_meta_container":"","neve_meta_enable_content_width":"","neve_meta_content_width":0,"neve_meta_title_alignment":"","neve_meta_author_avatar":"","neve_post_elements_order":"","neve_meta_disable_header":"","neve_meta_disable_footer":"","neve_meta_disable_title":"","footnotes":""},"class_list":["post-2","page","type-page","status-publish","hentry"],"yoast_head":"<!-- This site is optimized with the Yoast SEO plugin v27.3 - https:\/\/yoast.com\/product\/yoast-seo-wordpress\/ -->\n<title>Tuottajat - SATAMUNA<\/title>\n<meta name=\"robots\" content=\"index, follow, max-snippet:-1, max-image-preview:large, max-video-preview:-1\" \/>\n<link rel=\"canonical\" href=\"https:\/\/satamuna.fi\/da\/tuottajat\/\" \/>\n<meta property=\"og:locale\" content=\"da_DK\" \/>\n<meta property=\"og:type\" content=\"article\" \/>\n<meta property=\"og:title\" content=\"Tuottajat - SATAMUNA\" \/>\n<meta property=\"og:description\" content=\"https:\/\/satamuna.fi\/wp-content\/uploads\/2021\/02\/SATAMUNA-LINJASTO-960&#215;540-1.mp4 Jokaisen Satamunan tuottajan tulee noudattaa yleisi\u00e4 el\u00e4inten hyvinvointiin liittyvi\u00e4 s\u00e4\u00e4d\u00f6ksi\u00e4. T\u00e4h\u00e4n kuuluvat mm. n\u00e4ytteiden otot tuotantoerist\u00e4. Suurin osa sopimustuottajistamme on hankkinut kanakantansa perheyritykselt\u00e4mme ja tuottanut kananmunia ohjeidemme mukaisesti ja n\u00e4in t\u00e4ytt\u00e4nyt tiukat laatuvaatimuksemme. Haluatko aloittaa yhteisty\u00f6n kanssamme? Pystymme olemaan luotettava yhteisty\u00f6kumppani sopimustuottajalle, on kyseess\u00e4 sitten virikeh\u00e4kki-, lattia-, luomu- tai laidunkananmunien tuotanto. T\u00e4st\u00e4 kertoo tasainen&hellip;&nbsp;L\u00e6s mere &raquo;Tuottajat\" \/>\n<meta property=\"og:url\" content=\"https:\/\/satamuna.fi\/da\/tuottajat\/\" \/>\n<meta property=\"og:site_name\" content=\"SATAMUNA\" \/>\n<meta property=\"article:modified_time\" content=\"2025-01-02T06:45:32+00:00\" \/>\n<meta name=\"twitter:card\" content=\"summary_large_image\" \/>\n<meta name=\"twitter:label1\" content=\"Estimeret l\u00e6setid\" \/>\n\t<meta name=\"twitter:data1\" content=\"4 minutter\" \/>\n<script type=\"application\/ld+json\" class=\"yoast-schema-graph\">{\"@context\":\"https:\\\/\\\/schema.org\",\"@graph\":[{\"@type\":\"WebPage\",\"@id\":\"https:\\\/\\\/satamuna.fi\\\/tuottajat\\\/\",\"url\":\"https:\\\/\\\/satamuna.fi\\\/tuottajat\\\/\",\"name\":\"Tuottajat - SATAMUNA\",\"isPartOf\":{\"@id\":\"https:\\\/\\\/satamuna.fi\\\/en\\\/#website\"},\"datePublished\":\"2020-01-13T10:40:35+00:00\",\"dateModified\":\"2025-01-02T06:45:32+00:00\",\"breadcrumb\":{\"@id\":\"https:\\\/\\\/satamuna.fi\\\/tuottajat\\\/#breadcrumb\"},\"inLanguage\":\"da-DK\",\"potentialAction\":[{\"@type\":\"ReadAction\",\"target\":[\"https:\\\/\\\/satamuna.fi\\\/tuottajat\\\/\"]}]},{\"@type\":\"BreadcrumbList\",\"@id\":\"https:\\\/\\\/satamuna.fi\\\/tuottajat\\\/#breadcrumb\",\"itemListElement\":[{\"@type\":\"ListItem\",\"position\":1,\"name\":\"Etusivu\",\"item\":\"https:\\\/\\\/satamuna.fi\\\/\"},{\"@type\":\"ListItem\",\"position\":2,\"name\":\"Tuottajat\"}]},{\"@type\":\"WebSite\",\"@id\":\"https:\\\/\\\/satamuna.fi\\\/en\\\/#website\",\"url\":\"https:\\\/\\\/satamuna.fi\\\/en\\\/\",\"name\":\"SATAMUNA\",\"description\":\"Se oikea soikea\",\"publisher\":{\"@id\":\"https:\\\/\\\/satamuna.fi\\\/en\\\/#organization\"},\"potentialAction\":[{\"@type\":\"SearchAction\",\"target\":{\"@type\":\"EntryPoint\",\"urlTemplate\":\"https:\\\/\\\/satamuna.fi\\\/en\\\/?s={search_term_string}\"},\"query-input\":{\"@type\":\"PropertyValueSpecification\",\"valueRequired\":true,\"valueName\":\"search_term_string\"}}],\"inLanguage\":\"da-DK\"},{\"@type\":\"Organization\",\"@id\":\"https:\\\/\\\/satamuna.fi\\\/en\\\/#organization\",\"name\":\"SATAMUNA\",\"url\":\"https:\\\/\\\/satamuna.fi\\\/en\\\/\",\"logo\":{\"@type\":\"ImageObject\",\"inLanguage\":\"da-DK\",\"@id\":\"https:\\\/\\\/satamuna.fi\\\/en\\\/#\\\/schema\\\/logo\\\/image\\\/\",\"url\":\"https:\\\/\\\/satamuna.fi\\\/wp-content\\\/uploads\\\/2021\\\/01\\\/SATAMUNA_LOGO_WWW.png\",\"contentUrl\":\"https:\\\/\\\/satamuna.fi\\\/wp-content\\\/uploads\\\/2021\\\/01\\\/SATAMUNA_LOGO_WWW.png\",\"width\":500,\"height\":140,\"caption\":\"SATAMUNA\"},\"image\":{\"@id\":\"https:\\\/\\\/satamuna.fi\\\/en\\\/#\\\/schema\\\/logo\\\/image\\\/\"}}]}<\/script>\n<!-- \/ Yoast SEO plugin. -->","yoast_head_json":{"title":"Tuottajat - SATAMUNA","robots":{"index":"index","follow":"follow","max-snippet":"max-snippet:-1","max-image-preview":"max-image-preview:large","max-video-preview":"max-video-preview:-1"},"canonical":"https:\/\/satamuna.fi\/da\/tuottajat\/","og_locale":"da_DK","og_type":"article","og_title":"Tuottajat - SATAMUNA","og_description":"https:\/\/satamuna.fi\/wp-content\/uploads\/2021\/02\/SATAMUNA-LINJASTO-960&#215;540-1.mp4 Jokaisen Satamunan tuottajan tulee noudattaa yleisi\u00e4 el\u00e4inten hyvinvointiin liittyvi\u00e4 s\u00e4\u00e4d\u00f6ksi\u00e4. T\u00e4h\u00e4n kuuluvat mm. n\u00e4ytteiden otot tuotantoerist\u00e4. Suurin osa sopimustuottajistamme on hankkinut kanakantansa perheyritykselt\u00e4mme ja tuottanut kananmunia ohjeidemme mukaisesti ja n\u00e4in t\u00e4ytt\u00e4nyt tiukat laatuvaatimuksemme. Haluatko aloittaa yhteisty\u00f6n kanssamme? Pystymme olemaan luotettava yhteisty\u00f6kumppani sopimustuottajalle, on kyseess\u00e4 sitten virikeh\u00e4kki-, lattia-, luomu- tai laidunkananmunien tuotanto. T\u00e4st\u00e4 kertoo tasainen&hellip;&nbsp;L\u00e6s mere &raquo;Tuottajat","og_url":"https:\/\/satamuna.fi\/da\/tuottajat\/","og_site_name":"SATAMUNA","article_modified_time":"2025-01-02T06:45:32+00:00","twitter_card":"summary_large_image","twitter_misc":{"Estimeret l\u00e6setid":"4 minutter"},"schema":{"@context":"https:\/\/schema.org","@graph":[{"@type":"WebPage","@id":"https:\/\/satamuna.fi\/tuottajat\/","url":"https:\/\/satamuna.fi\/tuottajat\/","name":"Tuottajat - SATAMUNA","isPartOf":{"@id":"https:\/\/satamuna.fi\/en\/#website"},"datePublished":"2020-01-13T10:40:35+00:00","dateModified":"2025-01-02T06:45:32+00:00","breadcrumb":{"@id":"https:\/\/satamuna.fi\/tuottajat\/#breadcrumb"},"inLanguage":"da-DK","potentialAction":[{"@type":"ReadAction","target":["https:\/\/satamuna.fi\/tuottajat\/"]}]},{"@type":"BreadcrumbList","@id":"https:\/\/satamuna.fi\/tuottajat\/#breadcrumb","itemListElement":[{"@type":"ListItem","position":1,"name":"Etusivu","item":"https:\/\/satamuna.fi\/"},{"@type":"ListItem","position":2,"name":"Tuottajat"}]},{"@type":"WebSite","@id":"https:\/\/satamuna.fi\/en\/#website","url":"https:\/\/satamuna.fi\/en\/","name":"SATAMUNA","description":"Se oikea soikea","publisher":{"@id":"https:\/\/satamuna.fi\/en\/#organization"},"potentialAction":[{"@type":"SearchAction","target":{"@type":"EntryPoint","urlTemplate":"https:\/\/satamuna.fi\/en\/?s={search_term_string}"},"query-input":{"@type":"PropertyValueSpecification","valueRequired":true,"valueName":"search_term_string"}}],"inLanguage":"da-DK"},{"@type":"Organization","@id":"https:\/\/satamuna.fi\/en\/#organization","name":"SATAMUNA","url":"https:\/\/satamuna.fi\/en\/","logo":{"@type":"ImageObject","inLanguage":"da-DK","@id":"https:\/\/satamuna.fi\/en\/#\/schema\/logo\/image\/","url":"https:\/\/satamuna.fi\/wp-content\/uploads\/2021\/01\/SATAMUNA_LOGO_WWW.png","contentUrl":"https:\/\/satamuna.fi\/wp-content\/uploads\/2021\/01\/SATAMUNA_LOGO_WWW.png","width":500,"height":140,"caption":"SATAMUNA"},"image":{"@id":"https:\/\/satamuna.fi\/en\/#\/schema\/logo\/image\/"}}]}},"_links":{"self":[{"href":"https:\/\/satamuna.fi\/da\/wp-json\/wp\/v2\/pages\/2","targetHints":{"allow":["GET"]}}],"collection":[{"href":"https:\/\/satamuna.fi\/da\/wp-json\/wp\/v2\/pages"}],"about":[{"href":"https:\/\/satamuna.fi\/da\/wp-json\/wp\/v2\/types\/page"}],"author":[{"embeddable":true,"href":"https:\/\/satamuna.fi\/da\/wp-json\/wp\/v2\/users\/1"}],"replies":[{"embeddable":true,"href":"https:\/\/satamuna.fi\/da\/wp-json\/wp\/v2\/comments?post=2"}],"version-history":[{"count":20,"href":"https:\/\/satamuna.fi\/da\/wp-json\/wp\/v2\/pages\/2\/revisions"}],"predecessor-version":[{"id":3399,"href":"https:\/\/satamuna.fi\/da\/wp-json\/wp\/v2\/pages\/2\/revisions\/3399"}],"wp:attachment":[{"href":"https:\/\/satamuna.fi\/da\/wp-json\/wp\/v2\/media?parent=2"}],"curies":[{"name":"wp","href":"https:\/\/api.w.org\/{rel}","templated":true}]}}